{"id":22472,"date":"2019-05-23T17:39:12","date_gmt":"2019-05-23T17:39:12","guid":{"rendered":"https:\/\/bajamar-mamia.com\/productos\/platos-preparados-mamia\/albondigas\/"},"modified":"2022-05-26T09:36:12","modified_gmt":"2022-05-26T09:36:12","slug":"boulettes-de-viande","status":"publish","type":"page","link":"https:\/\/bajamar-mamia.com\/fr\/produits\/plats-prepares-mamia\/boulettes-de-viande\/","title":{"rendered":"BOULETTES DE VIANDE"},"content":{"rendered":"<p><div class=\"fusion-fullwidth fullwidth-box fusion-builder-row-1 nonhundred-percent-fullwidth non-hundred-percent-height-scrolling\" style=\"--awb-border-radius-top-left:0px;--awb-border-radius-top-right:0px;--awb-border-radius-bottom-right:0px;--awb-border-radius-bottom-left:0px;--awb-margin-bottom:-20px;\" ><div class=\"fusion-builder-row fusion-row\"><div class=\"fusion-layout-column fusion_builder_column fusion-builder-column-0 fusion_builder_column_1_1 1_1 fusion-one-full fusion-column-first fusion-column-last\" style=\"--awb-bg-size:cover;\"><div class=\"fusion-column-wrapper fusion-column-has-shadow fusion-flex-column-wrapper-legacy\"><div class=\"fusion-title title fusion-title-1 fusion-sep-none fusion-title-text fusion-title-size-one\"><h1 class=\"title-heading-left fusion-responsive-typography-calculated\" style=\"margin:0;--fontSize:38;line-height:1.26;\">Boulettes de Viande<\/h1><\/div><div class=\"fusion-sep-clear\"><\/div><div class=\"fusion-separator fusion-clearfix\" style=\"float:left;margin-top:10px;margin-bottom:20px;width:100%;max-width:10%;\"><div class=\"fusion-separator-border sep-single sep-solid\" style=\"--awb-height:20px;--awb-amount:20px;border-color:#54b948;border-top-width:8px;\"><\/div><\/div><div class=\"fusion-sep-clear\"><\/div><div class=\"fusion-text fusion-text-1\"><p>Boulettes de viande ou au poulet, accompagn\u00e9es d\u2019une sauce savoureuse \u00e9labor\u00e9e avec soin pour que, tout comme dans la cuisine traditionnelle, sa d\u00e9gustation constitue en soi un v\u00e9ritable plaisir. Sans colorants ni conservateurs, un produit 100% naturel.<\/p>\n<\/div><div class=\"fusion-clearfix\"><\/div><\/div><\/div><\/div><\/div><div class=\"fusion-fullwidth fullwidth-box fusion-builder-row-2 nonhundred-percent-fullwidth non-hundred-percent-height-scrolling\" style=\"--awb-border-radius-top-left:0px;--awb-border-radius-top-right:0px;--awb-border-radius-bottom-right:0px;--awb-border-radius-bottom-left:0px;\" ><div class=\"fusion-builder-row fusion-row\"><div class=\"fusion-layout-column fusion_builder_column fusion-builder-column-1 fusion_builder_column_1_4 1_4 fusion-one-fourth fusion-column-first\" style=\"--awb-bg-size:cover;width:25%;width:calc(25% - ( ( 4% ) * 0.25 ) );margin-right: 4%;\"><div class=\"fusion-column-wrapper fusion-column-has-shadow fusion-flex-column-wrapper-legacy\"><div class=\"fusion-title title fusion-title-2 fusion-sep-none fusion-title-text fusion-title-size-four\"><h4 class=\"title-heading-left fusion-responsive-typography-calculated\" style=\"margin:0;--fontSize:16;--minFontSize:16;line-height:1.2;\">Boulettes<\/h4><\/div><div class=\"fusion-sep-clear\"><\/div><div class=\"fusion-separator fusion-clearfix\" style=\"float:left;margin-top:10px;margin-bottom:20px;width:100%;max-width:10%;\"><div class=\"fusion-separator-border sep-single sep-solid\" style=\"--awb-height:20px;--awb-amount:20px;border-color:#54b948;border-top-width:6px;\"><\/div><\/div><div class=\"fusion-sep-clear\"><\/div><div class=\"fusion-image-element fusion-image-align-center in-legacy-container\" style=\"text-align:center;--awb-caption-title-font-family:var(--h2_typography-font-family);--awb-caption-title-font-weight:var(--h2_typography-font-weight);--awb-caption-title-font-style:var(--h2_typography-font-style);--awb-caption-title-size:var(--h2_typography-font-size);--awb-caption-title-transform:var(--h2_typography-text-transform);--awb-caption-title-line-height:var(--h2_typography-line-height);--awb-caption-title-letter-spacing:var(--h2_typography-letter-spacing);\"><div class=\"imageframe-align-center\"><span class=\" fusion-imageframe imageframe-glow imageframe-1 hover-type-zoomin\" style=\"-webkit-box-shadow: 0 0 10px rgba(204,204,204,0.3);box-shadow: 0 0 10px rgba(204,204,204,0.3);\" class=\"image-scroll\"><a href=\"http:\/\/bajamar-mamia.com\/wp-content\/uploads\/albondigas-carne-salsa-mamia.jpg\" class=\"fusion-lightbox\" data-rel=\"iLightbox[98518e3d916508debbd]\"><img decoding=\"async\" width=\"600\" height=\"600\" alt=\"Esp\u00e1rragos D.O. Navarra Extra grueso\" src=\"http:\/\/bajamar-mamia.com\/wp-content\/uploads\/albondigas-carne-salsa-mamia.jpg\" class=\"img-responsive wp-image-22473\" srcset=\"https:\/\/bajamar-mamia.com\/wp-content\/uploads\/albondigas-carne-salsa-mamia-200x200.jpg 200w, https:\/\/bajamar-mamia.com\/wp-content\/uploads\/albondigas-carne-salsa-mamia-400x400.jpg 400w, https:\/\/bajamar-mamia.com\/wp-content\/uploads\/albondigas-carne-salsa-mamia.jpg 600w\" sizes=\"(max-width: 800px) 100vw, 400px\" \/><\/a><\/span><\/div><\/div><div class=\"fusion-sep-clear\"><\/div><div class=\"fusion-separator fusion-clearfix\" style=\"float:left;margin-top:10px;margin-bottom:10px;width:100%;max-width:10%;\"><\/div><div class=\"fusion-sep-clear\"><\/div><div class=\"fusion-text fusion-text-2\"><h6><strong><span style=\"color: #54b948;\">CAPACIT\u00c9:<\/span><\/strong> 425 ml.<br \/>\n<strong><span style=\"color: #54b948;\">P. NET:<\/span><\/strong>\u00a0400 gr.<\/h6>\n<\/div><div class=\"fusion-clearfix\"><\/div><\/div><\/div><div class=\"fusion-layout-column fusion_builder_column fusion-builder-column-2 fusion_builder_column_1_4 1_4 fusion-one-fourth fusion-column-last\" style=\"--awb-bg-size:cover;width:25%;width:calc(25% - ( ( 4% ) * 0.25 ) );\"><div class=\"fusion-column-wrapper fusion-column-has-shadow fusion-flex-column-wrapper-legacy\"><div class=\"fusion-title title fusion-title-3 fusion-sep-none fusion-title-text fusion-title-size-four\"><h4 class=\"title-heading-left fusion-responsive-typography-calculated\" style=\"margin:0;--fontSize:16;--minFontSize:16;line-height:1.2;\">Boulettes de Poulet<\/h4><\/div><div class=\"fusion-sep-clear\"><\/div><div class=\"fusion-separator fusion-clearfix\" style=\"float:left;margin-top:10px;margin-bottom:20px;width:100%;max-width:10%;\"><div class=\"fusion-separator-border sep-single sep-solid\" style=\"--awb-height:20px;--awb-amount:20px;border-color:#54b948;border-top-width:6px;\"><\/div><\/div><div class=\"fusion-sep-clear\"><\/div><div class=\"fusion-image-element fusion-image-align-center in-legacy-container\" style=\"text-align:center;--awb-caption-title-font-family:var(--h2_typography-font-family);--awb-caption-title-font-weight:var(--h2_typography-font-weight);--awb-caption-title-font-style:var(--h2_typography-font-style);--awb-caption-title-size:var(--h2_typography-font-size);--awb-caption-title-transform:var(--h2_typography-text-transform);--awb-caption-title-line-height:var(--h2_typography-line-height);--awb-caption-title-letter-spacing:var(--h2_typography-letter-spacing);\"><div class=\"imageframe-align-center\"><span class=\" fusion-imageframe imageframe-glow imageframe-2 hover-type-zoomin\" style=\"-webkit-box-shadow: 0 0 10px rgba(204,204,204,0.3);box-shadow: 0 0 10px rgba(204,204,204,0.3);\" class=\"image-scroll\"><a href=\"https:\/\/bajamar-mamia.com\/wp-content\/uploads\/albondigas-pollo-mamia.jpg\" class=\"fusion-lightbox\" data-rel=\"iLightbox[d68997c069a8c9d9f7b]\" data-title=\"albondigas-pollo-mamia\" title=\"albondigas-pollo-mamia\"><img decoding=\"async\" width=\"600\" height=\"600\" alt=\"Esp\u00e1rragos D.O. Navarra Extra grueso\" src=\"https:\/\/bajamar-mamia.com\/wp-content\/uploads\/albondigas-pollo-mamia.jpg\" class=\"img-responsive wp-image-24948\" srcset=\"https:\/\/bajamar-mamia.com\/wp-content\/uploads\/albondigas-pollo-mamia-200x200.jpg 200w, https:\/\/bajamar-mamia.com\/wp-content\/uploads\/albondigas-pollo-mamia-400x400.jpg 400w, https:\/\/bajamar-mamia.com\/wp-content\/uploads\/albondigas-pollo-mamia.jpg 600w\" sizes=\"(max-width: 800px) 100vw, 400px\" \/><\/a><\/span><\/div><\/div><div class=\"fusion-sep-clear\"><\/div><div class=\"fusion-separator fusion-clearfix\" style=\"float:left;margin-top:10px;margin-bottom:10px;width:100%;max-width:10%;\"><\/div><div class=\"fusion-sep-clear\"><\/div><div class=\"fusion-text fusion-text-3\"><h6><strong><span style=\"color: #54b948;\">CAPACIT\u00c9:<\/span><\/strong> 425 ml.<br \/>\n<strong><span style=\"color: #54b948;\">P. NET:<\/span><\/strong>\u00a0400 gr.<\/h6>\n<\/div><div class=\"fusion-clearfix\"><\/div><\/div><\/div><\/div><\/div><\/p>\n","protected":false},"excerpt":{"rendered":"","protected":false},"author":1,"featured_media":0,"parent":22431,"menu_order":4,"comment_status":"closed","ping_status":"closed","template":"","meta":[],"yoast_head":"<!-- This site is optimized with the Yoast SEO Premium plugin v20.6 (Yoast SEO v20.8) - https:\/\/yoast.com\/wordpress\/plugins\/seo\/ -->\n<title>Boulettes de Viande. Boulettes de viande ou au poulet<\/title>\n<meta name=\"description\" content=\"Boulettes de viande ou au poulet, accompagn\u00e9es d\u2019une sauce savoureuse \u00e9labor\u00e9e avec soin pour que, tout comme dans la cuisine traditionnelle.\" \/>\n<meta name=\"robots\" content=\"index, follow, max-snippet:-1, max-image-preview:large, max-video-preview:-1\" \/>\n<link rel=\"canonical\" href=\"https:\/\/bajamar-mamia.com\/fr\/produits\/plats-prepares-mamia\/boulettes-de-viande\/\" \/>\n<meta property=\"og:locale\" content=\"fr_FR\" \/>\n<meta property=\"og:type\" content=\"article\" \/>\n<meta property=\"og:title\" content=\"BOULETTES DE VIANDE\" \/>\n<meta property=\"og:description\" content=\"Boulettes de viande ou au poulet, accompagn\u00e9es d\u2019une sauce savoureuse \u00e9labor\u00e9e avec soin pour que, tout comme dans la cuisine traditionnelle.\" \/>\n<meta property=\"og:url\" content=\"https:\/\/bajamar-mamia.com\/fr\/produits\/plats-prepares-mamia\/boulettes-de-viande\/\" \/>\n<meta property=\"og:site_name\" content=\"Bajamar. Mam\u00eda\" \/>\n<meta property=\"article:publisher\" content=\"https:\/\/www.facebook.com\/bajamar.mamia\/\" \/>\n<meta property=\"article:modified_time\" content=\"2022-05-26T09:36:12+00:00\" \/>\n<meta name=\"twitter:card\" content=\"summary_large_image\" \/>\n<meta name=\"twitter:label1\" content=\"Dur\u00e9e de lecture estim\u00e9e\" \/>\n\t<meta name=\"twitter:data1\" content=\"5 minutes\" \/>\n<script type=\"application\/ld+json\" class=\"yoast-schema-graph\">{\"@context\":\"https:\/\/schema.org\",\"@graph\":[{\"@type\":\"WebPage\",\"@id\":\"https:\/\/bajamar-mamia.com\/fr\/produits\/plats-prepares-mamia\/boulettes-de-viande\/\",\"url\":\"https:\/\/bajamar-mamia.com\/fr\/produits\/plats-prepares-mamia\/boulettes-de-viande\/\",\"name\":\"Boulettes de Viande. Boulettes de viande ou au poulet\",\"isPartOf\":{\"@id\":\"https:\/\/bajamar-mamia.com\/fr\/#website\"},\"datePublished\":\"2019-05-23T17:39:12+00:00\",\"dateModified\":\"2022-05-26T09:36:12+00:00\",\"description\":\"Boulettes de viande ou au poulet, accompagn\u00e9es d\u2019une sauce savoureuse \u00e9labor\u00e9e avec soin pour que, tout comme dans la cuisine traditionnelle.\",\"breadcrumb\":{\"@id\":\"https:\/\/bajamar-mamia.com\/fr\/produits\/plats-prepares-mamia\/boulettes-de-viande\/#breadcrumb\"},\"inLanguage\":\"fr-FR\",\"potentialAction\":[{\"@type\":\"ReadAction\",\"target\":[\"https:\/\/bajamar-mamia.com\/fr\/produits\/plats-prepares-mamia\/boulettes-de-viande\/\"]}]},{\"@type\":\"BreadcrumbList\",\"@id\":\"https:\/\/bajamar-mamia.com\/fr\/produits\/plats-prepares-mamia\/boulettes-de-viande\/#breadcrumb\",\"itemListElement\":[{\"@type\":\"ListItem\",\"position\":1,\"name\":\"Portada\",\"item\":\"https:\/\/bajamar-mamia.com\/fr\/\"},{\"@type\":\"ListItem\",\"position\":2,\"name\":\"PRODUITS\",\"item\":\"https:\/\/bajamar-mamia.com\/fr\/produits\/\"},{\"@type\":\"ListItem\",\"position\":3,\"name\":\"PLATS PR\u00c9PAR\u00c9S\",\"item\":\"https:\/\/bajamar-mamia.com\/fr\/produits\/plats-prepares-mamia\/\"},{\"@type\":\"ListItem\",\"position\":4,\"name\":\"BOULETTES DE VIANDE\"}]},{\"@type\":\"WebSite\",\"@id\":\"https:\/\/bajamar-mamia.com\/fr\/#website\",\"url\":\"https:\/\/bajamar-mamia.com\/fr\/\",\"name\":\"Bajamar. Mam\u00eda\",\"description\":\"Conservas Bajamar\",\"publisher\":{\"@id\":\"https:\/\/bajamar-mamia.com\/fr\/#organization\"},\"potentialAction\":[{\"@type\":\"SearchAction\",\"target\":{\"@type\":\"EntryPoint\",\"urlTemplate\":\"https:\/\/bajamar-mamia.com\/fr\/?s={search_term_string}\"},\"query-input\":\"required name=search_term_string\"}],\"inLanguage\":\"fr-FR\"},{\"@type\":\"Organization\",\"@id\":\"https:\/\/bajamar-mamia.com\/fr\/#organization\",\"name\":\"Bajamar SA\",\"url\":\"https:\/\/bajamar-mamia.com\/fr\/\",\"logo\":{\"@type\":\"ImageObject\",\"inLanguage\":\"fr-FR\",\"@id\":\"https:\/\/bajamar-mamia.com\/fr\/#\/schema\/logo\/image\/\",\"url\":\"https:\/\/bajamar-mamia.com\/wp-content\/uploads\/logo-bajamar-mamia.png\",\"contentUrl\":\"https:\/\/bajamar-mamia.com\/wp-content\/uploads\/logo-bajamar-mamia.png\",\"width\":300,\"height\":54,\"caption\":\"Bajamar SA\"},\"image\":{\"@id\":\"https:\/\/bajamar-mamia.com\/fr\/#\/schema\/logo\/image\/\"},\"sameAs\":[\"https:\/\/www.facebook.com\/bajamar.mamia\/\"]}]}<\/script>\n<!-- \/ Yoast SEO Premium plugin. -->","yoast_head_json":{"title":"Boulettes de Viande. Boulettes de viande ou au poulet","description":"Boulettes de viande ou au poulet, accompagn\u00e9es d\u2019une sauce savoureuse \u00e9labor\u00e9e avec soin pour que, tout comme dans la cuisine traditionnelle.","robots":{"index":"index","follow":"follow","max-snippet":"max-snippet:-1","max-image-preview":"max-image-preview:large","max-video-preview":"max-video-preview:-1"},"canonical":"https:\/\/bajamar-mamia.com\/fr\/produits\/plats-prepares-mamia\/boulettes-de-viande\/","og_locale":"fr_FR","og_type":"article","og_title":"BOULETTES DE VIANDE","og_description":"Boulettes de viande ou au poulet, accompagn\u00e9es d\u2019une sauce savoureuse \u00e9labor\u00e9e avec soin pour que, tout comme dans la cuisine traditionnelle.","og_url":"https:\/\/bajamar-mamia.com\/fr\/produits\/plats-prepares-mamia\/boulettes-de-viande\/","og_site_name":"Bajamar. Mam\u00eda","article_publisher":"https:\/\/www.facebook.com\/bajamar.mamia\/","article_modified_time":"2022-05-26T09:36:12+00:00","twitter_card":"summary_large_image","twitter_misc":{"Dur\u00e9e de lecture estim\u00e9e":"5 minutes"},"schema":{"@context":"https:\/\/schema.org","@graph":[{"@type":"WebPage","@id":"https:\/\/bajamar-mamia.com\/fr\/produits\/plats-prepares-mamia\/boulettes-de-viande\/","url":"https:\/\/bajamar-mamia.com\/fr\/produits\/plats-prepares-mamia\/boulettes-de-viande\/","name":"Boulettes de Viande. Boulettes de viande ou au poulet","isPartOf":{"@id":"https:\/\/bajamar-mamia.com\/fr\/#website"},"datePublished":"2019-05-23T17:39:12+00:00","dateModified":"2022-05-26T09:36:12+00:00","description":"Boulettes de viande ou au poulet, accompagn\u00e9es d\u2019une sauce savoureuse \u00e9labor\u00e9e avec soin pour que, tout comme dans la cuisine traditionnelle.","breadcrumb":{"@id":"https:\/\/bajamar-mamia.com\/fr\/produits\/plats-prepares-mamia\/boulettes-de-viande\/#breadcrumb"},"inLanguage":"fr-FR","potentialAction":[{"@type":"ReadAction","target":["https:\/\/bajamar-mamia.com\/fr\/produits\/plats-prepares-mamia\/boulettes-de-viande\/"]}]},{"@type":"BreadcrumbList","@id":"https:\/\/bajamar-mamia.com\/fr\/produits\/plats-prepares-mamia\/boulettes-de-viande\/#breadcrumb","itemListElement":[{"@type":"ListItem","position":1,"name":"Portada","item":"https:\/\/bajamar-mamia.com\/fr\/"},{"@type":"ListItem","position":2,"name":"PRODUITS","item":"https:\/\/bajamar-mamia.com\/fr\/produits\/"},{"@type":"ListItem","position":3,"name":"PLATS PR\u00c9PAR\u00c9S","item":"https:\/\/bajamar-mamia.com\/fr\/produits\/plats-prepares-mamia\/"},{"@type":"ListItem","position":4,"name":"BOULETTES DE VIANDE"}]},{"@type":"WebSite","@id":"https:\/\/bajamar-mamia.com\/fr\/#website","url":"https:\/\/bajamar-mamia.com\/fr\/","name":"Bajamar. Mam\u00eda","description":"Conservas Bajamar","publisher":{"@id":"https:\/\/bajamar-mamia.com\/fr\/#organization"},"potentialAction":[{"@type":"SearchAction","target":{"@type":"EntryPoint","urlTemplate":"https:\/\/bajamar-mamia.com\/fr\/?s={search_term_string}"},"query-input":"required name=search_term_string"}],"inLanguage":"fr-FR"},{"@type":"Organization","@id":"https:\/\/bajamar-mamia.com\/fr\/#organization","name":"Bajamar SA","url":"https:\/\/bajamar-mamia.com\/fr\/","logo":{"@type":"ImageObject","inLanguage":"fr-FR","@id":"https:\/\/bajamar-mamia.com\/fr\/#\/schema\/logo\/image\/","url":"https:\/\/bajamar-mamia.com\/wp-content\/uploads\/logo-bajamar-mamia.png","contentUrl":"https:\/\/bajamar-mamia.com\/wp-content\/uploads\/logo-bajamar-mamia.png","width":300,"height":54,"caption":"Bajamar SA"},"image":{"@id":"https:\/\/bajamar-mamia.com\/fr\/#\/schema\/logo\/image\/"},"sameAs":["https:\/\/www.facebook.com\/bajamar.mamia\/"]}]}},"_links":{"self":[{"href":"https:\/\/bajamar-mamia.com\/fr\/wp-json\/wp\/v2\/pages\/22472"}],"collection":[{"href":"https:\/\/bajamar-mamia.com\/fr\/wp-json\/wp\/v2\/pages"}],"about":[{"href":"https:\/\/bajamar-mamia.com\/fr\/wp-json\/wp\/v2\/types\/page"}],"author":[{"embeddable":true,"href":"https:\/\/bajamar-mamia.com\/fr\/wp-json\/wp\/v2\/users\/1"}],"replies":[{"embeddable":true,"href":"https:\/\/bajamar-mamia.com\/fr\/wp-json\/wp\/v2\/comments?post=22472"}],"version-history":[{"count":10,"href":"https:\/\/bajamar-mamia.com\/fr\/wp-json\/wp\/v2\/pages\/22472\/revisions"}],"predecessor-version":[{"id":24954,"href":"https:\/\/bajamar-mamia.com\/fr\/wp-json\/wp\/v2\/pages\/22472\/revisions\/24954"}],"up":[{"embeddable":true,"href":"https:\/\/bajamar-mamia.com\/fr\/wp-json\/wp\/v2\/pages\/22431"}],"wp:attachment":[{"href":"https:\/\/bajamar-mamia.com\/fr\/wp-json\/wp\/v2\/media?parent=22472"}],"curies":[{"name":"wp","href":"https:\/\/api.w.org\/{rel}","templated":true}]}}