{"id":22431,"date":"2019-05-17T10:20:24","date_gmt":"2019-05-17T10:20:24","guid":{"rendered":"https:\/\/bajamar-mamia.com\/productos\/platos-preparados-mamia\/"},"modified":"2022-10-19T09:41:27","modified_gmt":"2022-10-19T09:41:27","slug":"plats-prepares-mamia","status":"publish","type":"page","link":"https:\/\/bajamar-mamia.com\/fr\/produits\/plats-prepares-mamia\/","title":{"rendered":"PLATS PR\u00c9PAR\u00c9S"},"content":{"rendered":"<div class=\"fusion-fullwidth fullwidth-box fusion-builder-row-1 nonhundred-percent-fullwidth non-hundred-percent-height-scrolling\" style=\"--awb-border-radius-top-left:0px;--awb-border-radius-top-right:0px;--awb-border-radius-bottom-right:0px;--awb-border-radius-bottom-left:0px;\" ><div class=\"fusion-builder-row fusion-row\"><div class=\"fusion-layout-column fusion_builder_column fusion-builder-column-0 fusion_builder_column_4_5 4_5 fusion-four-fifth fusion-column-first\" style=\"--awb-bg-size:cover;width:80%;width:calc(80% - ( ( 4% ) * 0.8 ) );margin-right: 4%;\"><div class=\"fusion-column-wrapper fusion-column-has-shadow fusion-flex-column-wrapper-legacy\"><div class=\"fusion-title title fusion-title-1 fusion-sep-none fusion-title-text fusion-title-size-one\"><h1 class=\"title-heading-left fusion-responsive-typography-calculated\" style=\"margin:0;--fontSize:38;line-height:1.26;\">Plats Pr\u00e9par\u00e9s<\/h1><\/div><div class=\"fusion-sep-clear\"><\/div><div class=\"fusion-separator fusion-clearfix\" style=\"float:left;margin-top:10px;margin-bottom:20px;width:100%;max-width:10%;\"><div class=\"fusion-separator-border sep-single sep-solid\" style=\"--awb-height:20px;--awb-amount:20px;border-color:#54b948;border-top-width:8px;\"><\/div><\/div><div class=\"fusion-sep-clear\"><\/div><div class=\"fusion-text fusion-text-1\"><p>Plats cuisin\u00e9s pr\u00eats \u00e0 r\u00e9chauffer et \u00e0 servir. Nous vous invitons \u00e0 choisir parmi une vaste s\u00e9lection de plats pr\u00e9servant toute la saveur de la cuisine traditionnelle et le meilleur de la di\u00e8te m\u00e9dit\u00e9rran\u00e9enne.<\/p>\n<\/div><div class=\"fusion-clearfix\"><\/div><\/div><\/div><div class=\"fusion-layout-column fusion_builder_column fusion-builder-column-1 fusion_builder_column_1_5 1_5 fusion-one-fifth fusion-column-last\" style=\"--awb-bg-size:cover;width:20%;width:calc(20% - ( ( 4% ) * 0.2 ) );\"><div class=\"fusion-column-wrapper fusion-column-has-shadow fusion-flex-column-wrapper-legacy\"><div class=\"fusion-image-element fusion-image-align-center in-legacy-container\" style=\"text-align:center;--awb-caption-title-font-family:var(--h2_typography-font-family);--awb-caption-title-font-weight:var(--h2_typography-font-weight);--awb-caption-title-font-style:var(--h2_typography-font-style);--awb-caption-title-size:var(--h2_typography-font-size);--awb-caption-title-transform:var(--h2_typography-text-transform);--awb-caption-title-line-height:var(--h2_typography-line-height);--awb-caption-title-letter-spacing:var(--h2_typography-letter-spacing);\"><div class=\"imageframe-align-center\"><span class=\" fusion-imageframe imageframe-none imageframe-1 hover-type-none\" class=\"image-magnify\" class=\"image-scroll\"><img decoding=\"async\" src=\"http:\/\/bajamar-mamia.com\/wp-content\/uploads\/mamia-logo.png\" alt class=\"img-responsive\"\/><\/span><\/div><\/div><div class=\"fusion-clearfix\"><\/div><\/div><\/div><div class=\"fusion-layout-column fusion_builder_column fusion-builder-column-2 fusion_builder_column_1_3 1_3 fusion-one-third fusion-column-first\" style=\"--awb-bg-size:cover;width:33.333333333333%;width:calc(33.333333333333% - ( ( 4% + 4% ) * 0.33333333333333 ) );margin-right: 4%;\"><div class=\"fusion-column-wrapper fusion-column-has-shadow fusion-flex-column-wrapper-legacy\"><div class=\"fusion-image-element in-legacy-container\" style=\"--awb-caption-title-font-family:var(--h2_typography-font-family);--awb-caption-title-font-weight:var(--h2_typography-font-weight);--awb-caption-title-font-style:var(--h2_typography-font-style);--awb-caption-title-size:var(--h2_typography-font-size);--awb-caption-title-transform:var(--h2_typography-text-transform);--awb-caption-title-line-height:var(--h2_typography-line-height);--awb-caption-title-letter-spacing:var(--h2_typography-letter-spacing);\"><span class=\" fusion-imageframe imageframe-none imageframe-2 hover-type-zoomin\" class=\"image-scroll\"><a class=\"fusion-no-lightbox\" href=\"https:\/\/bajamar-mamia.com\/fr\/produits\/plats-prepares-mamia\/poivrons-du-piquillo\/\" target=\"_self\"><img decoding=\"async\" width=\"600\" height=\"600\" alt=\"Pimientos Rellenos Mam\u00eda\" src=\"http:\/\/bajamar-mamia.com\/wp-content\/uploads\/pimientos-rellenos-mamia.jpg\" class=\"img-responsive wp-image-23013\" srcset=\"https:\/\/bajamar-mamia.com\/wp-content\/uploads\/pimientos-rellenos-mamia-200x200.jpg 200w, https:\/\/bajamar-mamia.com\/wp-content\/uploads\/pimientos-rellenos-mamia-400x400.jpg 400w, https:\/\/bajamar-mamia.com\/wp-content\/uploads\/pimientos-rellenos-mamia.jpg 600w\" sizes=\"(max-width: 800px) 100vw, 400px\" \/><\/a><\/span><\/div><div class=\"fusion-title title fusion-title-2 fusion-sep-none fusion-title-center fusion-title-text fusion-title-size-five\"><h5 class=\"title-heading-center fusion-responsive-typography-calculated\" style=\"margin:0;--fontSize:14;--minFontSize:14;line-height:1.71;\"><a href=\"https:\/\/bajamar-mamia.com\/fr\/produits\/plats-prepares-mamia\/poivrons-du-piquillo\/\">POIVRONS DU PIQUILLO<\/a><\/h5><\/div><div class=\"fusion-clearfix\"><\/div><\/div><\/div><div class=\"fusion-layout-column fusion_builder_column fusion-builder-column-3 fusion_builder_column_1_3 1_3 fusion-one-third\" style=\"--awb-bg-size:cover;width:33.333333333333%;width:calc(33.333333333333% - ( ( 4% + 4% ) * 0.33333333333333 ) );margin-right: 4%;\"><div class=\"fusion-column-wrapper fusion-column-has-shadow fusion-flex-column-wrapper-legacy\"><div class=\"fusion-image-element in-legacy-container\" style=\"--awb-caption-title-font-family:var(--h2_typography-font-family);--awb-caption-title-font-weight:var(--h2_typography-font-weight);--awb-caption-title-font-style:var(--h2_typography-font-style);--awb-caption-title-size:var(--h2_typography-font-size);--awb-caption-title-transform:var(--h2_typography-text-transform);--awb-caption-title-line-height:var(--h2_typography-line-height);--awb-caption-title-letter-spacing:var(--h2_typography-letter-spacing);\"><span class=\" fusion-imageframe imageframe-none imageframe-3 hover-type-zoomin\" class=\"image-scroll\"><a class=\"fusion-no-lightbox\" href=\"https:\/\/bajamar-mamia.com\/fr\/produits\/plats-prepares-mamia\/legumes-secs-diete-mediterraneenne\/\" target=\"_self\"><img decoding=\"async\" width=\"600\" height=\"600\" alt=\"Dieta Mediterr\u00e1nea Mam\u00eda\" src=\"http:\/\/bajamar-mamia.com\/wp-content\/uploads\/dieta-mediterranea-mamia.jpg\" class=\"img-responsive wp-image-23011\" srcset=\"https:\/\/bajamar-mamia.com\/wp-content\/uploads\/dieta-mediterranea-mamia-200x200.jpg 200w, https:\/\/bajamar-mamia.com\/wp-content\/uploads\/dieta-mediterranea-mamia-400x400.jpg 400w, https:\/\/bajamar-mamia.com\/wp-content\/uploads\/dieta-mediterranea-mamia.jpg 600w\" sizes=\"(max-width: 800px) 100vw, 400px\" \/><\/a><\/span><\/div><div class=\"fusion-title title fusion-title-3 fusion-sep-none fusion-title-center fusion-title-text fusion-title-size-five\"><h5 class=\"title-heading-center fusion-responsive-typography-calculated\" style=\"margin:0;--fontSize:14;--minFontSize:14;line-height:1.71;\"><a href=\"https:\/\/bajamar-mamia.com\/fr\/produits\/plats-prepares-mamia\/legumes-secs-diete-mediterraneenne\/\">L\u00c9GUMES SECS<br \/>\nDI\u00c8TE M\u00c9DIT\u00c9RRAN\u00c9ENNE<\/a><\/h5><\/div><div class=\"fusion-clearfix\"><\/div><\/div><\/div><div class=\"fusion-layout-column fusion_builder_column fusion-builder-column-4 fusion_builder_column_1_3 1_3 fusion-one-third fusion-column-last\" style=\"--awb-bg-size:cover;width:33.333333333333%;width:calc(33.333333333333% - ( ( 4% + 4% ) * 0.33333333333333 ) );\"><div class=\"fusion-column-wrapper fusion-column-has-shadow fusion-flex-column-wrapper-legacy\"><div class=\"fusion-image-element in-legacy-container\" style=\"--awb-caption-title-font-family:var(--h2_typography-font-family);--awb-caption-title-font-weight:var(--h2_typography-font-weight);--awb-caption-title-font-style:var(--h2_typography-font-style);--awb-caption-title-size:var(--h2_typography-font-size);--awb-caption-title-transform:var(--h2_typography-text-transform);--awb-caption-title-line-height:var(--h2_typography-line-height);--awb-caption-title-letter-spacing:var(--h2_typography-letter-spacing);\"><span class=\" fusion-imageframe imageframe-none imageframe-4 hover-type-zoomin\" class=\"image-scroll\"><a class=\"fusion-no-lightbox\" href=\"https:\/\/bajamar-mamia.com\/fr\/produits\/plats-prepares-mamia\/boulettes-de-viande\/\" target=\"_self\"><img decoding=\"async\" width=\"600\" height=\"600\" alt=\"Alb\u00f3ndigas Mam\u00eda\" src=\"http:\/\/bajamar-mamia.com\/wp-content\/uploads\/albondigas-mamia.jpg\" class=\"img-responsive wp-image-23010\" srcset=\"https:\/\/bajamar-mamia.com\/wp-content\/uploads\/albondigas-mamia-200x200.jpg 200w, https:\/\/bajamar-mamia.com\/wp-content\/uploads\/albondigas-mamia-400x400.jpg 400w, https:\/\/bajamar-mamia.com\/wp-content\/uploads\/albondigas-mamia.jpg 600w\" sizes=\"(max-width: 800px) 100vw, 400px\" \/><\/a><\/span><\/div><div class=\"fusion-title title fusion-title-4 fusion-sep-none fusion-title-center fusion-title-text fusion-title-size-five\"><h5 class=\"title-heading-center fusion-responsive-typography-calculated\" style=\"margin:0;--fontSize:14;--minFontSize:14;line-height:1.71;\"><a href=\"https:\/\/bajamar-mamia.com\/fr\/produits\/plats-prepares-mamia\/boulettes-de-viande\/\">BOULETTES DE VIANDE<\/a><\/h5><\/div><div class=\"fusion-clearfix\"><\/div><\/div><\/div><div class=\"fusion-layout-column fusion_builder_column fusion-builder-column-5 fusion_builder_column_1_3 1_3 fusion-one-third fusion-column-first\" style=\"--awb-bg-size:cover;width:33.333333333333%;width:calc(33.333333333333% - ( ( 4% + 4% ) * 0.33333333333333 ) );margin-right: 4%;\"><div class=\"fusion-column-wrapper fusion-column-has-shadow fusion-flex-column-wrapper-legacy\"><div class=\"fusion-image-element in-legacy-container\" style=\"--awb-caption-title-font-family:var(--h2_typography-font-family);--awb-caption-title-font-weight:var(--h2_typography-font-weight);--awb-caption-title-font-style:var(--h2_typography-font-style);--awb-caption-title-size:var(--h2_typography-font-size);--awb-caption-title-transform:var(--h2_typography-text-transform);--awb-caption-title-line-height:var(--h2_typography-line-height);--awb-caption-title-letter-spacing:var(--h2_typography-letter-spacing);\"><span class=\" fusion-imageframe imageframe-none imageframe-5 hover-type-zoomin\" class=\"image-scroll\"><a class=\"fusion-no-lightbox\" href=\"https:\/\/bajamar-mamia.com\/fr\/produits\/plats-prepares-mamia\/potages\/\" target=\"_self\" aria-label=\"potajes-mamia-1\"><img decoding=\"async\" width=\"600\" height=\"600\" alt=\"Potajes Mam\u00eda\" src=\"https:\/\/bajamar-mamia.com\/wp-content\/uploads\/potajes-mamia-1.jpg\" class=\"img-responsive wp-image-25325\" srcset=\"https:\/\/bajamar-mamia.com\/wp-content\/uploads\/potajes-mamia-1-200x200.jpg 200w, https:\/\/bajamar-mamia.com\/wp-content\/uploads\/potajes-mamia-1-400x400.jpg 400w, https:\/\/bajamar-mamia.com\/wp-content\/uploads\/potajes-mamia-1.jpg 600w\" sizes=\"(max-width: 800px) 100vw, 400px\" \/><\/a><\/span><\/div><div class=\"fusion-title title fusion-title-5 fusion-sep-none fusion-title-center fusion-title-text fusion-title-size-five\"><h5 class=\"title-heading-center fusion-responsive-typography-calculated\" style=\"margin:0;--fontSize:14;--minFontSize:14;line-height:1.71;\"><a href=\"https:\/\/bajamar-mamia.com\/fr\/produits\/plats-prepares-mamia\/potages\/\">POTAGES<\/a><\/h5><\/div><div class=\"fusion-clearfix\"><\/div><\/div><\/div><div class=\"fusion-layout-column fusion_builder_column fusion-builder-column-6 fusion_builder_column_1_3 1_3 fusion-one-third\" style=\"--awb-bg-size:cover;width:33.333333333333%;width:calc(33.333333333333% - ( ( 4% + 4% ) * 0.33333333333333 ) );margin-right: 4%;\"><div class=\"fusion-column-wrapper fusion-column-has-shadow fusion-flex-column-wrapper-legacy\"><div class=\"fusion-image-element in-legacy-container\" style=\"--awb-caption-title-font-family:var(--h2_typography-font-family);--awb-caption-title-font-weight:var(--h2_typography-font-weight);--awb-caption-title-font-style:var(--h2_typography-font-style);--awb-caption-title-size:var(--h2_typography-font-size);--awb-caption-title-transform:var(--h2_typography-text-transform);--awb-caption-title-line-height:var(--h2_typography-line-height);--awb-caption-title-letter-spacing:var(--h2_typography-letter-spacing);\"><span class=\" fusion-imageframe imageframe-none imageframe-6 hover-type-zoomin\" class=\"image-scroll\"><a class=\"fusion-no-lightbox\" href=\"https:\/\/bajamar-mamia.com\/fr\/produits\/plats-prepares-mamia\/legumes-secs-cuisines\/\" target=\"_self\"><img decoding=\"async\" width=\"600\" height=\"600\" alt=\"Legumbres Cocinadas Mam\u00eda\" src=\"http:\/\/bajamar-mamia.com\/wp-content\/uploads\/legumbres-cocinadas-mamia.jpg\" class=\"img-responsive wp-image-23012\" srcset=\"https:\/\/bajamar-mamia.com\/wp-content\/uploads\/legumbres-cocinadas-mamia-200x200.jpg 200w, https:\/\/bajamar-mamia.com\/wp-content\/uploads\/legumbres-cocinadas-mamia-400x400.jpg 400w, https:\/\/bajamar-mamia.com\/wp-content\/uploads\/legumbres-cocinadas-mamia.jpg 600w\" sizes=\"(max-width: 800px) 100vw, 400px\" \/><\/a><\/span><\/div><div class=\"fusion-title title fusion-title-6 fusion-sep-none fusion-title-center fusion-title-text fusion-title-size-five\"><h5 class=\"title-heading-center fusion-responsive-typography-calculated\" style=\"margin:0;--fontSize:14;--minFontSize:14;line-height:1.71;\"><a href=\"https:\/\/bajamar-mamia.com\/fr\/produits\/plats-prepares-mamia\/legumes-secs-cuisines\/\">L\u00c9GUMES SECS CUISIN\u00c9S<\/a><\/h5><\/div><div class=\"fusion-clearfix\"><\/div><\/div><\/div><div class=\"fusion-layout-column fusion_builder_column fusion-builder-column-7 fusion_builder_column_1_3 1_3 fusion-one-third fusion-column-last\" style=\"--awb-bg-size:cover;width:33.333333333333%;width:calc(33.333333333333% - ( ( 4% + 4% ) * 0.33333333333333 ) );\"><div class=\"fusion-column-wrapper fusion-column-has-shadow fusion-flex-column-wrapper-legacy\"><div class=\"fusion-image-element in-legacy-container\" style=\"--awb-caption-title-font-family:var(--h2_typography-font-family);--awb-caption-title-font-weight:var(--h2_typography-font-weight);--awb-caption-title-font-style:var(--h2_typography-font-style);--awb-caption-title-size:var(--h2_typography-font-size);--awb-caption-title-transform:var(--h2_typography-text-transform);--awb-caption-title-line-height:var(--h2_typography-line-height);--awb-caption-title-letter-spacing:var(--h2_typography-letter-spacing);\"><span class=\" fusion-imageframe imageframe-none imageframe-7 hover-type-zoomin\" class=\"image-scroll\"><a class=\"fusion-no-lightbox\" href=\"https:\/\/bajamar-mamia.com\/fr\/produits\/plats-prepares-mamia\/specialites\/\" target=\"_self\"><img decoding=\"async\" width=\"600\" height=\"600\" alt=\"Especialidades Mam\u00eda\" src=\"http:\/\/bajamar-mamia.com\/wp-content\/uploads\/especialidades-mamia.jpg\" class=\"img-responsive wp-image-23002\" srcset=\"https:\/\/bajamar-mamia.com\/wp-content\/uploads\/especialidades-mamia-200x200.jpg 200w, https:\/\/bajamar-mamia.com\/wp-content\/uploads\/especialidades-mamia-400x400.jpg 400w, https:\/\/bajamar-mamia.com\/wp-content\/uploads\/especialidades-mamia.jpg 600w\" sizes=\"(max-width: 800px) 100vw, 400px\" \/><\/a><\/span><\/div><div class=\"fusion-title title fusion-title-7 fusion-sep-none fusion-title-center fusion-title-text fusion-title-size-five\"><h5 class=\"title-heading-center fusion-responsive-typography-calculated\" style=\"margin:0;--fontSize:14;--minFontSize:14;line-height:1.71;\"><a href=\"https:\/\/bajamar-mamia.com\/fr\/produits\/plats-prepares-mamia\/specialites\/\">SPECIALITES<\/a><\/h5><\/div><div class=\"fusion-clearfix\"><\/div><\/div><\/div><div class=\"fusion-layout-column fusion_builder_column fusion-builder-column-8 fusion_builder_column_1_3 1_3 fusion-one-third fusion-column-first\" style=\"--awb-bg-size:cover;width:33.333333333333%;width:calc(33.333333333333% - ( ( 4% ) * 0.33333333333333 ) );margin-right: 4%;\"><div class=\"fusion-column-wrapper fusion-column-has-shadow fusion-flex-column-wrapper-legacy\"><div class=\"fusion-image-element in-legacy-container\" style=\"--awb-caption-title-font-family:var(--h2_typography-font-family);--awb-caption-title-font-weight:var(--h2_typography-font-weight);--awb-caption-title-font-style:var(--h2_typography-font-style);--awb-caption-title-size:var(--h2_typography-font-size);--awb-caption-title-transform:var(--h2_typography-text-transform);--awb-caption-title-line-height:var(--h2_typography-line-height);--awb-caption-title-letter-spacing:var(--h2_typography-letter-spacing);\"><span class=\" fusion-imageframe imageframe-none imageframe-8 hover-type-zoomin\" class=\"image-scroll\"><a class=\"fusion-no-lightbox\" href=\"https:\/\/bajamar-mamia.com\/fr\/produits\/plats-prepares-mamia\/diete-en-creme\/\" target=\"_self\" aria-label=\"dieta-crema-mamia\"><img decoding=\"async\" width=\"400\" height=\"400\" alt=\"Dieta en Crema Mam\u00eda\" src=\"https:\/\/bajamar-mamia.com\/wp-content\/uploads\/dieta-crema-mamia-1.jpg\" class=\"img-responsive wp-image-23973\" srcset=\"https:\/\/bajamar-mamia.com\/wp-content\/uploads\/dieta-crema-mamia-1-200x200.jpg 200w, https:\/\/bajamar-mamia.com\/wp-content\/uploads\/dieta-crema-mamia-1.jpg 400w\" sizes=\"(max-width: 800px) 100vw, 400px\" \/><\/a><\/span><\/div><div class=\"fusion-title title fusion-title-8 fusion-sep-none fusion-title-center fusion-title-text fusion-title-size-five\"><h5 class=\"title-heading-center fusion-responsive-typography-calculated\" style=\"margin:0;--fontSize:14;--minFontSize:14;line-height:1.71;\"><a href=\"https:\/\/bajamar-mamia.com\/fr\/produits\/plats-prepares-mamia\/diete-en-creme\/\">DI\u00c8TE EN CR\u00c8ME<\/a><\/h5><\/div><div class=\"fusion-clearfix\"><\/div><\/div><\/div><\/div><\/div>\n","protected":false},"excerpt":{"rendered":"","protected":false},"author":1,"featured_media":0,"parent":22240,"menu_order":2,"comment_status":"closed","ping_status":"closed","template":"","meta":[],"yoast_head":"<!-- This site is optimized with the Yoast SEO Premium plugin v20.6 (Yoast SEO v20.8) - https:\/\/yoast.com\/wordpress\/plugins\/seo\/ -->\n<title>Plats Pr\u00e9par\u00e9s. Plats cuisin\u00e9s pr\u00eats \u00e0 r\u00e9chauffer et \u00e0 servir<\/title>\n<meta name=\"description\" content=\"Plats cuisin\u00e9s pr\u00eats \u00e0 r\u00e9chauffer et \u00e0 servir. Nous vous invitons \u00e0 choisir parmi une vaste s\u00e9lection de plats pr\u00e9servant toute la saveur.\" \/>\n<meta name=\"robots\" content=\"index, follow, max-snippet:-1, max-image-preview:large, max-video-preview:-1\" \/>\n<link rel=\"canonical\" href=\"https:\/\/bajamar-mamia.com\/fr\/produits\/plats-prepares-mamia\/\" \/>\n<meta property=\"og:locale\" content=\"fr_FR\" \/>\n<meta property=\"og:type\" content=\"article\" \/>\n<meta property=\"og:title\" content=\"PLATS PR\u00c9PAR\u00c9S\" \/>\n<meta property=\"og:description\" content=\"Plats cuisin\u00e9s pr\u00eats \u00e0 r\u00e9chauffer et \u00e0 servir. Nous vous invitons \u00e0 choisir parmi une vaste s\u00e9lection de plats pr\u00e9servant toute la saveur.\" \/>\n<meta property=\"og:url\" content=\"https:\/\/bajamar-mamia.com\/fr\/produits\/plats-prepares-mamia\/\" \/>\n<meta property=\"og:site_name\" content=\"Bajamar. Mam\u00eda\" \/>\n<meta property=\"article:publisher\" content=\"https:\/\/www.facebook.com\/bajamar.mamia\/\" \/>\n<meta property=\"article:modified_time\" content=\"2022-10-19T09:41:27+00:00\" \/>\n<meta name=\"twitter:card\" content=\"summary_large_image\" \/>\n<meta name=\"twitter:label1\" content=\"Dur\u00e9e de lecture estim\u00e9e\" \/>\n\t<meta name=\"twitter:data1\" content=\"10 minutes\" \/>\n<script type=\"application\/ld+json\" class=\"yoast-schema-graph\">{\"@context\":\"https:\/\/schema.org\",\"@graph\":[{\"@type\":\"WebPage\",\"@id\":\"https:\/\/bajamar-mamia.com\/fr\/produits\/plats-prepares-mamia\/\",\"url\":\"https:\/\/bajamar-mamia.com\/fr\/produits\/plats-prepares-mamia\/\",\"name\":\"Plats Pr\u00e9par\u00e9s. Plats cuisin\u00e9s pr\u00eats \u00e0 r\u00e9chauffer et \u00e0 servir\",\"isPartOf\":{\"@id\":\"https:\/\/bajamar-mamia.com\/fr\/#website\"},\"datePublished\":\"2019-05-17T10:20:24+00:00\",\"dateModified\":\"2022-10-19T09:41:27+00:00\",\"description\":\"Plats cuisin\u00e9s pr\u00eats \u00e0 r\u00e9chauffer et \u00e0 servir. Nous vous invitons \u00e0 choisir parmi une vaste s\u00e9lection de plats pr\u00e9servant toute la saveur.\",\"breadcrumb\":{\"@id\":\"https:\/\/bajamar-mamia.com\/fr\/produits\/plats-prepares-mamia\/#breadcrumb\"},\"inLanguage\":\"fr-FR\",\"potentialAction\":[{\"@type\":\"ReadAction\",\"target\":[\"https:\/\/bajamar-mamia.com\/fr\/produits\/plats-prepares-mamia\/\"]}]},{\"@type\":\"BreadcrumbList\",\"@id\":\"https:\/\/bajamar-mamia.com\/fr\/produits\/plats-prepares-mamia\/#breadcrumb\",\"itemListElement\":[{\"@type\":\"ListItem\",\"position\":1,\"name\":\"Portada\",\"item\":\"https:\/\/bajamar-mamia.com\/fr\/\"},{\"@type\":\"ListItem\",\"position\":2,\"name\":\"PRODUITS\",\"item\":\"https:\/\/bajamar-mamia.com\/fr\/produits\/\"},{\"@type\":\"ListItem\",\"position\":3,\"name\":\"PLATS PR\u00c9PAR\u00c9S\"}]},{\"@type\":\"WebSite\",\"@id\":\"https:\/\/bajamar-mamia.com\/fr\/#website\",\"url\":\"https:\/\/bajamar-mamia.com\/fr\/\",\"name\":\"Bajamar. Mam\u00eda\",\"description\":\"Conservas Bajamar\",\"publisher\":{\"@id\":\"https:\/\/bajamar-mamia.com\/fr\/#organization\"},\"potentialAction\":[{\"@type\":\"SearchAction\",\"target\":{\"@type\":\"EntryPoint\",\"urlTemplate\":\"https:\/\/bajamar-mamia.com\/fr\/?s={search_term_string}\"},\"query-input\":\"required name=search_term_string\"}],\"inLanguage\":\"fr-FR\"},{\"@type\":\"Organization\",\"@id\":\"https:\/\/bajamar-mamia.com\/fr\/#organization\",\"name\":\"Bajamar SA\",\"url\":\"https:\/\/bajamar-mamia.com\/fr\/\",\"logo\":{\"@type\":\"ImageObject\",\"inLanguage\":\"fr-FR\",\"@id\":\"https:\/\/bajamar-mamia.com\/fr\/#\/schema\/logo\/image\/\",\"url\":\"https:\/\/bajamar-mamia.com\/wp-content\/uploads\/logo-bajamar-mamia.png\",\"contentUrl\":\"https:\/\/bajamar-mamia.com\/wp-content\/uploads\/logo-bajamar-mamia.png\",\"width\":300,\"height\":54,\"caption\":\"Bajamar SA\"},\"image\":{\"@id\":\"https:\/\/bajamar-mamia.com\/fr\/#\/schema\/logo\/image\/\"},\"sameAs\":[\"https:\/\/www.facebook.com\/bajamar.mamia\/\"]}]}<\/script>\n<!-- \/ Yoast SEO Premium plugin. -->","yoast_head_json":{"title":"Plats Pr\u00e9par\u00e9s. Plats cuisin\u00e9s pr\u00eats \u00e0 r\u00e9chauffer et \u00e0 servir","description":"Plats cuisin\u00e9s pr\u00eats \u00e0 r\u00e9chauffer et \u00e0 servir. Nous vous invitons \u00e0 choisir parmi une vaste s\u00e9lection de plats pr\u00e9servant toute la saveur.","robots":{"index":"index","follow":"follow","max-snippet":"max-snippet:-1","max-image-preview":"max-image-preview:large","max-video-preview":"max-video-preview:-1"},"canonical":"https:\/\/bajamar-mamia.com\/fr\/produits\/plats-prepares-mamia\/","og_locale":"fr_FR","og_type":"article","og_title":"PLATS PR\u00c9PAR\u00c9S","og_description":"Plats cuisin\u00e9s pr\u00eats \u00e0 r\u00e9chauffer et \u00e0 servir. Nous vous invitons \u00e0 choisir parmi une vaste s\u00e9lection de plats pr\u00e9servant toute la saveur.","og_url":"https:\/\/bajamar-mamia.com\/fr\/produits\/plats-prepares-mamia\/","og_site_name":"Bajamar. Mam\u00eda","article_publisher":"https:\/\/www.facebook.com\/bajamar.mamia\/","article_modified_time":"2022-10-19T09:41:27+00:00","twitter_card":"summary_large_image","twitter_misc":{"Dur\u00e9e de lecture estim\u00e9e":"10 minutes"},"schema":{"@context":"https:\/\/schema.org","@graph":[{"@type":"WebPage","@id":"https:\/\/bajamar-mamia.com\/fr\/produits\/plats-prepares-mamia\/","url":"https:\/\/bajamar-mamia.com\/fr\/produits\/plats-prepares-mamia\/","name":"Plats Pr\u00e9par\u00e9s. Plats cuisin\u00e9s pr\u00eats \u00e0 r\u00e9chauffer et \u00e0 servir","isPartOf":{"@id":"https:\/\/bajamar-mamia.com\/fr\/#website"},"datePublished":"2019-05-17T10:20:24+00:00","dateModified":"2022-10-19T09:41:27+00:00","description":"Plats cuisin\u00e9s pr\u00eats \u00e0 r\u00e9chauffer et \u00e0 servir. Nous vous invitons \u00e0 choisir parmi une vaste s\u00e9lection de plats pr\u00e9servant toute la saveur.","breadcrumb":{"@id":"https:\/\/bajamar-mamia.com\/fr\/produits\/plats-prepares-mamia\/#breadcrumb"},"inLanguage":"fr-FR","potentialAction":[{"@type":"ReadAction","target":["https:\/\/bajamar-mamia.com\/fr\/produits\/plats-prepares-mamia\/"]}]},{"@type":"BreadcrumbList","@id":"https:\/\/bajamar-mamia.com\/fr\/produits\/plats-prepares-mamia\/#breadcrumb","itemListElement":[{"@type":"ListItem","position":1,"name":"Portada","item":"https:\/\/bajamar-mamia.com\/fr\/"},{"@type":"ListItem","position":2,"name":"PRODUITS","item":"https:\/\/bajamar-mamia.com\/fr\/produits\/"},{"@type":"ListItem","position":3,"name":"PLATS PR\u00c9PAR\u00c9S"}]},{"@type":"WebSite","@id":"https:\/\/bajamar-mamia.com\/fr\/#website","url":"https:\/\/bajamar-mamia.com\/fr\/","name":"Bajamar. Mam\u00eda","description":"Conservas Bajamar","publisher":{"@id":"https:\/\/bajamar-mamia.com\/fr\/#organization"},"potentialAction":[{"@type":"SearchAction","target":{"@type":"EntryPoint","urlTemplate":"https:\/\/bajamar-mamia.com\/fr\/?s={search_term_string}"},"query-input":"required name=search_term_string"}],"inLanguage":"fr-FR"},{"@type":"Organization","@id":"https:\/\/bajamar-mamia.com\/fr\/#organization","name":"Bajamar SA","url":"https:\/\/bajamar-mamia.com\/fr\/","logo":{"@type":"ImageObject","inLanguage":"fr-FR","@id":"https:\/\/bajamar-mamia.com\/fr\/#\/schema\/logo\/image\/","url":"https:\/\/bajamar-mamia.com\/wp-content\/uploads\/logo-bajamar-mamia.png","contentUrl":"https:\/\/bajamar-mamia.com\/wp-content\/uploads\/logo-bajamar-mamia.png","width":300,"height":54,"caption":"Bajamar SA"},"image":{"@id":"https:\/\/bajamar-mamia.com\/fr\/#\/schema\/logo\/image\/"},"sameAs":["https:\/\/www.facebook.com\/bajamar.mamia\/"]}]}},"_links":{"self":[{"href":"https:\/\/bajamar-mamia.com\/fr\/wp-json\/wp\/v2\/pages\/22431"}],"collection":[{"href":"https:\/\/bajamar-mamia.com\/fr\/wp-json\/wp\/v2\/pages"}],"about":[{"href":"https:\/\/bajamar-mamia.com\/fr\/wp-json\/wp\/v2\/types\/page"}],"author":[{"embeddable":true,"href":"https:\/\/bajamar-mamia.com\/fr\/wp-json\/wp\/v2\/users\/1"}],"replies":[{"embeddable":true,"href":"https:\/\/bajamar-mamia.com\/fr\/wp-json\/wp\/v2\/comments?post=22431"}],"version-history":[{"count":9,"href":"https:\/\/bajamar-mamia.com\/fr\/wp-json\/wp\/v2\/pages\/22431\/revisions"}],"predecessor-version":[{"id":25328,"href":"https:\/\/bajamar-mamia.com\/fr\/wp-json\/wp\/v2\/pages\/22431\/revisions\/25328"}],"up":[{"embeddable":true,"href":"https:\/\/bajamar-mamia.com\/fr\/wp-json\/wp\/v2\/pages\/22240"}],"wp:attachment":[{"href":"https:\/\/bajamar-mamia.com\/fr\/wp-json\/wp\/v2\/media?parent=22431"}],"curies":[{"name":"wp","href":"https:\/\/api.w.org\/{rel}","templated":true}]}}