{"id":22354,"date":"2019-04-29T17:01:40","date_gmt":"2019-04-29T17:01:40","guid":{"rendered":"https:\/\/bajamar-mamia.com\/productos\/conservas-vegetales-bajamar\/"},"modified":"2021-02-25T18:09:24","modified_gmt":"2021-02-25T18:09:24","slug":"conserves-de-legumes-bajamar","status":"publish","type":"page","link":"https:\/\/bajamar-mamia.com\/fr\/produits\/conserves-de-legumes-bajamar\/","title":{"rendered":"CONSERVES DE L\u00c9GUMES"},"content":{"rendered":"<div class=\"fusion-fullwidth fullwidth-box fusion-builder-row-1 nonhundred-percent-fullwidth non-hundred-percent-height-scrolling\" style=\"--awb-border-radius-top-left:0px;--awb-border-radius-top-right:0px;--awb-border-radius-bottom-right:0px;--awb-border-radius-bottom-left:0px;\" ><div class=\"fusion-builder-row fusion-row\"><div class=\"fusion-layout-column fusion_builder_column fusion-builder-column-0 fusion_builder_column_4_5 4_5 fusion-four-fifth fusion-column-first\" style=\"--awb-bg-size:cover;width:80%;width:calc(80% - ( ( 4% ) * 0.8 ) );margin-right: 4%;\"><div class=\"fusion-column-wrapper fusion-column-has-shadow fusion-flex-column-wrapper-legacy\"><div class=\"fusion-title title fusion-title-1 fusion-sep-none fusion-title-text fusion-title-size-one\"><h1 class=\"title-heading-left fusion-responsive-typography-calculated\" style=\"margin:0;--fontSize:38;line-height:1.26;\">Conserves de L\u00e9gumes<\/h1><\/div><div class=\"fusion-sep-clear\"><\/div><div class=\"fusion-separator fusion-clearfix\" style=\"float:left;margin-top:10px;margin-bottom:20px;width:100%;max-width:10%;\"><div class=\"fusion-separator-border sep-single sep-solid\" style=\"--awb-height:20px;--awb-amount:20px;border-color:#54b948;border-top-width:8px;\"><\/div><\/div><div class=\"fusion-sep-clear\"><\/div><div class=\"fusion-text fusion-text-1\"><p><span style=\"color: #178e2e;\"><strong>Bajamar\u00a0<\/strong><\/span>s\u00e9lectionne les meilleurs produits du terroir afin que, suite \u00e0 une \u00e9laboration soigneuse et un contr\u00f4le de qualit\u00e9 strict, vous puissiez en appr\u00e9cier toute la saveur.<\/p>\n<\/div><div class=\"fusion-clearfix\"><\/div><\/div><\/div><div class=\"fusion-layout-column fusion_builder_column fusion-builder-column-1 fusion_builder_column_1_5 1_5 fusion-one-fifth fusion-column-last\" style=\"--awb-bg-size:cover;width:20%;width:calc(20% - ( ( 4% ) * 0.2 ) );\"><div class=\"fusion-column-wrapper fusion-column-has-shadow fusion-flex-column-wrapper-legacy\"><div class=\"fusion-image-element fusion-image-align-center in-legacy-container\" style=\"text-align:center;--awb-caption-title-font-family:var(--h2_typography-font-family);--awb-caption-title-font-weight:var(--h2_typography-font-weight);--awb-caption-title-font-style:var(--h2_typography-font-style);--awb-caption-title-size:var(--h2_typography-font-size);--awb-caption-title-transform:var(--h2_typography-text-transform);--awb-caption-title-line-height:var(--h2_typography-line-height);--awb-caption-title-letter-spacing:var(--h2_typography-letter-spacing);\"><div class=\"imageframe-align-center\"><span class=\" fusion-imageframe imageframe-none imageframe-1 hover-type-none\" class=\"image-magnify\" class=\"image-scroll\"><img decoding=\"async\" src=\"http:\/\/bajamar-mamia.com\/wp-content\/uploads\/bajamar-logo.png\" alt class=\"img-responsive\"\/><\/span><\/div><\/div><div class=\"fusion-clearfix\"><\/div><\/div><\/div><div class=\"fusion-layout-column fusion_builder_column fusion-builder-column-2 fusion_builder_column_1_3 1_3 fusion-one-third fusion-column-first\" style=\"--awb-bg-size:cover;width:33.333333333333%;width:calc(33.333333333333% - ( ( 4% + 4% ) * 0.33333333333333 ) );margin-right: 4%;\"><div class=\"fusion-column-wrapper fusion-column-has-shadow fusion-flex-column-wrapper-legacy\"><div class=\"fusion-image-element in-legacy-container\" style=\"--awb-caption-title-font-family:var(--h2_typography-font-family);--awb-caption-title-font-weight:var(--h2_typography-font-weight);--awb-caption-title-font-style:var(--h2_typography-font-style);--awb-caption-title-size:var(--h2_typography-font-size);--awb-caption-title-transform:var(--h2_typography-text-transform);--awb-caption-title-line-height:var(--h2_typography-line-height);--awb-caption-title-letter-spacing:var(--h2_typography-letter-spacing);\"><span class=\" fusion-imageframe imageframe-none imageframe-2 hover-type-zoomin\" class=\"image-scroll\"><a class=\"fusion-no-lightbox\" href=\"https:\/\/bajamar-mamia.com\/fr\/produits\/conserves-de-legumes-bajamar\/asperges-blanches-extra-de-navarre\/\" target=\"_self\"><img decoding=\"async\" width=\"600\" height=\"600\" alt=\"Esp\u00e1rragos Blancos DO Bajamar\" src=\"http:\/\/bajamar-mamia.com\/wp-content\/uploads\/esparragos-blancos-do-bajamar.jpg\" class=\"img-responsive wp-image-23143\" srcset=\"https:\/\/bajamar-mamia.com\/wp-content\/uploads\/esparragos-blancos-do-bajamar-200x200.jpg 200w, https:\/\/bajamar-mamia.com\/wp-content\/uploads\/esparragos-blancos-do-bajamar-400x400.jpg 400w, https:\/\/bajamar-mamia.com\/wp-content\/uploads\/esparragos-blancos-do-bajamar.jpg 600w\" sizes=\"(max-width: 800px) 100vw, 400px\" \/><\/a><\/span><\/div><div class=\"fusion-title title fusion-title-2 fusion-sep-none fusion-title-center fusion-title-text fusion-title-size-five\"><h5 class=\"title-heading-center fusion-responsive-typography-calculated\" style=\"margin:0;--fontSize:14;--minFontSize:14;line-height:1.71;\"><a href=\"https:\/\/bajamar-mamia.com\/fr\/produits\/conserves-de-legumes-bajamar\/asperges-blanches-extra-de-navarre\/\">ASPERGES BLANCHES<br \/>\nEXTRA DE NAVARRE<\/a><\/h5><\/div><div class=\"fusion-clearfix\"><\/div><\/div><\/div><div class=\"fusion-layout-column fusion_builder_column fusion-builder-column-3 fusion_builder_column_1_3 1_3 fusion-one-third\" style=\"--awb-bg-size:cover;width:33.333333333333%;width:calc(33.333333333333% - ( ( 4% + 4% ) * 0.33333333333333 ) );margin-right: 4%;\"><div class=\"fusion-column-wrapper fusion-column-has-shadow fusion-flex-column-wrapper-legacy\"><div class=\"fusion-image-element in-legacy-container\" style=\"--awb-caption-title-font-family:var(--h2_typography-font-family);--awb-caption-title-font-weight:var(--h2_typography-font-weight);--awb-caption-title-font-style:var(--h2_typography-font-style);--awb-caption-title-size:var(--h2_typography-font-size);--awb-caption-title-transform:var(--h2_typography-text-transform);--awb-caption-title-line-height:var(--h2_typography-line-height);--awb-caption-title-letter-spacing:var(--h2_typography-letter-spacing);\"><span class=\" fusion-imageframe imageframe-none imageframe-3 hover-type-zoomin\" class=\"image-scroll\"><a class=\"fusion-no-lightbox\" href=\"https:\/\/bajamar-mamia.com\/fr\/produits\/conserves-de-legumes-bajamar\/poivrons-du-piquillo-de-la-vallee-de-lebre\/\" target=\"_self\"><img decoding=\"async\" width=\"600\" height=\"600\" alt=\"Pimientos del Piquillo del Valle del Ebro Bajamar\" src=\"http:\/\/bajamar-mamia.com\/wp-content\/uploads\/pimientos-piquillo-valle-del-ebro-bajamar.jpg\" class=\"img-responsive wp-image-22355\" srcset=\"https:\/\/bajamar-mamia.com\/wp-content\/uploads\/pimientos-piquillo-valle-del-ebro-bajamar-200x200.jpg 200w, https:\/\/bajamar-mamia.com\/wp-content\/uploads\/pimientos-piquillo-valle-del-ebro-bajamar-400x400.jpg 400w, https:\/\/bajamar-mamia.com\/wp-content\/uploads\/pimientos-piquillo-valle-del-ebro-bajamar.jpg 600w\" sizes=\"(max-width: 800px) 100vw, 400px\" \/><\/a><\/span><\/div><div class=\"fusion-title title fusion-title-3 fusion-sep-none fusion-title-center fusion-title-text fusion-title-size-five\"><h5 class=\"title-heading-center fusion-responsive-typography-calculated\" style=\"margin:0;--fontSize:14;--minFontSize:14;line-height:1.71;\"><a href=\"https:\/\/bajamar-mamia.com\/fr\/produits\/conserves-de-legumes-bajamar\/poivrons-du-piquillo-de-la-vallee-de-lebre\/\">POIVRONS DU PIQUILLO<br \/>\nDE LA VALLEE DE L\u2019\u00c8BRE<\/a><\/h5><\/div><div class=\"fusion-clearfix\"><\/div><\/div><\/div><div class=\"fusion-layout-column fusion_builder_column fusion-builder-column-4 fusion_builder_column_1_3 1_3 fusion-one-third fusion-column-last\" style=\"--awb-bg-size:cover;width:33.333333333333%;width:calc(33.333333333333% - ( ( 4% + 4% ) * 0.33333333333333 ) );\"><div class=\"fusion-column-wrapper fusion-column-has-shadow fusion-flex-column-wrapper-legacy\"><div class=\"fusion-image-element in-legacy-container\" style=\"--awb-caption-title-font-family:var(--h2_typography-font-family);--awb-caption-title-font-weight:var(--h2_typography-font-weight);--awb-caption-title-font-style:var(--h2_typography-font-style);--awb-caption-title-size:var(--h2_typography-font-size);--awb-caption-title-transform:var(--h2_typography-text-transform);--awb-caption-title-line-height:var(--h2_typography-line-height);--awb-caption-title-letter-spacing:var(--h2_typography-letter-spacing);\"><span class=\" fusion-imageframe imageframe-none imageframe-4 hover-type-zoomin\" class=\"image-scroll\"><a class=\"fusion-no-lightbox\" href=\"https:\/\/bajamar-mamia.com\/fr\/produits\/conserves-de-legumes-bajamar\/poivrons-morrones-de-la-vallee-de-lebre\/\" target=\"_self\"><img decoding=\"async\" width=\"600\" height=\"600\" alt=\"Pimientos Morrones Bajamar\" src=\"http:\/\/bajamar-mamia.com\/wp-content\/uploads\/pimientos-morrones-bajamar.jpg\" class=\"img-responsive wp-image-22993\" srcset=\"https:\/\/bajamar-mamia.com\/wp-content\/uploads\/pimientos-morrones-bajamar-200x200.jpg 200w, https:\/\/bajamar-mamia.com\/wp-content\/uploads\/pimientos-morrones-bajamar-400x400.jpg 400w, https:\/\/bajamar-mamia.com\/wp-content\/uploads\/pimientos-morrones-bajamar.jpg 600w\" sizes=\"(max-width: 800px) 100vw, 400px\" \/><\/a><\/span><\/div><div class=\"fusion-title title fusion-title-4 fusion-sep-none fusion-title-center fusion-title-text fusion-title-size-five\"><h5 class=\"title-heading-center fusion-responsive-typography-calculated\" style=\"margin:0;--fontSize:14;--minFontSize:14;line-height:1.71;\"><a href=\"https:\/\/bajamar-mamia.com\/fr\/produits\/conserves-de-legumes-bajamar\/poivrons-morrones-de-la-vallee-de-lebre\/\">POIVRONS MORRONES<br \/>\nDE LA VALLEE DE L\u2019\u00c8BRE<\/a><\/h5><\/div><div class=\"fusion-clearfix\"><\/div><\/div><\/div><div class=\"fusion-layout-column fusion_builder_column fusion-builder-column-5 fusion_builder_column_1_3 1_3 fusion-one-third fusion-column-first\" style=\"--awb-bg-size:cover;width:33.333333333333%;width:calc(33.333333333333% - ( ( 4% + 4% ) * 0.33333333333333 ) );margin-right: 4%;\"><div class=\"fusion-column-wrapper fusion-column-has-shadow fusion-flex-column-wrapper-legacy\"><div class=\"fusion-image-element in-legacy-container\" style=\"--awb-caption-title-font-family:var(--h2_typography-font-family);--awb-caption-title-font-weight:var(--h2_typography-font-weight);--awb-caption-title-font-style:var(--h2_typography-font-style);--awb-caption-title-size:var(--h2_typography-font-size);--awb-caption-title-transform:var(--h2_typography-text-transform);--awb-caption-title-line-height:var(--h2_typography-line-height);--awb-caption-title-letter-spacing:var(--h2_typography-letter-spacing);\"><span class=\" fusion-imageframe imageframe-none imageframe-5 hover-type-zoomin\" class=\"image-scroll\"><a class=\"fusion-no-lightbox\" href=\"https:\/\/bajamar-mamia.com\/fr\/produits\/conserves-de-legumes-bajamar\/asperges-blanches-extra\/\" target=\"_self\"><img decoding=\"async\" width=\"600\" height=\"600\" alt=\"Esp\u00e1rragos Blancos Extra Bajamar\" src=\"http:\/\/bajamar-mamia.com\/wp-content\/uploads\/esparragos-blancos-extra-bajamar.jpg\" class=\"img-responsive wp-image-23142\" srcset=\"https:\/\/bajamar-mamia.com\/wp-content\/uploads\/esparragos-blancos-extra-bajamar-200x200.jpg 200w, https:\/\/bajamar-mamia.com\/wp-content\/uploads\/esparragos-blancos-extra-bajamar-400x400.jpg 400w, https:\/\/bajamar-mamia.com\/wp-content\/uploads\/esparragos-blancos-extra-bajamar.jpg 600w\" sizes=\"(max-width: 800px) 100vw, 400px\" \/><\/a><\/span><\/div><div class=\"fusion-title title fusion-title-5 fusion-sep-none fusion-title-center fusion-title-text fusion-title-size-five\"><h5 class=\"title-heading-center fusion-responsive-typography-calculated\" style=\"margin:0;--fontSize:14;--minFontSize:14;line-height:1.71;\"><a href=\"https:\/\/bajamar-mamia.com\/fr\/produits\/conserves-de-legumes-bajamar\/asperges-blanches-extra\/\">ASPERGES BLANCHES EXTRA<\/a><\/h5><\/div><div class=\"fusion-clearfix\"><\/div><\/div><\/div><div class=\"fusion-layout-column fusion_builder_column fusion-builder-column-6 fusion_builder_column_1_3 1_3 fusion-one-third\" style=\"--awb-bg-size:cover;width:33.333333333333%;width:calc(33.333333333333% - ( ( 4% + 4% ) * 0.33333333333333 ) );margin-right: 4%;\"><div class=\"fusion-column-wrapper fusion-column-has-shadow fusion-flex-column-wrapper-legacy\"><div class=\"fusion-image-element in-legacy-container\" style=\"--awb-caption-title-font-family:var(--h2_typography-font-family);--awb-caption-title-font-weight:var(--h2_typography-font-weight);--awb-caption-title-font-style:var(--h2_typography-font-style);--awb-caption-title-size:var(--h2_typography-font-size);--awb-caption-title-transform:var(--h2_typography-text-transform);--awb-caption-title-line-height:var(--h2_typography-line-height);--awb-caption-title-letter-spacing:var(--h2_typography-letter-spacing);\"><span class=\" fusion-imageframe imageframe-none imageframe-6 hover-type-zoomin\" class=\"image-scroll\"><a class=\"fusion-no-lightbox\" href=\"https:\/\/bajamar-mamia.com\/fr\/produits\/conserves-de-legumes-bajamar\/poivrons-du-piquillo\/\" target=\"_self\"><img decoding=\"async\" width=\"600\" height=\"600\" alt=\"Pimientos Piquillo Bajamar\" src=\"http:\/\/bajamar-mamia.com\/wp-content\/uploads\/pimientos-piquillo-bajamar.jpg\" class=\"img-responsive wp-image-23141\" srcset=\"https:\/\/bajamar-mamia.com\/wp-content\/uploads\/pimientos-piquillo-bajamar-200x200.jpg 200w, https:\/\/bajamar-mamia.com\/wp-content\/uploads\/pimientos-piquillo-bajamar-400x400.jpg 400w, https:\/\/bajamar-mamia.com\/wp-content\/uploads\/pimientos-piquillo-bajamar.jpg 600w\" sizes=\"(max-width: 800px) 100vw, 400px\" \/><\/a><\/span><\/div><div class=\"fusion-title title fusion-title-6 fusion-sep-none fusion-title-center fusion-title-text fusion-title-size-five\"><h5 class=\"title-heading-center fusion-responsive-typography-calculated\" style=\"margin:0;--fontSize:14;--minFontSize:14;line-height:1.71;\"><a href=\"https:\/\/bajamar-mamia.com\/fr\/produits\/conserves-de-legumes-bajamar\/poivrons-du-piquillo\/\">POIVRONS DU PIQUILLO<\/a><\/h5><\/div><div class=\"fusion-clearfix\"><\/div><\/div><\/div><div class=\"fusion-layout-column fusion_builder_column fusion-builder-column-7 fusion_builder_column_1_3 1_3 fusion-one-third fusion-column-last\" style=\"--awb-bg-size:cover;width:33.333333333333%;width:calc(33.333333333333% - ( ( 4% + 4% ) * 0.33333333333333 ) );\"><div class=\"fusion-column-wrapper fusion-column-has-shadow fusion-flex-column-wrapper-legacy\"><div class=\"fusion-image-element in-legacy-container\" style=\"--awb-caption-title-font-family:var(--h2_typography-font-family);--awb-caption-title-font-weight:var(--h2_typography-font-weight);--awb-caption-title-font-style:var(--h2_typography-font-style);--awb-caption-title-size:var(--h2_typography-font-size);--awb-caption-title-transform:var(--h2_typography-text-transform);--awb-caption-title-line-height:var(--h2_typography-line-height);--awb-caption-title-letter-spacing:var(--h2_typography-letter-spacing);\"><span class=\" fusion-imageframe imageframe-none imageframe-7 hover-type-zoomin\" class=\"image-scroll\"><a class=\"fusion-no-lightbox\" href=\"https:\/\/bajamar-mamia.com\/fr\/produits\/conserves-de-legumes-bajamar\/autres-legumes\/\" target=\"_self\" aria-label=\"otros-vegetales-bajamar\"><img decoding=\"async\" width=\"400\" height=\"400\" alt=\"Otros Vegetales Bajamar\" src=\"https:\/\/bajamar-mamia.com\/wp-content\/uploads\/otros-vegetales-bajamar-1.jpg\" class=\"img-responsive wp-image-24342\" srcset=\"https:\/\/bajamar-mamia.com\/wp-content\/uploads\/otros-vegetales-bajamar-1-200x200.jpg 200w, https:\/\/bajamar-mamia.com\/wp-content\/uploads\/otros-vegetales-bajamar-1.jpg 400w\" sizes=\"(max-width: 800px) 100vw, 400px\" \/><\/a><\/span><\/div><div class=\"fusion-title title fusion-title-7 fusion-sep-none fusion-title-center fusion-title-text fusion-title-size-five\"><h5 class=\"title-heading-center fusion-responsive-typography-calculated\" style=\"margin:0;--fontSize:14;--minFontSize:14;line-height:1.71;\"><a href=\"https:\/\/bajamar-mamia.com\/fr\/produits\/conserves-de-legumes-bajamar\/autres-legumes\/\">AUTRES L\u00c9GUMES<\/a><\/h5><\/div><div class=\"fusion-clearfix\"><\/div><\/div><\/div><\/div><\/div>\n","protected":false},"excerpt":{"rendered":"","protected":false},"author":1,"featured_media":0,"parent":22240,"menu_order":1,"comment_status":"closed","ping_status":"closed","template":"","meta":[],"yoast_head":"<!-- This site is optimized with the Yoast SEO Premium plugin v20.6 (Yoast SEO v20.8) - https:\/\/yoast.com\/wordpress\/plugins\/seo\/ -->\n<title>Conserves de L\u00e9gumes. Bajamar s\u00e9lectionne les meilleurs produits<\/title>\n<meta name=\"description\" content=\"Conserves de L\u00e9gumes. Bajamar s\u00e9lectionne les meilleurs produits du terroir afin que, suite \u00e0 une \u00e9laboration soigneuse et un contr\u00f4le de qualit\u00e9 strict.\" \/>\n<meta name=\"robots\" content=\"index, follow, max-snippet:-1, max-image-preview:large, max-video-preview:-1\" \/>\n<link rel=\"canonical\" href=\"https:\/\/bajamar-mamia.com\/fr\/produits\/conserves-de-legumes-bajamar\/\" \/>\n<meta property=\"og:locale\" content=\"fr_FR\" \/>\n<meta property=\"og:type\" content=\"article\" \/>\n<meta property=\"og:title\" content=\"CONSERVES DE L\u00c9GUMES\" \/>\n<meta property=\"og:description\" content=\"Conserves de L\u00e9gumes. Bajamar s\u00e9lectionne les meilleurs produits du terroir afin que, suite \u00e0 une \u00e9laboration soigneuse et un contr\u00f4le de qualit\u00e9 strict.\" \/>\n<meta property=\"og:url\" content=\"https:\/\/bajamar-mamia.com\/fr\/produits\/conserves-de-legumes-bajamar\/\" \/>\n<meta property=\"og:site_name\" content=\"Bajamar. Mam\u00eda\" \/>\n<meta property=\"article:publisher\" content=\"https:\/\/www.facebook.com\/bajamar.mamia\/\" \/>\n<meta property=\"article:modified_time\" content=\"2021-02-25T18:09:24+00:00\" \/>\n<meta name=\"twitter:card\" content=\"summary_large_image\" \/>\n<meta name=\"twitter:label1\" content=\"Dur\u00e9e de lecture estim\u00e9e\" \/>\n\t<meta name=\"twitter:data1\" content=\"9 minutes\" \/>\n<script type=\"application\/ld+json\" class=\"yoast-schema-graph\">{\"@context\":\"https:\/\/schema.org\",\"@graph\":[{\"@type\":\"WebPage\",\"@id\":\"https:\/\/bajamar-mamia.com\/fr\/produits\/conserves-de-legumes-bajamar\/\",\"url\":\"https:\/\/bajamar-mamia.com\/fr\/produits\/conserves-de-legumes-bajamar\/\",\"name\":\"Conserves de L\u00e9gumes. Bajamar s\u00e9lectionne les meilleurs produits\",\"isPartOf\":{\"@id\":\"https:\/\/bajamar-mamia.com\/fr\/#website\"},\"datePublished\":\"2019-04-29T17:01:40+00:00\",\"dateModified\":\"2021-02-25T18:09:24+00:00\",\"description\":\"Conserves de L\u00e9gumes. Bajamar s\u00e9lectionne les meilleurs produits du terroir afin que, suite \u00e0 une \u00e9laboration soigneuse et un contr\u00f4le de qualit\u00e9 strict.\",\"breadcrumb\":{\"@id\":\"https:\/\/bajamar-mamia.com\/fr\/produits\/conserves-de-legumes-bajamar\/#breadcrumb\"},\"inLanguage\":\"fr-FR\",\"potentialAction\":[{\"@type\":\"ReadAction\",\"target\":[\"https:\/\/bajamar-mamia.com\/fr\/produits\/conserves-de-legumes-bajamar\/\"]}]},{\"@type\":\"BreadcrumbList\",\"@id\":\"https:\/\/bajamar-mamia.com\/fr\/produits\/conserves-de-legumes-bajamar\/#breadcrumb\",\"itemListElement\":[{\"@type\":\"ListItem\",\"position\":1,\"name\":\"Portada\",\"item\":\"https:\/\/bajamar-mamia.com\/fr\/\"},{\"@type\":\"ListItem\",\"position\":2,\"name\":\"PRODUITS\",\"item\":\"https:\/\/bajamar-mamia.com\/fr\/produits\/\"},{\"@type\":\"ListItem\",\"position\":3,\"name\":\"CONSERVES DE L\u00c9GUMES\"}]},{\"@type\":\"WebSite\",\"@id\":\"https:\/\/bajamar-mamia.com\/fr\/#website\",\"url\":\"https:\/\/bajamar-mamia.com\/fr\/\",\"name\":\"Bajamar. Mam\u00eda\",\"description\":\"Conservas Bajamar\",\"publisher\":{\"@id\":\"https:\/\/bajamar-mamia.com\/fr\/#organization\"},\"potentialAction\":[{\"@type\":\"SearchAction\",\"target\":{\"@type\":\"EntryPoint\",\"urlTemplate\":\"https:\/\/bajamar-mamia.com\/fr\/?s={search_term_string}\"},\"query-input\":\"required name=search_term_string\"}],\"inLanguage\":\"fr-FR\"},{\"@type\":\"Organization\",\"@id\":\"https:\/\/bajamar-mamia.com\/fr\/#organization\",\"name\":\"Bajamar SA\",\"url\":\"https:\/\/bajamar-mamia.com\/fr\/\",\"logo\":{\"@type\":\"ImageObject\",\"inLanguage\":\"fr-FR\",\"@id\":\"https:\/\/bajamar-mamia.com\/fr\/#\/schema\/logo\/image\/\",\"url\":\"https:\/\/bajamar-mamia.com\/wp-content\/uploads\/logo-bajamar-mamia.png\",\"contentUrl\":\"https:\/\/bajamar-mamia.com\/wp-content\/uploads\/logo-bajamar-mamia.png\",\"width\":300,\"height\":54,\"caption\":\"Bajamar SA\"},\"image\":{\"@id\":\"https:\/\/bajamar-mamia.com\/fr\/#\/schema\/logo\/image\/\"},\"sameAs\":[\"https:\/\/www.facebook.com\/bajamar.mamia\/\"]}]}<\/script>\n<!-- \/ Yoast SEO Premium plugin. -->","yoast_head_json":{"title":"Conserves de L\u00e9gumes. Bajamar s\u00e9lectionne les meilleurs produits","description":"Conserves de L\u00e9gumes. Bajamar s\u00e9lectionne les meilleurs produits du terroir afin que, suite \u00e0 une \u00e9laboration soigneuse et un contr\u00f4le de qualit\u00e9 strict.","robots":{"index":"index","follow":"follow","max-snippet":"max-snippet:-1","max-image-preview":"max-image-preview:large","max-video-preview":"max-video-preview:-1"},"canonical":"https:\/\/bajamar-mamia.com\/fr\/produits\/conserves-de-legumes-bajamar\/","og_locale":"fr_FR","og_type":"article","og_title":"CONSERVES DE L\u00c9GUMES","og_description":"Conserves de L\u00e9gumes. Bajamar s\u00e9lectionne les meilleurs produits du terroir afin que, suite \u00e0 une \u00e9laboration soigneuse et un contr\u00f4le de qualit\u00e9 strict.","og_url":"https:\/\/bajamar-mamia.com\/fr\/produits\/conserves-de-legumes-bajamar\/","og_site_name":"Bajamar. Mam\u00eda","article_publisher":"https:\/\/www.facebook.com\/bajamar.mamia\/","article_modified_time":"2021-02-25T18:09:24+00:00","twitter_card":"summary_large_image","twitter_misc":{"Dur\u00e9e de lecture estim\u00e9e":"9 minutes"},"schema":{"@context":"https:\/\/schema.org","@graph":[{"@type":"WebPage","@id":"https:\/\/bajamar-mamia.com\/fr\/produits\/conserves-de-legumes-bajamar\/","url":"https:\/\/bajamar-mamia.com\/fr\/produits\/conserves-de-legumes-bajamar\/","name":"Conserves de L\u00e9gumes. Bajamar s\u00e9lectionne les meilleurs produits","isPartOf":{"@id":"https:\/\/bajamar-mamia.com\/fr\/#website"},"datePublished":"2019-04-29T17:01:40+00:00","dateModified":"2021-02-25T18:09:24+00:00","description":"Conserves de L\u00e9gumes. Bajamar s\u00e9lectionne les meilleurs produits du terroir afin que, suite \u00e0 une \u00e9laboration soigneuse et un contr\u00f4le de qualit\u00e9 strict.","breadcrumb":{"@id":"https:\/\/bajamar-mamia.com\/fr\/produits\/conserves-de-legumes-bajamar\/#breadcrumb"},"inLanguage":"fr-FR","potentialAction":[{"@type":"ReadAction","target":["https:\/\/bajamar-mamia.com\/fr\/produits\/conserves-de-legumes-bajamar\/"]}]},{"@type":"BreadcrumbList","@id":"https:\/\/bajamar-mamia.com\/fr\/produits\/conserves-de-legumes-bajamar\/#breadcrumb","itemListElement":[{"@type":"ListItem","position":1,"name":"Portada","item":"https:\/\/bajamar-mamia.com\/fr\/"},{"@type":"ListItem","position":2,"name":"PRODUITS","item":"https:\/\/bajamar-mamia.com\/fr\/produits\/"},{"@type":"ListItem","position":3,"name":"CONSERVES DE L\u00c9GUMES"}]},{"@type":"WebSite","@id":"https:\/\/bajamar-mamia.com\/fr\/#website","url":"https:\/\/bajamar-mamia.com\/fr\/","name":"Bajamar. Mam\u00eda","description":"Conservas Bajamar","publisher":{"@id":"https:\/\/bajamar-mamia.com\/fr\/#organization"},"potentialAction":[{"@type":"SearchAction","target":{"@type":"EntryPoint","urlTemplate":"https:\/\/bajamar-mamia.com\/fr\/?s={search_term_string}"},"query-input":"required name=search_term_string"}],"inLanguage":"fr-FR"},{"@type":"Organization","@id":"https:\/\/bajamar-mamia.com\/fr\/#organization","name":"Bajamar SA","url":"https:\/\/bajamar-mamia.com\/fr\/","logo":{"@type":"ImageObject","inLanguage":"fr-FR","@id":"https:\/\/bajamar-mamia.com\/fr\/#\/schema\/logo\/image\/","url":"https:\/\/bajamar-mamia.com\/wp-content\/uploads\/logo-bajamar-mamia.png","contentUrl":"https:\/\/bajamar-mamia.com\/wp-content\/uploads\/logo-bajamar-mamia.png","width":300,"height":54,"caption":"Bajamar SA"},"image":{"@id":"https:\/\/bajamar-mamia.com\/fr\/#\/schema\/logo\/image\/"},"sameAs":["https:\/\/www.facebook.com\/bajamar.mamia\/"]}]}},"_links":{"self":[{"href":"https:\/\/bajamar-mamia.com\/fr\/wp-json\/wp\/v2\/pages\/22354"}],"collection":[{"href":"https:\/\/bajamar-mamia.com\/fr\/wp-json\/wp\/v2\/pages"}],"about":[{"href":"https:\/\/bajamar-mamia.com\/fr\/wp-json\/wp\/v2\/types\/page"}],"author":[{"embeddable":true,"href":"https:\/\/bajamar-mamia.com\/fr\/wp-json\/wp\/v2\/users\/1"}],"replies":[{"embeddable":true,"href":"https:\/\/bajamar-mamia.com\/fr\/wp-json\/wp\/v2\/comments?post=22354"}],"version-history":[{"count":7,"href":"https:\/\/bajamar-mamia.com\/fr\/wp-json\/wp\/v2\/pages\/22354\/revisions"}],"predecessor-version":[{"id":24347,"href":"https:\/\/bajamar-mamia.com\/fr\/wp-json\/wp\/v2\/pages\/22354\/revisions\/24347"}],"up":[{"embeddable":true,"href":"https:\/\/bajamar-mamia.com\/fr\/wp-json\/wp\/v2\/pages\/22240"}],"wp:attachment":[{"href":"https:\/\/bajamar-mamia.com\/fr\/wp-json\/wp\/v2\/media?parent=22354"}],"curies":[{"name":"wp","href":"https:\/\/api.w.org\/{rel}","templated":true}]}}