{"id":22341,"date":"2019-07-04T08:24:12","date_gmt":"2019-07-04T08:24:12","guid":{"rendered":"https:\/\/bajamar-mamia.com\/politica-de-empresa\/"},"modified":"2019-07-16T16:43:06","modified_gmt":"2019-07-16T16:43:06","slug":"politique-generale-de-lentreprise","status":"publish","type":"page","link":"https:\/\/bajamar-mamia.com\/fr\/politique-generale-de-lentreprise\/","title":{"rendered":"POLITIQUE G\u00c9N\u00c9RALE DE L\u2019ENTREPRISE"},"content":{"rendered":"<p><div class=\"fusion-fullwidth fullwidth-box fusion-builder-row-1 nonhundred-percent-fullwidth non-hundred-percent-height-scrolling\" style=\"--awb-border-radius-top-left:0px;--awb-border-radius-top-right:0px;--awb-border-radius-bottom-right:0px;--awb-border-radius-bottom-left:0px;--awb-margin-bottom:-20px;\" ><div class=\"fusion-builder-row fusion-row\"><div class=\"fusion-layout-column fusion_builder_column fusion-builder-column-0 fusion_builder_column_1_1 1_1 fusion-one-full fusion-column-first fusion-column-last\" style=\"--awb-bg-size:cover;\"><div class=\"fusion-column-wrapper fusion-column-has-shadow fusion-flex-column-wrapper-legacy\"><div class=\"fusion-title title fusion-title-1 fusion-sep-none fusion-title-text fusion-title-size-one\"><h1 class=\"title-heading-left fusion-responsive-typography-calculated\" style=\"margin:0;--fontSize:38;line-height:1.26;\">Politique G\u00e9n\u00e9rale de l\u2019Entreprise<\/h1><\/div><div class=\"fusion-sep-clear\"><\/div><div class=\"fusion-separator fusion-clearfix\" style=\"float:left;margin-top:10px;margin-bottom:10px;width:100%;max-width:10%;\"><div class=\"fusion-separator-border sep-single sep-solid\" style=\"--awb-height:20px;--awb-amount:20px;border-color:#54b948;border-top-width:8px;\"><\/div><\/div><div class=\"fusion-sep-clear\"><\/div><div class=\"fusion-clearfix\"><\/div><\/div><\/div><\/div><\/div><div class=\"fusion-fullwidth fullwidth-box fusion-builder-row-2 nonhundred-percent-fullwidth non-hundred-percent-height-scrolling\" style=\"--awb-border-radius-top-left:0px;--awb-border-radius-top-right:0px;--awb-border-radius-bottom-right:0px;--awb-border-radius-bottom-left:0px;\" ><div class=\"fusion-builder-row fusion-row\"><div class=\"fusion-layout-column fusion_builder_column fusion-builder-column-1 fusion_builder_column_1_1 1_1 fusion-one-full fusion-column-first fusion-column-last\" style=\"--awb-bg-size:cover;\"><div class=\"fusion-column-wrapper fusion-column-has-shadow fusion-flex-column-wrapper-legacy\"><div class=\"fusion-text fusion-text-1\"><p>La direction de <span style=\"color: #178e2e;\"><strong>Bajamar<\/strong><\/span>, l\u2019ayant port\u00e9 \u00e0 la connaissance de tous ses membres et comptant sur la collaboration de ces derniers, a d\u00e9fini sa Politique, dans le cadre de son engagement pour la qualit\u00e9 et la s\u00e9curit\u00e9 de ses produits et pour le respect de l\u2019environnement.<\/p>\n<p>Elle aspire ainsi \u00e0 ce que sa mission et ses valeurs d\u2019entreprise soient pr\u00e9sentes dans son syst\u00e8me de gestion op\u00e9rationnelle afin que les membres de l\u2019entreprise, tout comme les agents \u00e9conomiques en contact avec <span style=\"color: #178e2e;\"><strong>Bajamar<\/strong><\/span>, puissent les percevoir et les appr\u00e9cier comme une gestion visant une am\u00e9lioration constante et rendant compatibles la structure et l\u2019origine de l\u2019entreprise familiale avec son engagement pour l\u2019\u00e9volution, la productivit\u00e9, le perfectionnement continu ainsi que son adaptation aux changement du march\u00e9 et de la soci\u00e9t\u00e9.<\/p>\n<p>Les principaux points qu\u2019elle a \u00e9tablis, comme reflet de son id\u00e9ologie et de ses objectifs, sont :<\/p>\n<\/div><div class=\"fusion-title title fusion-title-2 fusion-sep-none fusion-title-text fusion-title-size-three\"><h3 class=\"title-heading-left fusion-responsive-typography-calculated\" style=\"margin:0;--fontSize:22;--minFontSize:22;line-height:1.2;\">1. Orientation client et orientation consommateur<\/h3><\/div><div class=\"fusion-sep-clear\"><\/div><div class=\"fusion-separator fusion-clearfix\" style=\"float:left;margin-top:10px;margin-bottom:20px;width:100%;max-width:10%;\"><div class=\"fusion-separator-border sep-single sep-solid\" style=\"--awb-height:20px;--awb-amount:20px;border-color:#54b948;border-top-width:6px;\"><\/div><\/div><div class=\"fusion-sep-clear\"><\/div><div class=\"fusion-text fusion-text-2\"><p>Notre travail vise \u00e0 offrir au client un produit satisfaisant en mati\u00e8re de qualit\u00e9 et de s\u00e9curit\u00e9 alimentaire.<\/p>\n<p>De m\u00eame, le consommateur final est l\u2019usager r\u00e9el de notre produit. C\u2019est la raison pour laquelle notre objectif final est de satisfaire ses attentes concernant la qualit\u00e9 tout en lui offrant un produit s\u00fbr qui contribue \u00e0 sa qualit\u00e9 de vie (produits sans additifs, \u00e0 des prix comp\u00e9titifs, pour une alimentation \u00e9quilibr\u00e9e, etc.), dans un processus de perfectionnement continu des produits, tel que l\u2019indique notre mission d\u2019entreprise\u00a0:<\/p>\n<p><strong><em>\u00ab\u00a0Notre objectif est de faciliter l\u2019alimentation \u00e9quilibr\u00e9e de la population, en nous basant sur la cuisine traditionnelle navarraise et espagnole, comme partie int\u00e9grante de la di\u00e8te m\u00e9diterran\u00e9enne.\u00a0\u00bb<\/em><\/strong><\/p>\n<p>Un aspect essentiel de son engagement social intimement li\u00e9 \u00e0 sa mission est de contribuer \u00e0 promouvoir une culture de l\u2019alimentation saine, \u00e0 travers ses propres d\u00e9veloppements de produits, ses communications, son site web, des discussions informatives avec le consommateur, etc.<\/p>\n<\/div><div class=\"fusion-title title fusion-title-3 fusion-sep-none fusion-title-text fusion-title-size-three\"><h3 class=\"title-heading-left fusion-responsive-typography-calculated\" style=\"margin:0;--fontSize:22;--minFontSize:22;line-height:1.2;\">2. Responsabilit\u00e9 environnementale<\/h3><\/div><div class=\"fusion-sep-clear\"><\/div><div class=\"fusion-separator fusion-clearfix\" style=\"float:left;margin-top:10px;margin-bottom:20px;width:100%;max-width:10%;\"><div class=\"fusion-separator-border sep-single sep-solid\" style=\"--awb-height:20px;--awb-amount:20px;border-color:#54b948;border-top-width:6px;\"><\/div><\/div><div class=\"fusion-sep-clear\"><\/div><div class=\"fusion-text fusion-text-3\"><p><span style=\"color: #178e2e;\"><strong>Bajamar<\/strong><\/span> s\u2019implique dans la Communaut\u00e9 de Navarre depuis son origine, en respectant rigoureusement les mesures environnementales et en investissant dans des installations et des proc\u00e9d\u00e9s capables de r\u00e9duire le plus possible l\u2019impact de son activit\u00e9 sur l\u2019environnement, ainsi que de pr\u00e9venir la pollution.<\/p>\n<\/div><div class=\"fusion-title title fusion-title-4 fusion-sep-none fusion-title-text fusion-title-size-three\"><h3 class=\"title-heading-left fusion-responsive-typography-calculated\" style=\"margin:0;--fontSize:22;--minFontSize:22;line-height:1.2;\">3. Durabilit\u00e9<\/h3><\/div><div class=\"fusion-sep-clear\"><\/div><div class=\"fusion-separator fusion-clearfix\" style=\"float:left;margin-top:10px;margin-bottom:20px;width:100%;max-width:10%;\"><div class=\"fusion-separator-border sep-single sep-solid\" style=\"--awb-height:20px;--awb-amount:20px;border-color:#54b948;border-top-width:6px;\"><\/div><\/div><div class=\"fusion-sep-clear\"><\/div><div class=\"fusion-text fusion-text-4\"><p>Nous recherchons la Durabilit\u00e9 de notre entreprise sur le long terme, sous tous les aspects, mais aussi pour toutes les parties intervenant dans le processus\u00a0: clients, fournisseurs, travailleurs et soci\u00e9t\u00e9 en g\u00e9n\u00e9ral. Notre id\u00e9al est de nous am\u00e9liorer jour apr\u00e8s jour en consolidant nos r\u00e9ussites et en perfectionnant nos points faibles<\/p>\n<\/div><div class=\"fusion-title title fusion-title-5 fusion-sep-none fusion-title-text fusion-title-size-three\"><h3 class=\"title-heading-left fusion-responsive-typography-calculated\" style=\"margin:0;--fontSize:22;--minFontSize:22;line-height:1.2;\">4. Responsabilit\u00e9 \u00e9thique et personnelle<\/h3><\/div><div class=\"fusion-sep-clear\"><\/div><div class=\"fusion-separator fusion-clearfix\" style=\"float:left;margin-top:10px;margin-bottom:20px;width:100%;max-width:10%;\"><div class=\"fusion-separator-border sep-single sep-solid\" style=\"--awb-height:20px;--awb-amount:20px;border-color:#54b948;border-top-width:6px;\"><\/div><\/div><div class=\"fusion-sep-clear\"><\/div><div class=\"fusion-text fusion-text-5\"><p>Depuis la Direction de <span style=\"color: #178e2e;\"><strong>Bajamar<\/strong><\/span>, nous travaillons pour consolider et encourager l\u2019\u00e9thique et la responsabilit\u00e9 personnelle parmi toutes les parties qui interagissent avec l\u2019entreprise, \u00e0 commencer par notre personnel, qui n\u2019est autre que le pilier fondamental de notre r\u00e9ussite et dont le travail r\u00e9percute directement sur nos clients. Nous consid\u00e9rons que l\u2019\u00e9thique et les valeurs doivent s\u2019int\u00e9grer au quotidien dans notre relation avec nos collaborateurs ainsi que dans notre mani\u00e8re de faire du commerce, aussi bien aupr\u00e8s des clients qu\u2019aupr\u00e8s des fournisseurs. C\u2019est pour cette raison que l\u2019\u00e9quipe de <span style=\"color: #178e2e;\"><strong>Bajamar<\/strong><\/span>\u00a0s\u2019engage \u00e0 faire de la v\u00e9rit\u00e9 sa priorit\u00e9 en cas d\u2019incidences concernant la qualit\u00e9 et la s\u00e9curit\u00e9, mais aussi \u00e0 mettre en avant l\u2019\u00e9thique d\u2019entreprise dans la gestion op\u00e9rationnelle quotidienne du march\u00e9.<\/p>\n<p><strong>\u00a0<\/strong>Par ailleurs, <span style=\"color: #178e2e;\"><strong>Bajamar<\/strong><\/span>\u00a0collabore, dans un souci d\u2019engagement social, avec diff\u00e9rentes institutions de bienfaisance \u00e0 travers le don de produits non commercialis\u00e9s, parmi lesquels les \u00e9chantillons et les restes de production, tous aptes \u00e0 la consommation. C\u2019est ainsi que nous remplissons un objectif \u00e0 la fois social et environnemental puisque, au lieu de g\u00e9n\u00e9rer des d\u00e9chets, nous optimisons les produits et veillons \u00e0 aider des milieux sociaux d\u00e9favoris\u00e9s.<\/p>\n<p>Nous visons \u00e0 montrer une attitude positive de d\u00e9passement, en cherchant toujours de nouveaux d\u00e9fis \u00e0 relever et en \u00e9tant pr\u00eats \u00e0 affronter l\u2019avenir avec des garanties de r\u00e9ussite, dans le but d\u2019\u00eatre plus comp\u00e9titifs et de nous consolider sur le march\u00e9.<\/p>\n<\/div><div class=\"fusion-title title fusion-title-6 fusion-sep-none fusion-title-text fusion-title-size-three\"><h3 class=\"title-heading-left fusion-responsive-typography-calculated\" style=\"margin:0;--fontSize:22;--minFontSize:22;line-height:1.2;\">5. Exigences r\u00e9glementaires du produit<\/h3><\/div><div class=\"fusion-sep-clear\"><\/div><div class=\"fusion-separator fusion-clearfix\" style=\"float:left;margin-top:10px;margin-bottom:20px;width:100%;max-width:10%;\"><div class=\"fusion-separator-border sep-single sep-solid\" style=\"--awb-height:20px;--awb-amount:20px;border-color:#54b948;border-top-width:6px;\"><\/div><\/div><div class=\"fusion-sep-clear\"><\/div><div class=\"fusion-text fusion-text-6\"><p>La S\u00e9curit\u00e9 et la Qualit\u00e9 de nos produits constituent notre plus grande responsabilit\u00e9. Nos produits offrent au client toutes les garanties sanitaires, en respectant toutes les exigences r\u00e9glementaires, les processus internes ainsi que les sp\u00e9cifications pouvant \u00eatre exig\u00e9es par nos clients.<\/p>\n<div><\/div>\n<div><\/div>\n<\/div><div class=\"fusion-title title fusion-title-7 fusion-sep-none fusion-title-text fusion-title-size-three\" style=\"--awb-margin-top:15px;\"><h3 class=\"title-heading-left fusion-responsive-typography-calculated\" style=\"margin:0;--fontSize:22;--minFontSize:22;line-height:1.2;\">6. Engagement<\/h3><\/div><div class=\"fusion-sep-clear\"><\/div><div class=\"fusion-separator fusion-clearfix\" style=\"float:left;margin-top:10px;margin-bottom:20px;width:100%;max-width:10%;\"><div class=\"fusion-separator-border sep-single sep-solid\" style=\"--awb-height:20px;--awb-amount:20px;border-color:#54b948;border-top-width:6px;\"><\/div><\/div><div class=\"fusion-sep-clear\"><\/div><div class=\"fusion-text fusion-text-7\"><p>La Direction de <span style=\"color: #178e2e;\"><strong>Bajamar<\/strong><\/span> s\u2019engage \u00e0 soutenir le Syst\u00e8me de Qualit\u00e9 et de S\u00e9curit\u00e9 Alimentaire et \u00e0 doter celui-ci de toutes les ressources n\u00e9cessaires \u00e0 son fonctionnement optimal et \u00e0 la r\u00e9alisation des objectifs d\u00e9finis. Aussi sollicite-t-elle \u00e0 tous les collaborateurs de l\u2019entreprise de respecter les exigences relevant de leur responsabilit\u00e9.<\/p>\n<p><span style=\"color: #178e2e;\"><strong>Bajamar<\/strong><\/span> s\u2019engage \u00e0 employer tous les moyens dont elle dispose pour \u00e9viter la fraude dans le processus de fabrication et de commercialisation de ses produits, respectant ainsi fid\u00e8lement la l\u00e9gislation et la transparence de l\u2019information.<\/p>\n<\/div><div class=\"fusion-clearfix\"><\/div><\/div><\/div><\/div><\/div><\/p>\n","protected":false},"excerpt":{"rendered":"","protected":false},"author":1,"featured_media":0,"parent":0,"menu_order":18,"comment_status":"closed","ping_status":"closed","template":"","meta":[],"yoast_head":"<!-- This site is optimized with the Yoast SEO Premium plugin v20.6 (Yoast SEO v20.8) - https:\/\/yoast.com\/wordpress\/plugins\/seo\/ -->\n<title>POLITIQUE G\u00c9N\u00c9RALE DE L\u2019ENTREPRISE - Bajamar. Mam\u00eda<\/title>\n<meta name=\"robots\" content=\"noindex, follow\" \/>\n<meta property=\"og:locale\" content=\"fr_FR\" \/>\n<meta property=\"og:type\" content=\"article\" \/>\n<meta property=\"og:title\" content=\"POLITIQUE G\u00c9N\u00c9RALE DE L\u2019ENTREPRISE\" \/>\n<meta property=\"og:url\" content=\"https:\/\/bajamar-mamia.com\/fr\/politique-generale-de-lentreprise\/\" \/>\n<meta property=\"og:site_name\" content=\"Bajamar. Mam\u00eda\" \/>\n<meta property=\"article:publisher\" content=\"https:\/\/www.facebook.com\/bajamar.mamia\/\" \/>\n<meta property=\"article:modified_time\" content=\"2019-07-16T16:43:06+00:00\" \/>\n<meta name=\"twitter:card\" content=\"summary_large_image\" \/>\n<meta name=\"twitter:label1\" content=\"Dur\u00e9e de lecture estim\u00e9e\" \/>\n\t<meta name=\"twitter:data1\" content=\"10 minutes\" \/>\n<script type=\"application\/ld+json\" class=\"yoast-schema-graph\">{\"@context\":\"https:\/\/schema.org\",\"@graph\":[{\"@type\":\"WebPage\",\"@id\":\"https:\/\/bajamar-mamia.com\/fr\/politique-generale-de-lentreprise\/\",\"url\":\"https:\/\/bajamar-mamia.com\/fr\/politique-generale-de-lentreprise\/\",\"name\":\"POLITIQUE G\u00c9N\u00c9RALE DE L\u2019ENTREPRISE - Bajamar. Mam\u00eda\",\"isPartOf\":{\"@id\":\"https:\/\/bajamar-mamia.com\/fr\/#website\"},\"datePublished\":\"2019-07-04T08:24:12+00:00\",\"dateModified\":\"2019-07-16T16:43:06+00:00\",\"breadcrumb\":{\"@id\":\"https:\/\/bajamar-mamia.com\/fr\/politique-generale-de-lentreprise\/#breadcrumb\"},\"inLanguage\":\"fr-FR\",\"potentialAction\":[{\"@type\":\"ReadAction\",\"target\":[\"https:\/\/bajamar-mamia.com\/fr\/politique-generale-de-lentreprise\/\"]}]},{\"@type\":\"BreadcrumbList\",\"@id\":\"https:\/\/bajamar-mamia.com\/fr\/politique-generale-de-lentreprise\/#breadcrumb\",\"itemListElement\":[{\"@type\":\"ListItem\",\"position\":1,\"name\":\"Portada\",\"item\":\"https:\/\/bajamar-mamia.com\/fr\/\"},{\"@type\":\"ListItem\",\"position\":2,\"name\":\"POLITIQUE G\u00c9N\u00c9RALE DE L\u2019ENTREPRISE\"}]},{\"@type\":\"WebSite\",\"@id\":\"https:\/\/bajamar-mamia.com\/fr\/#website\",\"url\":\"https:\/\/bajamar-mamia.com\/fr\/\",\"name\":\"Bajamar. Mam\u00eda\",\"description\":\"Conservas Bajamar\",\"publisher\":{\"@id\":\"https:\/\/bajamar-mamia.com\/fr\/#organization\"},\"potentialAction\":[{\"@type\":\"SearchAction\",\"target\":{\"@type\":\"EntryPoint\",\"urlTemplate\":\"https:\/\/bajamar-mamia.com\/fr\/?s={search_term_string}\"},\"query-input\":\"required name=search_term_string\"}],\"inLanguage\":\"fr-FR\"},{\"@type\":\"Organization\",\"@id\":\"https:\/\/bajamar-mamia.com\/fr\/#organization\",\"name\":\"Bajamar SA\",\"url\":\"https:\/\/bajamar-mamia.com\/fr\/\",\"logo\":{\"@type\":\"ImageObject\",\"inLanguage\":\"fr-FR\",\"@id\":\"https:\/\/bajamar-mamia.com\/fr\/#\/schema\/logo\/image\/\",\"url\":\"https:\/\/bajamar-mamia.com\/wp-content\/uploads\/logo-bajamar-mamia.png\",\"contentUrl\":\"https:\/\/bajamar-mamia.com\/wp-content\/uploads\/logo-bajamar-mamia.png\",\"width\":300,\"height\":54,\"caption\":\"Bajamar SA\"},\"image\":{\"@id\":\"https:\/\/bajamar-mamia.com\/fr\/#\/schema\/logo\/image\/\"},\"sameAs\":[\"https:\/\/www.facebook.com\/bajamar.mamia\/\"]}]}<\/script>\n<!-- \/ Yoast SEO Premium plugin. -->","yoast_head_json":{"title":"POLITIQUE G\u00c9N\u00c9RALE DE L\u2019ENTREPRISE - Bajamar. Mam\u00eda","robots":{"index":"noindex","follow":"follow"},"og_locale":"fr_FR","og_type":"article","og_title":"POLITIQUE G\u00c9N\u00c9RALE DE L\u2019ENTREPRISE","og_url":"https:\/\/bajamar-mamia.com\/fr\/politique-generale-de-lentreprise\/","og_site_name":"Bajamar. Mam\u00eda","article_publisher":"https:\/\/www.facebook.com\/bajamar.mamia\/","article_modified_time":"2019-07-16T16:43:06+00:00","twitter_card":"summary_large_image","twitter_misc":{"Dur\u00e9e de lecture estim\u00e9e":"10 minutes"},"schema":{"@context":"https:\/\/schema.org","@graph":[{"@type":"WebPage","@id":"https:\/\/bajamar-mamia.com\/fr\/politique-generale-de-lentreprise\/","url":"https:\/\/bajamar-mamia.com\/fr\/politique-generale-de-lentreprise\/","name":"POLITIQUE G\u00c9N\u00c9RALE DE L\u2019ENTREPRISE - Bajamar. Mam\u00eda","isPartOf":{"@id":"https:\/\/bajamar-mamia.com\/fr\/#website"},"datePublished":"2019-07-04T08:24:12+00:00","dateModified":"2019-07-16T16:43:06+00:00","breadcrumb":{"@id":"https:\/\/bajamar-mamia.com\/fr\/politique-generale-de-lentreprise\/#breadcrumb"},"inLanguage":"fr-FR","potentialAction":[{"@type":"ReadAction","target":["https:\/\/bajamar-mamia.com\/fr\/politique-generale-de-lentreprise\/"]}]},{"@type":"BreadcrumbList","@id":"https:\/\/bajamar-mamia.com\/fr\/politique-generale-de-lentreprise\/#breadcrumb","itemListElement":[{"@type":"ListItem","position":1,"name":"Portada","item":"https:\/\/bajamar-mamia.com\/fr\/"},{"@type":"ListItem","position":2,"name":"POLITIQUE G\u00c9N\u00c9RALE DE L\u2019ENTREPRISE"}]},{"@type":"WebSite","@id":"https:\/\/bajamar-mamia.com\/fr\/#website","url":"https:\/\/bajamar-mamia.com\/fr\/","name":"Bajamar. Mam\u00eda","description":"Conservas Bajamar","publisher":{"@id":"https:\/\/bajamar-mamia.com\/fr\/#organization"},"potentialAction":[{"@type":"SearchAction","target":{"@type":"EntryPoint","urlTemplate":"https:\/\/bajamar-mamia.com\/fr\/?s={search_term_string}"},"query-input":"required name=search_term_string"}],"inLanguage":"fr-FR"},{"@type":"Organization","@id":"https:\/\/bajamar-mamia.com\/fr\/#organization","name":"Bajamar SA","url":"https:\/\/bajamar-mamia.com\/fr\/","logo":{"@type":"ImageObject","inLanguage":"fr-FR","@id":"https:\/\/bajamar-mamia.com\/fr\/#\/schema\/logo\/image\/","url":"https:\/\/bajamar-mamia.com\/wp-content\/uploads\/logo-bajamar-mamia.png","contentUrl":"https:\/\/bajamar-mamia.com\/wp-content\/uploads\/logo-bajamar-mamia.png","width":300,"height":54,"caption":"Bajamar SA"},"image":{"@id":"https:\/\/bajamar-mamia.com\/fr\/#\/schema\/logo\/image\/"},"sameAs":["https:\/\/www.facebook.com\/bajamar.mamia\/"]}]}},"_links":{"self":[{"href":"https:\/\/bajamar-mamia.com\/fr\/wp-json\/wp\/v2\/pages\/22341"}],"collection":[{"href":"https:\/\/bajamar-mamia.com\/fr\/wp-json\/wp\/v2\/pages"}],"about":[{"href":"https:\/\/bajamar-mamia.com\/fr\/wp-json\/wp\/v2\/types\/page"}],"author":[{"embeddable":true,"href":"https:\/\/bajamar-mamia.com\/fr\/wp-json\/wp\/v2\/users\/1"}],"replies":[{"embeddable":true,"href":"https:\/\/bajamar-mamia.com\/fr\/wp-json\/wp\/v2\/comments?post=22341"}],"version-history":[{"count":6,"href":"https:\/\/bajamar-mamia.com\/fr\/wp-json\/wp\/v2\/pages\/22341\/revisions"}],"predecessor-version":[{"id":22786,"href":"https:\/\/bajamar-mamia.com\/fr\/wp-json\/wp\/v2\/pages\/22341\/revisions\/22786"}],"wp:attachment":[{"href":"https:\/\/bajamar-mamia.com\/fr\/wp-json\/wp\/v2\/media?parent=22341"}],"curies":[{"name":"wp","href":"https:\/\/api.w.org\/{rel}","templated":true}]}}