{"id":22309,"date":"2019-05-08T15:45:13","date_gmt":"2019-05-08T15:45:13","guid":{"rendered":"https:\/\/bajamar-mamia.com\/recetas\/"},"modified":"2019-07-26T12:19:43","modified_gmt":"2019-07-26T12:19:43","slug":"recettes","status":"publish","type":"page","link":"https:\/\/bajamar-mamia.com\/fr\/recettes\/","title":{"rendered":"RECETTES"},"content":{"rendered":"<div class=\"fusion-fullwidth fullwidth-box fusion-builder-row-1 nonhundred-percent-fullwidth non-hundred-percent-height-scrolling\" style=\"--awb-border-radius-top-left:0px;--awb-border-radius-top-right:0px;--awb-border-radius-bottom-right:0px;--awb-border-radius-bottom-left:0px;\" ><div class=\"fusion-builder-row fusion-row\"><div class=\"fusion-layout-column fusion_builder_column fusion-builder-column-0 fusion_builder_column_1_1 1_1 fusion-one-full fusion-column-first fusion-column-last\" style=\"--awb-bg-size:cover;\"><div class=\"fusion-column-wrapper fusion-column-has-shadow fusion-flex-column-wrapper-legacy\"><div class=\"fusion-title title fusion-title-1 fusion-sep-none fusion-title-text fusion-title-size-one\"><h1 class=\"title-heading-left fusion-responsive-typography-calculated\" style=\"margin:0;--fontSize:38;line-height:1.26;\">Nos Recettes<\/h1><\/div><div class=\"fusion-sep-clear\"><\/div><div class=\"fusion-separator fusion-clearfix\" style=\"float:left;margin-top:10px;margin-bottom:10px;width:100%;max-width:10%;\"><div class=\"fusion-separator-border sep-single sep-solid\" style=\"--awb-height:20px;--awb-amount:20px;border-color:#54b948;border-top-width:8px;\"><\/div><\/div><div class=\"fusion-sep-clear\"><\/div><div class=\"fusion-clearfix\"><\/div><\/div><\/div><div class=\"fusion-layout-column fusion_builder_column fusion-builder-column-1 fusion_builder_column_1_1 1_1 fusion-one-full fusion-column-first fusion-column-last\" style=\"--awb-bg-size:cover;\"><div class=\"fusion-column-wrapper fusion-column-has-shadow fusion-flex-column-wrapper-legacy\"><div class=\"fusion-blog-shortcode fusion-blog-shortcode-1 fusion-blog-archive fusion-blog-layout-grid-wrapper fusion-blog-infinite\"><style type=\"text\/css\">.fusion-blog-shortcode-1 .fusion-blog-layout-grid .fusion-post-grid{padding:10px;}.fusion-blog-shortcode-1 .fusion-posts-container{margin-left: -10px !important; margin-right:-10px !important;}<\/style><div class=\"fusion-posts-container fusion-posts-container-infinite fusion-no-meta-info fusion-blog-layout-grid fusion-blog-layout-grid-4 isotope\" data-pages=\"1\" data-grid-col-space=\"20\" style=\"margin: -10px -10px 0;min-height:500px;\"><article id=\"blog-1-post-22270\" class=\"fusion-post-grid post-22270 post type-post status-publish format-standard has-post-thumbnail hentry category-recettes\">\n<div class=\"fusion-post-wrapper\" style=\"background-color:rgba(255,255,255,0);border:1px solid rgba(204,204,204,0.69);border-bottom-width:3px;\">\n\n\t\t\t<div class=\"fusion-flexslider flexslider fusion-flexslider-loading fusion-post-slideshow\" style=\"border-color:rgba(204,204,204,0.69);\">\n\t\t<ul class=\"slides\">\n\t\t\t\n\t\t\t\t\t\t\t\t\t\t\t\t\t\t<li><div  class=\"fusion-image-wrapper\" aria-haspopup=\"true\">\n\t\t\t\t\t\t\t<a href=\"https:\/\/bajamar-mamia.com\/fr\/poivron-piquillo-de-la-vallee-de-lebre-farci-au-fromage\/\" aria-label=\"Poivron Piquillo de la Vall\u00e9e de l\u2019\u00c8bre farci au fromage\">\n\t\t\t\t\t\t\t<img width=\"900\" height=\"681\" src=\"https:\/\/bajamar-mamia.com\/wp-content\/uploads\/receta01a.jpg\" class=\"attachment-full size-full wp-post-image\" alt=\"Pimiento del piquillo del Valle del Ebro relleno de queso\" decoding=\"async\" srcset=\"https:\/\/bajamar-mamia.com\/wp-content\/uploads\/receta01a-200x151.jpg 200w, https:\/\/bajamar-mamia.com\/wp-content\/uploads\/receta01a-400x303.jpg 400w, https:\/\/bajamar-mamia.com\/wp-content\/uploads\/receta01a-600x454.jpg 600w, https:\/\/bajamar-mamia.com\/wp-content\/uploads\/receta01a-800x605.jpg 800w, https:\/\/bajamar-mamia.com\/wp-content\/uploads\/receta01a.jpg 900w\" sizes=\"(min-width: 2200px) 100vw, (min-width: 915px) 278px, (min-width: 824px) 370px, (min-width: 732px) 555px, (min-width: 640px) 732px, \" \/>\t\t\t<\/a>\n\t\t\t\t\t\t\t<\/div>\n<\/li>\n\t\t\t\n\t\t\t\n\t\t\t\t\t\t\t\t\t\t\t\n\t\t\t\t\t\n\t\t\t\t\t\t\t\t\t\t\t<li>\n\t\t\t\t\t\t\t<div class=\"fusion-image-wrapper\">\n\t\t\t\t\t\t\t\t<a href=\"https:\/\/bajamar-mamia.com\/fr\/poivron-piquillo-de-la-vallee-de-lebre-farci-au-fromage\/\" aria-label=\"Poivron Piquillo de la Vall\u00e9e de l\u2019\u00c8bre farci au fromage\">\n\t\t\t\t\t\t\t\t\t<img decoding=\"async\" width=\"900\" height=\"681\" src=\"https:\/\/bajamar-mamia.com\/wp-content\/uploads\/receta01b.jpg\" alt=\"Pimiento del piquillo del Valle del Ebro relleno de queso\" class=\"wp-image-23139\" role=\"presentation\" srcset=\"https:\/\/bajamar-mamia.com\/wp-content\/uploads\/receta01b-200x151.jpg 200w, https:\/\/bajamar-mamia.com\/wp-content\/uploads\/receta01b-400x303.jpg 400w, https:\/\/bajamar-mamia.com\/wp-content\/uploads\/receta01b-600x454.jpg 600w, https:\/\/bajamar-mamia.com\/wp-content\/uploads\/receta01b-800x605.jpg 800w, https:\/\/bajamar-mamia.com\/wp-content\/uploads\/receta01b.jpg 900w\" sizes=\"(min-width: 2200px) 100vw, (min-width: 915px) 278px, (min-width: 824px) 370px, (min-width: 732px) 555px, (min-width: 640px) 732px, \" \/>\t\t\t\t\t\t\t\t<\/a>\n\t\t\t\t\t\t\t\t<a style=\"display:none;\" href=\"https:\/\/bajamar-mamia.com\/wp-content\/uploads\/receta01b.jpg\" data-rel=\"iLightbox[gallery22270]\"  title=\"\" data-title=\"\" data-caption=\"\">\n\t\t\t\t\t\t\t\t\t\t\t\t\t\t\t\t\t\t\t<img style=\"display:none;\" alt=\"Pimiento del piquillo del Valle del Ebro relleno de queso\" role=\"presentation\" \/>\n\t\t\t\t\t\t\t\t\t\t\t\t\t\t\t\t\t<\/a>\n\t\t\t\t\t\t\t<\/div>\n\t\t\t\t\t\t<\/li>\n\t\t\t\t\t\t\t\t\t\t\t\t\t\t\t\t\t\t\t\t\t\t\t\t\t\t\t\t\t\t\t\t\t\t\t\t\t\t\t\t\t\t\t\t\t\t\t\t\t\t\t\t\t\t\t\t\t\t\t\t\t\t\t\t\t\t<\/ul>\n\t<\/div>\n\t<div class=\"fusion-post-content-wrapper\" style=\"padding:30px 25px 20px 25px;\"><div class=\"fusion-post-content post-content\"><h2 class=\"blog-shortcode-post-title entry-title\">Poivron Piquillo de la Vall\u00e9e de l\u2019\u00c8bre farci au fromage<\/h2><\/div><\/div><div class=\"fusion-clearfix\"><\/div><\/div>\n<\/article>\n<article id=\"blog-1-post-22279\" class=\"fusion-post-grid post-22279 post type-post status-publish format-standard has-post-thumbnail hentry category-recettes tag-avada-fr tag-store-fr tag-themefusion-fr\">\n<div class=\"fusion-post-wrapper\" style=\"background-color:rgba(255,255,255,0);border:1px solid rgba(204,204,204,0.69);border-bottom-width:3px;\">\n\n\t\t\t<div class=\"fusion-flexslider flexslider fusion-flexslider-loading fusion-post-slideshow\" style=\"border-color:rgba(204,204,204,0.69);\">\n\t\t<ul class=\"slides\">\n\t\t\t\n\t\t\t\t\t\t\t\t\t\t\t\t\t\t<li><div  class=\"fusion-image-wrapper\" aria-haspopup=\"true\">\n\t\t\t\t\t\t\t<a href=\"https:\/\/bajamar-mamia.com\/fr\/poivrons-farcis-a-la-creme-de-fromage\/\" aria-label=\"Poivrons farcis \u00e0 la cr\u00e8me de fromage\">\n\t\t\t\t\t\t\t<img width=\"900\" height=\"681\" src=\"https:\/\/bajamar-mamia.com\/wp-content\/uploads\/receta02.jpg\" class=\"attachment-full size-full wp-post-image\" alt=\"Pimientos rellenos de crema de queso\" decoding=\"async\" srcset=\"https:\/\/bajamar-mamia.com\/wp-content\/uploads\/receta02-200x151.jpg 200w, https:\/\/bajamar-mamia.com\/wp-content\/uploads\/receta02-400x303.jpg 400w, https:\/\/bajamar-mamia.com\/wp-content\/uploads\/receta02-600x454.jpg 600w, https:\/\/bajamar-mamia.com\/wp-content\/uploads\/receta02-800x605.jpg 800w, https:\/\/bajamar-mamia.com\/wp-content\/uploads\/receta02.jpg 900w\" sizes=\"(min-width: 2200px) 100vw, (min-width: 915px) 278px, (min-width: 824px) 370px, (min-width: 732px) 555px, (min-width: 640px) 732px, \" \/>\t\t\t<\/a>\n\t\t\t\t\t\t\t<\/div>\n<\/li>\n\t\t\t\n\t\t\t\n\t\t\t\t\t\t\t\t\t\t\t\t\t\t\t\t\t\t\t\t\t\t\t\t\t\t\t\t\t\t\t\t\t\t\t\t\t\t\t\t\t\t\t\t\t\t\t\t\t\t\t\t\t\t\t\t\t\t\t\t\t\t\t\t\t\t\t\t<\/ul>\n\t<\/div>\n\t<div class=\"fusion-post-content-wrapper\" style=\"padding:30px 25px 20px 25px;\"><div class=\"fusion-post-content post-content\"><h2 class=\"blog-shortcode-post-title entry-title\">Poivrons farcis \u00e0 la cr\u00e8me de fromage<\/h2><\/div><\/div><div class=\"fusion-clearfix\"><\/div><\/div>\n<\/article>\n<article id=\"blog-1-post-22288\" class=\"fusion-post-grid post-22288 post type-post status-publish format-standard has-post-thumbnail hentry category-recettes\">\n<div class=\"fusion-post-wrapper\" style=\"background-color:rgba(255,255,255,0);border:1px solid rgba(204,204,204,0.69);border-bottom-width:3px;\">\n\n\t\t\t<div class=\"fusion-flexslider flexslider fusion-flexslider-loading fusion-post-slideshow\" style=\"border-color:rgba(204,204,204,0.69);\">\n\t\t<ul class=\"slides\">\n\t\t\t\n\t\t\t\t\t\t\t\t\t\t\t\t\t\t<li><div  class=\"fusion-image-wrapper\" aria-haspopup=\"true\">\n\t\t\t\t\t\t\t<a href=\"https:\/\/bajamar-mamia.com\/fr\/poivrons-farcis-a-la-salade-de-riz\/\" aria-label=\"Poivrons farcis \u00e0 la salade de riz\">\n\t\t\t\t\t\t\t<img width=\"900\" height=\"681\" src=\"https:\/\/bajamar-mamia.com\/wp-content\/uploads\/receta03.jpg\" class=\"attachment-full size-full wp-post-image\" alt=\"Pimientos rellenos de ensalada de arroz\" decoding=\"async\" srcset=\"https:\/\/bajamar-mamia.com\/wp-content\/uploads\/receta03-200x151.jpg 200w, https:\/\/bajamar-mamia.com\/wp-content\/uploads\/receta03-400x303.jpg 400w, https:\/\/bajamar-mamia.com\/wp-content\/uploads\/receta03-600x454.jpg 600w, https:\/\/bajamar-mamia.com\/wp-content\/uploads\/receta03-800x605.jpg 800w, https:\/\/bajamar-mamia.com\/wp-content\/uploads\/receta03.jpg 900w\" sizes=\"(min-width: 2200px) 100vw, (min-width: 915px) 278px, (min-width: 824px) 370px, (min-width: 732px) 555px, (min-width: 640px) 732px, \" \/>\t\t\t<\/a>\n\t\t\t\t\t\t\t<\/div>\n<\/li>\n\t\t\t\n\t\t\t\n\t\t\t\t\t\t\t\t\t\t\t\t\t\t\t\t\t\t\t\t\t\t\t\t\t\t\t\t\t\t\t\t\t\t\t\t\t\t\t\t\t\t\t\t\t\t\t\t\t\t\t\t\t\t\t\t\t\t\t\t\t\t\t\t\t\t\t\t<\/ul>\n\t<\/div>\n\t<div class=\"fusion-post-content-wrapper\" style=\"padding:30px 25px 20px 25px;\"><div class=\"fusion-post-content post-content\"><h2 class=\"blog-shortcode-post-title entry-title\">Poivrons farcis \u00e0 la salade de riz<\/h2><\/div><\/div><div class=\"fusion-clearfix\"><\/div><\/div>\n<\/article>\n<article id=\"blog-1-post-22299\" class=\"fusion-post-grid post-22299 post type-post status-publish format-standard has-post-thumbnail hentry category-recettes\">\n<div class=\"fusion-post-wrapper\" style=\"background-color:rgba(255,255,255,0);border:1px solid rgba(204,204,204,0.69);border-bottom-width:3px;\">\n\n\t\t\t<div class=\"fusion-flexslider flexslider fusion-flexslider-loading fusion-post-slideshow\" style=\"border-color:rgba(204,204,204,0.69);\">\n\t\t<ul class=\"slides\">\n\t\t\t\n\t\t\t\t\t\t\t\t\t\t\t\t\t\t<li><div  class=\"fusion-image-wrapper\" aria-haspopup=\"true\">\n\t\t\t\t\t\t\t<a href=\"https:\/\/bajamar-mamia.com\/fr\/filet-de-boeuf-et-couronne-vegetale\/\" aria-label=\"Filet de boeuf et couronne veg\u00e9tale\">\n\t\t\t\t\t\t\t<img width=\"900\" height=\"681\" src=\"https:\/\/bajamar-mamia.com\/wp-content\/uploads\/receta04.jpg\" class=\"attachment-full size-full wp-post-image\" alt=\"Solomillo especial con corona vegetal\" decoding=\"async\" srcset=\"https:\/\/bajamar-mamia.com\/wp-content\/uploads\/receta04-200x151.jpg 200w, https:\/\/bajamar-mamia.com\/wp-content\/uploads\/receta04-400x303.jpg 400w, https:\/\/bajamar-mamia.com\/wp-content\/uploads\/receta04-600x454.jpg 600w, https:\/\/bajamar-mamia.com\/wp-content\/uploads\/receta04-800x605.jpg 800w, https:\/\/bajamar-mamia.com\/wp-content\/uploads\/receta04.jpg 900w\" sizes=\"(min-width: 2200px) 100vw, (min-width: 915px) 278px, (min-width: 824px) 370px, (min-width: 732px) 555px, (min-width: 640px) 732px, \" \/>\t\t\t<\/a>\n\t\t\t\t\t\t\t<\/div>\n<\/li>\n\t\t\t\n\t\t\t\n\t\t\t\t\t\t\t\t\t\t\t\t\t\t\t\t\t\t\t\t\t\t\t\t\t\t\t\t\t\t\t\t\t\t\t\t\t\t\t\t\t\t\t\t\t\t\t\t\t\t\t\t\t\t\t\t\t\t\t\t\t\t\t\t\t\t\t\t<\/ul>\n\t<\/div>\n\t<div class=\"fusion-post-content-wrapper\" style=\"padding:30px 25px 20px 25px;\"><div class=\"fusion-post-content post-content\"><h2 class=\"blog-shortcode-post-title entry-title\">Filet de boeuf et couronne veg\u00e9tale<\/h2><\/div><\/div><div class=\"fusion-clearfix\"><\/div><\/div>\n<\/article>\n<div class=\"fusion-clearfix\"><\/div><\/div><\/div><div class=\"fusion-clearfix\"><\/div><\/div><\/div><\/div><\/div>\n","protected":false},"excerpt":{"rendered":"","protected":false},"author":1,"featured_media":0,"parent":0,"menu_order":9,"comment_status":"closed","ping_status":"closed","template":"","meta":[],"yoast_head":"<!-- This site is optimized with the Yoast SEO Premium plugin v20.6 (Yoast SEO v20.8) - https:\/\/yoast.com\/wordpress\/plugins\/seo\/ -->\n<title>Nos Recettes. Poivron Piquillo de la Vall\u00e9e de l\u2019\u00c8bre farci au fromage.<\/title>\n<meta name=\"description\" content=\"Poivron Piquillo de la Vall\u00e9e de l\u2019\u00c8bre farci au fromage, Poivrons farcis \u00e0 la cr\u00e8me de fromage, Poivrons farcis \u00e0 la salade de riz.\" \/>\n<meta name=\"robots\" content=\"index, follow, max-snippet:-1, max-image-preview:large, max-video-preview:-1\" \/>\n<link rel=\"canonical\" href=\"https:\/\/bajamar-mamia.com\/fr\/recettes\/\" \/>\n<meta property=\"og:locale\" content=\"fr_FR\" \/>\n<meta property=\"og:type\" content=\"article\" \/>\n<meta property=\"og:title\" content=\"RECETTES\" \/>\n<meta property=\"og:description\" content=\"Poivron Piquillo de la Vall\u00e9e de l\u2019\u00c8bre farci au fromage, Poivrons farcis \u00e0 la cr\u00e8me de fromage, Poivrons farcis \u00e0 la salade de riz.\" \/>\n<meta property=\"og:url\" content=\"https:\/\/bajamar-mamia.com\/fr\/recettes\/\" \/>\n<meta property=\"og:site_name\" content=\"Bajamar. Mam\u00eda\" \/>\n<meta property=\"article:publisher\" content=\"https:\/\/www.facebook.com\/bajamar.mamia\/\" \/>\n<meta property=\"article:modified_time\" content=\"2019-07-26T12:19:43+00:00\" \/>\n<meta name=\"twitter:card\" content=\"summary_large_image\" \/>\n<meta name=\"twitter:label1\" content=\"Dur\u00e9e de lecture estim\u00e9e\" \/>\n\t<meta name=\"twitter:data1\" content=\"2 minutes\" \/>\n<script type=\"application\/ld+json\" class=\"yoast-schema-graph\">{\"@context\":\"https:\/\/schema.org\",\"@graph\":[{\"@type\":\"WebPage\",\"@id\":\"https:\/\/bajamar-mamia.com\/fr\/recettes\/\",\"url\":\"https:\/\/bajamar-mamia.com\/fr\/recettes\/\",\"name\":\"Nos Recettes. Poivron Piquillo de la Vall\u00e9e de l\u2019\u00c8bre farci au fromage.\",\"isPartOf\":{\"@id\":\"https:\/\/bajamar-mamia.com\/fr\/#website\"},\"datePublished\":\"2019-05-08T15:45:13+00:00\",\"dateModified\":\"2019-07-26T12:19:43+00:00\",\"description\":\"Poivron Piquillo de la Vall\u00e9e de l\u2019\u00c8bre farci au fromage, Poivrons farcis \u00e0 la cr\u00e8me de fromage, Poivrons farcis \u00e0 la salade de riz.\",\"breadcrumb\":{\"@id\":\"https:\/\/bajamar-mamia.com\/fr\/recettes\/#breadcrumb\"},\"inLanguage\":\"fr-FR\",\"potentialAction\":[{\"@type\":\"ReadAction\",\"target\":[\"https:\/\/bajamar-mamia.com\/fr\/recettes\/\"]}]},{\"@type\":\"BreadcrumbList\",\"@id\":\"https:\/\/bajamar-mamia.com\/fr\/recettes\/#breadcrumb\",\"itemListElement\":[{\"@type\":\"ListItem\",\"position\":1,\"name\":\"Portada\",\"item\":\"https:\/\/bajamar-mamia.com\/fr\/\"},{\"@type\":\"ListItem\",\"position\":2,\"name\":\"RECETTES\"}]},{\"@type\":\"WebSite\",\"@id\":\"https:\/\/bajamar-mamia.com\/fr\/#website\",\"url\":\"https:\/\/bajamar-mamia.com\/fr\/\",\"name\":\"Bajamar. Mam\u00eda\",\"description\":\"Conservas Bajamar\",\"publisher\":{\"@id\":\"https:\/\/bajamar-mamia.com\/fr\/#organization\"},\"potentialAction\":[{\"@type\":\"SearchAction\",\"target\":{\"@type\":\"EntryPoint\",\"urlTemplate\":\"https:\/\/bajamar-mamia.com\/fr\/?s={search_term_string}\"},\"query-input\":\"required name=search_term_string\"}],\"inLanguage\":\"fr-FR\"},{\"@type\":\"Organization\",\"@id\":\"https:\/\/bajamar-mamia.com\/fr\/#organization\",\"name\":\"Bajamar SA\",\"url\":\"https:\/\/bajamar-mamia.com\/fr\/\",\"logo\":{\"@type\":\"ImageObject\",\"inLanguage\":\"fr-FR\",\"@id\":\"https:\/\/bajamar-mamia.com\/fr\/#\/schema\/logo\/image\/\",\"url\":\"https:\/\/bajamar-mamia.com\/wp-content\/uploads\/logo-bajamar-mamia.png\",\"contentUrl\":\"https:\/\/bajamar-mamia.com\/wp-content\/uploads\/logo-bajamar-mamia.png\",\"width\":300,\"height\":54,\"caption\":\"Bajamar SA\"},\"image\":{\"@id\":\"https:\/\/bajamar-mamia.com\/fr\/#\/schema\/logo\/image\/\"},\"sameAs\":[\"https:\/\/www.facebook.com\/bajamar.mamia\/\"]}]}<\/script>\n<!-- \/ Yoast SEO Premium plugin. -->","yoast_head_json":{"title":"Nos Recettes. Poivron Piquillo de la Vall\u00e9e de l\u2019\u00c8bre farci au fromage.","description":"Poivron Piquillo de la Vall\u00e9e de l\u2019\u00c8bre farci au fromage, Poivrons farcis \u00e0 la cr\u00e8me de fromage, Poivrons farcis \u00e0 la salade de riz.","robots":{"index":"index","follow":"follow","max-snippet":"max-snippet:-1","max-image-preview":"max-image-preview:large","max-video-preview":"max-video-preview:-1"},"canonical":"https:\/\/bajamar-mamia.com\/fr\/recettes\/","og_locale":"fr_FR","og_type":"article","og_title":"RECETTES","og_description":"Poivron Piquillo de la Vall\u00e9e de l\u2019\u00c8bre farci au fromage, Poivrons farcis \u00e0 la cr\u00e8me de fromage, Poivrons farcis \u00e0 la salade de riz.","og_url":"https:\/\/bajamar-mamia.com\/fr\/recettes\/","og_site_name":"Bajamar. Mam\u00eda","article_publisher":"https:\/\/www.facebook.com\/bajamar.mamia\/","article_modified_time":"2019-07-26T12:19:43+00:00","twitter_card":"summary_large_image","twitter_misc":{"Dur\u00e9e de lecture estim\u00e9e":"2 minutes"},"schema":{"@context":"https:\/\/schema.org","@graph":[{"@type":"WebPage","@id":"https:\/\/bajamar-mamia.com\/fr\/recettes\/","url":"https:\/\/bajamar-mamia.com\/fr\/recettes\/","name":"Nos Recettes. Poivron Piquillo de la Vall\u00e9e de l\u2019\u00c8bre farci au fromage.","isPartOf":{"@id":"https:\/\/bajamar-mamia.com\/fr\/#website"},"datePublished":"2019-05-08T15:45:13+00:00","dateModified":"2019-07-26T12:19:43+00:00","description":"Poivron Piquillo de la Vall\u00e9e de l\u2019\u00c8bre farci au fromage, Poivrons farcis \u00e0 la cr\u00e8me de fromage, Poivrons farcis \u00e0 la salade de riz.","breadcrumb":{"@id":"https:\/\/bajamar-mamia.com\/fr\/recettes\/#breadcrumb"},"inLanguage":"fr-FR","potentialAction":[{"@type":"ReadAction","target":["https:\/\/bajamar-mamia.com\/fr\/recettes\/"]}]},{"@type":"BreadcrumbList","@id":"https:\/\/bajamar-mamia.com\/fr\/recettes\/#breadcrumb","itemListElement":[{"@type":"ListItem","position":1,"name":"Portada","item":"https:\/\/bajamar-mamia.com\/fr\/"},{"@type":"ListItem","position":2,"name":"RECETTES"}]},{"@type":"WebSite","@id":"https:\/\/bajamar-mamia.com\/fr\/#website","url":"https:\/\/bajamar-mamia.com\/fr\/","name":"Bajamar. Mam\u00eda","description":"Conservas Bajamar","publisher":{"@id":"https:\/\/bajamar-mamia.com\/fr\/#organization"},"potentialAction":[{"@type":"SearchAction","target":{"@type":"EntryPoint","urlTemplate":"https:\/\/bajamar-mamia.com\/fr\/?s={search_term_string}"},"query-input":"required name=search_term_string"}],"inLanguage":"fr-FR"},{"@type":"Organization","@id":"https:\/\/bajamar-mamia.com\/fr\/#organization","name":"Bajamar SA","url":"https:\/\/bajamar-mamia.com\/fr\/","logo":{"@type":"ImageObject","inLanguage":"fr-FR","@id":"https:\/\/bajamar-mamia.com\/fr\/#\/schema\/logo\/image\/","url":"https:\/\/bajamar-mamia.com\/wp-content\/uploads\/logo-bajamar-mamia.png","contentUrl":"https:\/\/bajamar-mamia.com\/wp-content\/uploads\/logo-bajamar-mamia.png","width":300,"height":54,"caption":"Bajamar SA"},"image":{"@id":"https:\/\/bajamar-mamia.com\/fr\/#\/schema\/logo\/image\/"},"sameAs":["https:\/\/www.facebook.com\/bajamar.mamia\/"]}]}},"_links":{"self":[{"href":"https:\/\/bajamar-mamia.com\/fr\/wp-json\/wp\/v2\/pages\/22309"}],"collection":[{"href":"https:\/\/bajamar-mamia.com\/fr\/wp-json\/wp\/v2\/pages"}],"about":[{"href":"https:\/\/bajamar-mamia.com\/fr\/wp-json\/wp\/v2\/types\/page"}],"author":[{"embeddable":true,"href":"https:\/\/bajamar-mamia.com\/fr\/wp-json\/wp\/v2\/users\/1"}],"replies":[{"embeddable":true,"href":"https:\/\/bajamar-mamia.com\/fr\/wp-json\/wp\/v2\/comments?post=22309"}],"version-history":[{"count":3,"href":"https:\/\/bajamar-mamia.com\/fr\/wp-json\/wp\/v2\/pages\/22309\/revisions"}],"predecessor-version":[{"id":22737,"href":"https:\/\/bajamar-mamia.com\/fr\/wp-json\/wp\/v2\/pages\/22309\/revisions\/22737"}],"wp:attachment":[{"href":"https:\/\/bajamar-mamia.com\/fr\/wp-json\/wp\/v2\/media?parent=22309"}],"curies":[{"name":"wp","href":"https:\/\/api.w.org\/{rel}","templated":true}]}}