{"id":22255,"date":"2019-05-22T11:33:38","date_gmt":"2019-05-22T11:33:38","guid":{"rendered":"https:\/\/bajamar-mamia.com\/dieta-mediterranea\/"},"modified":"2019-07-26T12:17:40","modified_gmt":"2019-07-26T12:17:40","slug":"diete-mediterraneenne","status":"publish","type":"page","link":"https:\/\/bajamar-mamia.com\/fr\/diete-mediterraneenne\/","title":{"rendered":"DIETE M\u00c9DIT\u00c9RRAN\u00c9ENNE"},"content":{"rendered":"<div class=\"fusion-fullwidth fullwidth-box fusion-builder-row-1 nonhundred-percent-fullwidth non-hundred-percent-height-scrolling\" style=\"--awb-border-radius-top-left:0px;--awb-border-radius-top-right:0px;--awb-border-radius-bottom-right:0px;--awb-border-radius-bottom-left:0px;\" ><div class=\"fusion-builder-row fusion-row\"><div class=\"fusion-layout-column fusion_builder_column fusion-builder-column-0 fusion_builder_column_1_1 1_1 fusion-one-full fusion-column-first fusion-column-last\" style=\"--awb-bg-size:cover;\"><div class=\"fusion-column-wrapper fusion-column-has-shadow fusion-flex-column-wrapper-legacy\"><div class=\"fusion-title title fusion-title-1 fusion-sep-none fusion-title-text fusion-title-size-one\"><h1 class=\"title-heading-left fusion-responsive-typography-calculated\" style=\"margin:0;--fontSize:38;line-height:1.26;\">Di\u00e8te m\u00e9dit\u00e9rran\u00e9enne et vie saine<\/h1><\/div><div class=\"fusion-sep-clear\"><\/div><div class=\"fusion-separator fusion-clearfix\" style=\"float:left;margin-top:10px;margin-bottom:-10px;width:100%;max-width:10%;\"><div class=\"fusion-separator-border sep-single sep-solid\" style=\"--awb-height:20px;--awb-amount:20px;border-color:#54b948;border-top-width:8px;\"><\/div><\/div><div class=\"fusion-sep-clear\"><\/div><div class=\"fusion-clearfix\"><\/div><\/div><\/div><div class=\"fusion-layout-column fusion_builder_column fusion-builder-column-1 fusion_builder_column_1_2 1_2 fusion-one-half fusion-column-first\" style=\"--awb-bg-size:cover;width:50%;width:calc(50% - ( ( 4% ) * 0.5 ) );margin-right: 4%;\"><div class=\"fusion-column-wrapper fusion-column-has-shadow fusion-flex-column-wrapper-legacy\"><div class=\"fusion-text fusion-text-1\"><p>Dans une vie saine, l\u2019alimentation joue un r\u00f4le tr\u00e8s important. Aussi convient-il de faire un peu d\u2019exercice et de suivre un rythme de sommeil permettant un repos r\u00e9g\u00e9n\u00e9rateur.<\/p>\n<p>Depuis <span style=\"color: #178e2e;\"><strong>Bajamar<\/strong><\/span>, nous vous proposons quelques conseils pour une alimentation \u00e9quilibr\u00e9e bas\u00e9e sur la <strong>Di\u00e8te M\u00e9dit\u00e9ran\u00e9enne<\/strong>.<\/p>\n<p>L\u2019alimentation doit, de pr\u00e9f\u00e9rence, \u00eatre vari\u00e9e et inclure tous les groupes d\u2019aliments contenant les diff\u00e9rents nutriments\u00a0: Glucides, Prot\u00e9ines et Graisses, Vitamines et min\u00e9raux, chacun d\u2019entre eux \u00e9tant n\u00e9cessaire au bon fonctionnement de l\u2019organisme.<\/p>\n<\/div><div class=\"fusion-clearfix\"><\/div><\/div><\/div><div class=\"fusion-layout-column fusion_builder_column fusion-builder-column-2 fusion_builder_column_1_2 1_2 fusion-one-half fusion-column-last\" style=\"--awb-bg-size:cover;width:50%;width:calc(50% - ( ( 4% ) * 0.5 ) );\"><div class=\"fusion-column-wrapper fusion-column-has-shadow fusion-flex-column-wrapper-legacy\"><div class=\"fusion-text fusion-text-2\"><p>L\u2019absorption des nutriments doit majoritairement provenir des glucides (ou hydrates de carbone), environ 60%, en veillant \u00e0 ce que les calories qui proviennent des Hydrates de Carbone simples, tels que le sucre, ne repr\u00e9sentent pas plus de 10% des calories journali\u00e8res. 15% de prot\u00e9ines et 25% de graisses.<\/p>\n<p>Ce 25% de graisses \u00e9quivaut \u00e0 5 cuill\u00e8res \u00e0 soupe d\u2019huile d\u2019olive par jour. Il faut cependant tenir compte du fait que l\u2019absorption de graisses comprend les apports en graisse dans leur totalit\u00e9, non seulement celles que contiennent les aliments et mais aussi celles utilis\u00e9es dans leur \u00e9laboration. L\u2019un des piliers de la Di\u00e8te M\u00e9diterran\u00e9enne est l\u2019huile d\u2019olive, le meilleur alli\u00e9 d\u2019une cuisine saine puisqu\u2019elle pr\u00e9vient l\u2019apparition de cholest\u00e9rol.<\/p>\n<\/div><div class=\"fusion-clearfix\"><\/div><\/div><\/div><div class=\"fusion-layout-column fusion_builder_column fusion-builder-column-3 fusion_builder_column_1_2 1_2 fusion-one-half fusion-column-first\" style=\"--awb-padding-top:25px;--awb-padding-right:15px;--awb-padding-bottom:15px;--awb-padding-left:15px;--awb-overflow:hidden;--awb-bg-color:#eaeaea;--awb-bg-size:cover;--awb-border-radius:20px 20px 20px 20px;width:50%;width:calc(50% - ( ( 4% ) * 0.5 ) );margin-right: 4%;\"><div class=\"fusion-column-wrapper fusion-column-has-shadow fusion-flex-column-wrapper-legacy\"><div class=\"fusion-column-content-centered\"><div class=\"fusion-column-content\"><div class=\"fusion-text fusion-text-3\"><p style=\"text-align: center;\">Une alimentation hebdomadaire doit comprendre:<\/p>\n<\/div><div class=\"fusion-sep-clear\"><\/div><div class=\"fusion-separator fusion-full-width-sep fusion-clearfix\" style=\"float:left;margin-bottom:22px;width:100%;\"><div class=\"fusion-separator-border sep-single sep-solid\" style=\"--awb-height:20px;--awb-amount:20px;--awb-sep-color:#ffffff;border-color:#ffffff;border-top-width:4px;\"><\/div><\/div><div class=\"fusion-sep-clear\"><\/div><ul style=\"--awb-iconcolor:#54b948;--awb-line-height:23.8px;--awb-icon-width:23.8px;--awb-icon-height:23.8px;--awb-icon-margin:9.8px;--awb-content-margin:33.6px;\" class=\"fusion-checklist fusion-checklist-1 fusion-checklist-default type-icons\"><li class=\"fusion-li-item\" style=\"\"><span class=\"icon-wrapper circle-no\"><i class=\"fusion-li-icon fa-carrot fas\" aria-hidden=\"true\"><\/i><\/span><div class=\"fusion-li-item-content\">\n<p><strong>des L\u00e9gumes:<\/strong> 2 fois par jour<\/p>\n<\/div><\/li><li class=\"fusion-li-item\" style=\"\"><span class=\"icon-wrapper circle-no\"><i class=\"fusion-li-icon fa-apple-alt fas\" aria-hidden=\"true\"><\/i><\/span><div class=\"fusion-li-item-content\">\n<p><strong>des Fruits:<\/strong> trois fruits par jour<\/p>\n<\/div><\/li><li class=\"fusion-li-item\" style=\"\"><span class=\"icon-wrapper circle-no\"><i class=\"fusion-li-icon fa-drumstick-bite fas\" aria-hidden=\"true\"><\/i><\/span><div class=\"fusion-li-item-content\">\n<p><strong>des Prot\u00e9ines:<\/strong> du poisson et des viandes maigres ou blanches en alternance, r\u00e9servant les viandes rouges et la charcuterie pour une consommation occasionnelle, et jusqu\u2019\u00e0 4 \u0153ufs par semaine<\/p>\n<\/div><\/li><li class=\"fusion-li-item\" style=\"\"><span class=\"icon-wrapper circle-no\"><i class=\"fusion-li-icon fa-utensil-spoon fas\" aria-hidden=\"true\"><\/i><\/span><div class=\"fusion-li-item-content\">\n<p><strong>des L\u00e9gumineuses:<\/strong> 2\/3 jours par semaine, toujours comme plat unique ou principal et non comme entr\u00e9e.<\/p>\n<\/div><\/li><li class=\"fusion-li-item\" style=\"\"><span class=\"icon-wrapper circle-no\"><i class=\"fusion-li-icon fa-wine-bottle fas\" aria-hidden=\"true\"><\/i><\/span><div class=\"fusion-li-item-content\">\n<p><strong>des Produits laitiers:<\/strong> 2\/3 rations par jour (un verre de lait et un yaourt, par exemple)<\/p>\n<\/div><\/li><li class=\"fusion-li-item\" style=\"\"><span class=\"icon-wrapper circle-no\"><i class=\"fusion-li-icon fa-bacon fas\" aria-hidden=\"true\"><\/i><\/span><div class=\"fusion-li-item-content\">\n<p>du pain, du riz et des p\u00e2tes, chaque jour.<\/p>\n<\/div><\/li><\/ul><\/div><\/div><div class=\"fusion-clearfix\"><\/div><\/div><\/div><div class=\"fusion-layout-column fusion_builder_column fusion-builder-column-4 fusion_builder_column_1_2 1_2 fusion-one-half fusion-column-last\" style=\"--awb-bg-color:rgba(234,234,234,0);--awb-bg-size:cover;width:50%;width:calc(50% - ( ( 4% ) * 0.5 ) );\"><div class=\"fusion-column-wrapper fusion-column-has-shadow fusion-flex-column-wrapper-legacy\"><div class=\"fusion-column-content-centered\"><div class=\"fusion-column-content\"><div class=\"fusion-image-element in-legacy-container\" style=\"--awb-caption-title-font-family:var(--h2_typography-font-family);--awb-caption-title-font-weight:var(--h2_typography-font-weight);--awb-caption-title-font-style:var(--h2_typography-font-style);--awb-caption-title-size:var(--h2_typography-font-size);--awb-caption-title-transform:var(--h2_typography-text-transform);--awb-caption-title-line-height:var(--h2_typography-line-height);--awb-caption-title-letter-spacing:var(--h2_typography-letter-spacing);\"><span class=\" fusion-imageframe imageframe-none imageframe-1 hover-type-none\" class=\"image-magnify\" class=\"image-scroll\"><img decoding=\"async\" width=\"561\" height=\"373\" alt=\"Bajamar Mamia Dieta Mediterranea Vegetales Pescado\" src=\"http:\/\/bajamar-mamia.com\/wp-content\/uploads\/bajamar-mamia-dieta-mediterranea-vegetales-pescado.jpg\" class=\"img-responsive wp-image-22930\" srcset=\"https:\/\/bajamar-mamia.com\/wp-content\/uploads\/bajamar-mamia-dieta-mediterranea-vegetales-pescado-200x133.jpg 200w, https:\/\/bajamar-mamia.com\/wp-content\/uploads\/bajamar-mamia-dieta-mediterranea-vegetales-pescado-400x266.jpg 400w, https:\/\/bajamar-mamia.com\/wp-content\/uploads\/bajamar-mamia-dieta-mediterranea-vegetales-pescado.jpg 561w\" sizes=\"(max-width: 800px) 100vw, 561px\" \/><\/span><\/div><\/div><\/div><div class=\"fusion-clearfix\"><\/div><\/div><\/div><div class=\"fusion-layout-column fusion_builder_column fusion-builder-column-5 fusion_builder_column_1_2 1_2 fusion-one-half fusion-column-first\" style=\"--awb-padding-top:15px;--awb-bg-size:cover;width:50%;width:calc(50% - ( ( 4% ) * 0.5 ) );margin-right: 4%;\"><div class=\"fusion-column-wrapper fusion-column-has-shadow fusion-flex-column-wrapper-legacy\"><div class=\"fusion-image-element in-legacy-container\" style=\"--awb-caption-title-font-family:var(--h2_typography-font-family);--awb-caption-title-font-weight:var(--h2_typography-font-weight);--awb-caption-title-font-style:var(--h2_typography-font-style);--awb-caption-title-size:var(--h2_typography-font-size);--awb-caption-title-transform:var(--h2_typography-text-transform);--awb-caption-title-line-height:var(--h2_typography-line-height);--awb-caption-title-letter-spacing:var(--h2_typography-letter-spacing);\"><span class=\" fusion-imageframe imageframe-none imageframe-2 hover-type-none\" class=\"image-magnify\" class=\"image-scroll\"><img decoding=\"async\" width=\"561\" height=\"373\" alt=\"Bajamar Mamia Dieta Mediterranea Aceite Vegetales\" src=\"http:\/\/bajamar-mamia.com\/wp-content\/uploads\/dieta-mediterranea-aceite-vegetales-bajamar-mamia.jpg\" class=\"img-responsive wp-image-22256\" srcset=\"https:\/\/bajamar-mamia.com\/wp-content\/uploads\/dieta-mediterranea-aceite-vegetales-bajamar-mamia-200x133.jpg 200w, https:\/\/bajamar-mamia.com\/wp-content\/uploads\/dieta-mediterranea-aceite-vegetales-bajamar-mamia-400x266.jpg 400w, https:\/\/bajamar-mamia.com\/wp-content\/uploads\/dieta-mediterranea-aceite-vegetales-bajamar-mamia.jpg 561w\" sizes=\"(max-width: 800px) 100vw, 561px\" \/><\/span><\/div><div class=\"fusion-clearfix\"><\/div><\/div><\/div><div class=\"fusion-layout-column fusion_builder_column fusion-builder-column-6 fusion_builder_column_1_2 1_2 fusion-one-half fusion-column-last\" style=\"--awb-padding-top:15px;--awb-bg-size:cover;width:50%;width:calc(50% - ( ( 4% ) * 0.5 ) );\"><div class=\"fusion-column-wrapper fusion-column-has-shadow fusion-flex-column-wrapper-legacy\"><div class=\"fusion-text fusion-text-4\"><p>Une erreur habituelle concerne la taille des rations, puisque nous avons tendance \u00e0 manger en exc\u00e8s. Une ration de prot\u00e9ine de viande maigre \u00e9quivaut \u00e0 environ 125 gr., de poisson \u00e0 environ 125-150 gr.<\/p>\n<p>Les graisses satur\u00e9es, les sucreries, les boissons sucr\u00e9es et alcoolis\u00e9es ne sont pas \u00e0 bannir\u00a0 mais doivent \u00eatre consomm\u00e9es de fa\u00e7on occasionnelle et toujours dans une alimentation \u00e9quilibr\u00e9e.<\/p>\n<p>Ces consid\u00e9rations di\u00e9t\u00e9tiques sont pens\u00e9es pour une personne adulte en bonne sant\u00e9. S\u2019il est question de traiter un niveau \u00e9lev\u00e9 de cholest\u00e9rol, une hypertension ou encore un surpoids, il est recommand\u00e9 de suivre les conseils d\u2019un m\u00e9decin sp\u00e9cialis\u00e9 capable de superviser notre r\u00e9gime et nous aider \u00e0 l\u2019int\u00e9grer dans notre quotidien.<\/p>\n<p>Il en est de m\u00eame si l\u2019on suit une alimentation v\u00e9g\u00e9tarienne ou encore v\u00e9gane, requ\u00e9rant un tr\u00e8s bon contr\u00f4le des apports nutritionnels, afin de s\u2019assurer que l\u2019on ne souffre d\u2019aucune carence.<\/p>\n<\/div><div class=\"fusion-text fusion-text-5\"><\/div><div class=\"fusion-clearfix\"><\/div><\/div><\/div><div class=\"fusion-layout-column fusion_builder_column fusion-builder-column-7 fusion_builder_column_1_2 1_2 fusion-one-half fusion-column-first\" style=\"--awb-padding-top:15px;--awb-bg-size:cover;width:50%;width:calc(50% - ( ( 4% ) * 0.5 ) );margin-right: 4%;\"><div class=\"fusion-column-wrapper fusion-column-has-shadow fusion-flex-column-wrapper-legacy\"><div class=\"fusion-text fusion-text-6\"><p><span style=\"color: #178e2e;\"><strong>Bajamar<\/strong><\/span> contribue \u00e0 faciliter cette alimentation \u00e9quilibr\u00e9e avec des conserves de l\u00e9gumes totalement naturelles. Les asperges, par exemple, sont une magnifique source de fibres tout en \u00e9tant tr\u00e8s faibles en calories. De m\u00eame, les poivrons constituent une parfaite garniture \u00e0 faible teneur en calories et riche en vitamines A et C.<\/p>\n<p>La <strong>Di\u00e8te M\u00e9dit\u00e9rran\u00e9enne<\/strong> de <span style=\"color: #178e2e;\"><strong>Mam\u00eda<\/strong><\/span> est une bonne mani\u00e8re d\u2019int\u00e9grer les l\u00e9gumineuses dans l\u2019alimentation hebdomadaire. Cuisin\u00e9es avec des l\u00e9gumes et de l\u2019Huile d\u2019Olive Vierge Extra, sans colorants ni conservateurs, elles constituent un plat 100% naturel, d\u00e9licieux et \u00e9quilibr\u00e9.<\/p>\n<p>Il est \u00e9galement n\u00e9cessaire d\u2019inclure des fruits et l\u00e9gumes crus dans l\u2019alimentation. La salade offre de nombreuses variantes \u00e9vitant ainsi l\u2019ennui. Les poivrons \u00ab morrones \u00bb grill\u00e9s de <strong><span style=\"color: #178e2e;\">Bajamar<\/span><\/strong> lui donneront une touche de couleur et de douceur, et une asperge de Navarre lui apportera une touche gourmet.<\/p>\n<p>Tous nos produits indiquent, sur leur \u00e9tiquetage, les ingr\u00e9dients et les apports nutritionnels afin que le consommateur int\u00e8gre facilement nos conserves dans son alimentation.<\/p>\n<\/div><div class=\"fusion-clearfix\"><\/div><\/div><\/div><div class=\"fusion-layout-column fusion_builder_column fusion-builder-column-8 fusion_builder_column_1_2 1_2 fusion-one-half fusion-column-last\" style=\"--awb-padding-top:15px;--awb-bg-size:cover;width:50%;width:calc(50% - ( ( 4% ) * 0.5 ) );\"><div class=\"fusion-column-wrapper fusion-column-has-shadow fusion-flex-column-wrapper-legacy\"><div class=\"fusion-image-element in-legacy-container\" style=\"--awb-caption-title-font-family:var(--h2_typography-font-family);--awb-caption-title-font-weight:var(--h2_typography-font-weight);--awb-caption-title-font-style:var(--h2_typography-font-style);--awb-caption-title-size:var(--h2_typography-font-size);--awb-caption-title-transform:var(--h2_typography-text-transform);--awb-caption-title-line-height:var(--h2_typography-line-height);--awb-caption-title-letter-spacing:var(--h2_typography-letter-spacing);\"><span class=\" fusion-imageframe imageframe-none imageframe-3 hover-type-none\" class=\"image-magnify\" class=\"image-scroll\"><img decoding=\"async\" width=\"561\" height=\"373\" alt=\"Bajamar Mamia Dieta Mediterranea Familia\" src=\"http:\/\/bajamar-mamia.com\/wp-content\/uploads\/bajamar-mamia-dieta-mediterranea-familia.jpg\" class=\"img-responsive wp-image-22932\" srcset=\"https:\/\/bajamar-mamia.com\/wp-content\/uploads\/bajamar-mamia-dieta-mediterranea-familia-200x133.jpg 200w, https:\/\/bajamar-mamia.com\/wp-content\/uploads\/bajamar-mamia-dieta-mediterranea-familia-400x266.jpg 400w, https:\/\/bajamar-mamia.com\/wp-content\/uploads\/bajamar-mamia-dieta-mediterranea-familia.jpg 561w\" sizes=\"(max-width: 800px) 100vw, 561px\" \/><\/span><\/div><div class=\"fusion-clearfix\"><\/div><\/div><\/div><\/div><\/div>\n","protected":false},"excerpt":{"rendered":"","protected":false},"author":1,"featured_media":0,"parent":0,"menu_order":6,"comment_status":"closed","ping_status":"closed","template":"","meta":[],"yoast_head":"<!-- This site is optimized with the Yoast SEO Premium plugin v20.6 (Yoast SEO v20.8) - https:\/\/yoast.com\/wordpress\/plugins\/seo\/ -->\n<title>Di\u00e8te m\u00e9dit\u00e9rran\u00e9enne et vie saine<\/title>\n<meta name=\"description\" content=\"L\u2019alimentation doit, de pr\u00e9f\u00e9rence, \u00eatre vari\u00e9e et inclure tous les groupes d\u2019aliments contenant les diff\u00e9rents nutriments : Glucides, Prot\u00e9ines et Graisses\" \/>\n<meta name=\"robots\" content=\"index, follow, max-snippet:-1, max-image-preview:large, max-video-preview:-1\" \/>\n<link rel=\"canonical\" href=\"https:\/\/bajamar-mamia.com\/fr\/diete-mediterraneenne\/\" \/>\n<meta property=\"og:locale\" content=\"fr_FR\" \/>\n<meta property=\"og:type\" content=\"article\" \/>\n<meta property=\"og:title\" content=\"DIETE M\u00c9DIT\u00c9RRAN\u00c9ENNE\" \/>\n<meta property=\"og:description\" content=\"L\u2019alimentation doit, de pr\u00e9f\u00e9rence, \u00eatre vari\u00e9e et inclure tous les groupes d\u2019aliments contenant les diff\u00e9rents nutriments : Glucides, Prot\u00e9ines et Graisses\" \/>\n<meta property=\"og:url\" content=\"https:\/\/bajamar-mamia.com\/fr\/diete-mediterraneenne\/\" \/>\n<meta property=\"og:site_name\" content=\"Bajamar. Mam\u00eda\" \/>\n<meta property=\"article:publisher\" content=\"https:\/\/www.facebook.com\/bajamar.mamia\/\" \/>\n<meta property=\"article:modified_time\" content=\"2019-07-26T12:17:40+00:00\" \/>\n<meta name=\"twitter:card\" content=\"summary_large_image\" \/>\n<meta name=\"twitter:label1\" content=\"Dur\u00e9e de lecture estim\u00e9e\" \/>\n\t<meta name=\"twitter:data1\" content=\"11 minutes\" \/>\n<script type=\"application\/ld+json\" class=\"yoast-schema-graph\">{\"@context\":\"https:\/\/schema.org\",\"@graph\":[{\"@type\":\"WebPage\",\"@id\":\"https:\/\/bajamar-mamia.com\/fr\/diete-mediterraneenne\/\",\"url\":\"https:\/\/bajamar-mamia.com\/fr\/diete-mediterraneenne\/\",\"name\":\"Di\u00e8te m\u00e9dit\u00e9rran\u00e9enne et vie saine\",\"isPartOf\":{\"@id\":\"https:\/\/bajamar-mamia.com\/fr\/#website\"},\"datePublished\":\"2019-05-22T11:33:38+00:00\",\"dateModified\":\"2019-07-26T12:17:40+00:00\",\"description\":\"L\u2019alimentation doit, de pr\u00e9f\u00e9rence, \u00eatre vari\u00e9e et inclure tous les groupes d\u2019aliments contenant les diff\u00e9rents nutriments : Glucides, Prot\u00e9ines et Graisses\",\"breadcrumb\":{\"@id\":\"https:\/\/bajamar-mamia.com\/fr\/diete-mediterraneenne\/#breadcrumb\"},\"inLanguage\":\"fr-FR\",\"potentialAction\":[{\"@type\":\"ReadAction\",\"target\":[\"https:\/\/bajamar-mamia.com\/fr\/diete-mediterraneenne\/\"]}]},{\"@type\":\"BreadcrumbList\",\"@id\":\"https:\/\/bajamar-mamia.com\/fr\/diete-mediterraneenne\/#breadcrumb\",\"itemListElement\":[{\"@type\":\"ListItem\",\"position\":1,\"name\":\"Portada\",\"item\":\"https:\/\/bajamar-mamia.com\/fr\/\"},{\"@type\":\"ListItem\",\"position\":2,\"name\":\"DIETE M\u00c9DIT\u00c9RRAN\u00c9ENNE\"}]},{\"@type\":\"WebSite\",\"@id\":\"https:\/\/bajamar-mamia.com\/fr\/#website\",\"url\":\"https:\/\/bajamar-mamia.com\/fr\/\",\"name\":\"Bajamar. Mam\u00eda\",\"description\":\"Conservas Bajamar\",\"publisher\":{\"@id\":\"https:\/\/bajamar-mamia.com\/fr\/#organization\"},\"potentialAction\":[{\"@type\":\"SearchAction\",\"target\":{\"@type\":\"EntryPoint\",\"urlTemplate\":\"https:\/\/bajamar-mamia.com\/fr\/?s={search_term_string}\"},\"query-input\":\"required name=search_term_string\"}],\"inLanguage\":\"fr-FR\"},{\"@type\":\"Organization\",\"@id\":\"https:\/\/bajamar-mamia.com\/fr\/#organization\",\"name\":\"Bajamar SA\",\"url\":\"https:\/\/bajamar-mamia.com\/fr\/\",\"logo\":{\"@type\":\"ImageObject\",\"inLanguage\":\"fr-FR\",\"@id\":\"https:\/\/bajamar-mamia.com\/fr\/#\/schema\/logo\/image\/\",\"url\":\"https:\/\/bajamar-mamia.com\/wp-content\/uploads\/logo-bajamar-mamia.png\",\"contentUrl\":\"https:\/\/bajamar-mamia.com\/wp-content\/uploads\/logo-bajamar-mamia.png\",\"width\":300,\"height\":54,\"caption\":\"Bajamar SA\"},\"image\":{\"@id\":\"https:\/\/bajamar-mamia.com\/fr\/#\/schema\/logo\/image\/\"},\"sameAs\":[\"https:\/\/www.facebook.com\/bajamar.mamia\/\"]}]}<\/script>\n<!-- \/ Yoast SEO Premium plugin. -->","yoast_head_json":{"title":"Di\u00e8te m\u00e9dit\u00e9rran\u00e9enne et vie saine","description":"L\u2019alimentation doit, de pr\u00e9f\u00e9rence, \u00eatre vari\u00e9e et inclure tous les groupes d\u2019aliments contenant les diff\u00e9rents nutriments : Glucides, Prot\u00e9ines et Graisses","robots":{"index":"index","follow":"follow","max-snippet":"max-snippet:-1","max-image-preview":"max-image-preview:large","max-video-preview":"max-video-preview:-1"},"canonical":"https:\/\/bajamar-mamia.com\/fr\/diete-mediterraneenne\/","og_locale":"fr_FR","og_type":"article","og_title":"DIETE M\u00c9DIT\u00c9RRAN\u00c9ENNE","og_description":"L\u2019alimentation doit, de pr\u00e9f\u00e9rence, \u00eatre vari\u00e9e et inclure tous les groupes d\u2019aliments contenant les diff\u00e9rents nutriments : Glucides, Prot\u00e9ines et Graisses","og_url":"https:\/\/bajamar-mamia.com\/fr\/diete-mediterraneenne\/","og_site_name":"Bajamar. Mam\u00eda","article_publisher":"https:\/\/www.facebook.com\/bajamar.mamia\/","article_modified_time":"2019-07-26T12:17:40+00:00","twitter_card":"summary_large_image","twitter_misc":{"Dur\u00e9e de lecture estim\u00e9e":"11 minutes"},"schema":{"@context":"https:\/\/schema.org","@graph":[{"@type":"WebPage","@id":"https:\/\/bajamar-mamia.com\/fr\/diete-mediterraneenne\/","url":"https:\/\/bajamar-mamia.com\/fr\/diete-mediterraneenne\/","name":"Di\u00e8te m\u00e9dit\u00e9rran\u00e9enne et vie saine","isPartOf":{"@id":"https:\/\/bajamar-mamia.com\/fr\/#website"},"datePublished":"2019-05-22T11:33:38+00:00","dateModified":"2019-07-26T12:17:40+00:00","description":"L\u2019alimentation doit, de pr\u00e9f\u00e9rence, \u00eatre vari\u00e9e et inclure tous les groupes d\u2019aliments contenant les diff\u00e9rents nutriments : Glucides, Prot\u00e9ines et Graisses","breadcrumb":{"@id":"https:\/\/bajamar-mamia.com\/fr\/diete-mediterraneenne\/#breadcrumb"},"inLanguage":"fr-FR","potentialAction":[{"@type":"ReadAction","target":["https:\/\/bajamar-mamia.com\/fr\/diete-mediterraneenne\/"]}]},{"@type":"BreadcrumbList","@id":"https:\/\/bajamar-mamia.com\/fr\/diete-mediterraneenne\/#breadcrumb","itemListElement":[{"@type":"ListItem","position":1,"name":"Portada","item":"https:\/\/bajamar-mamia.com\/fr\/"},{"@type":"ListItem","position":2,"name":"DIETE M\u00c9DIT\u00c9RRAN\u00c9ENNE"}]},{"@type":"WebSite","@id":"https:\/\/bajamar-mamia.com\/fr\/#website","url":"https:\/\/bajamar-mamia.com\/fr\/","name":"Bajamar. Mam\u00eda","description":"Conservas Bajamar","publisher":{"@id":"https:\/\/bajamar-mamia.com\/fr\/#organization"},"potentialAction":[{"@type":"SearchAction","target":{"@type":"EntryPoint","urlTemplate":"https:\/\/bajamar-mamia.com\/fr\/?s={search_term_string}"},"query-input":"required name=search_term_string"}],"inLanguage":"fr-FR"},{"@type":"Organization","@id":"https:\/\/bajamar-mamia.com\/fr\/#organization","name":"Bajamar SA","url":"https:\/\/bajamar-mamia.com\/fr\/","logo":{"@type":"ImageObject","inLanguage":"fr-FR","@id":"https:\/\/bajamar-mamia.com\/fr\/#\/schema\/logo\/image\/","url":"https:\/\/bajamar-mamia.com\/wp-content\/uploads\/logo-bajamar-mamia.png","contentUrl":"https:\/\/bajamar-mamia.com\/wp-content\/uploads\/logo-bajamar-mamia.png","width":300,"height":54,"caption":"Bajamar SA"},"image":{"@id":"https:\/\/bajamar-mamia.com\/fr\/#\/schema\/logo\/image\/"},"sameAs":["https:\/\/www.facebook.com\/bajamar.mamia\/"]}]}},"_links":{"self":[{"href":"https:\/\/bajamar-mamia.com\/fr\/wp-json\/wp\/v2\/pages\/22255"}],"collection":[{"href":"https:\/\/bajamar-mamia.com\/fr\/wp-json\/wp\/v2\/pages"}],"about":[{"href":"https:\/\/bajamar-mamia.com\/fr\/wp-json\/wp\/v2\/types\/page"}],"author":[{"embeddable":true,"href":"https:\/\/bajamar-mamia.com\/fr\/wp-json\/wp\/v2\/users\/1"}],"replies":[{"embeddable":true,"href":"https:\/\/bajamar-mamia.com\/fr\/wp-json\/wp\/v2\/comments?post=22255"}],"version-history":[{"count":12,"href":"https:\/\/bajamar-mamia.com\/fr\/wp-json\/wp\/v2\/pages\/22255\/revisions"}],"predecessor-version":[{"id":23198,"href":"https:\/\/bajamar-mamia.com\/fr\/wp-json\/wp\/v2\/pages\/22255\/revisions\/23198"}],"wp:attachment":[{"href":"https:\/\/bajamar-mamia.com\/fr\/wp-json\/wp\/v2\/media?parent=22255"}],"curies":[{"name":"wp","href":"https:\/\/api.w.org\/{rel}","templated":true}]}}