{"id":22231,"date":"2019-05-27T16:30:41","date_gmt":"2019-05-27T16:30:41","guid":{"rendered":"https:\/\/bajamar-mamia.com\/internacional-exportacion\/"},"modified":"2024-05-08T10:52:12","modified_gmt":"2024-05-08T10:52:12","slug":"exportation-internationale","status":"publish","type":"page","link":"https:\/\/bajamar-mamia.com\/fr\/exportation-internationale\/","title":{"rendered":"EXPORTATION INTERNATIONALE"},"content":{"rendered":"<div class=\"fusion-fullwidth fullwidth-box fusion-builder-row-1 nonhundred-percent-fullwidth non-hundred-percent-height-scrolling\" style=\"--awb-border-radius-top-left:0px;--awb-border-radius-top-right:0px;--awb-border-radius-bottom-right:0px;--awb-border-radius-bottom-left:0px;\" ><div class=\"fusion-builder-row fusion-row\"><div class=\"fusion-layout-column fusion_builder_column fusion-builder-column-0 fusion_builder_column_1_1 1_1 fusion-one-full fusion-column-first fusion-column-last\" style=\"--awb-bg-size:cover;\"><div class=\"fusion-column-wrapper fusion-column-has-shadow fusion-flex-column-wrapper-legacy\"><div class=\"fusion-title title fusion-title-1 fusion-sep-none fusion-title-text fusion-title-size-one\"><h1 class=\"title-heading-left fusion-responsive-typography-calculated\" style=\"margin:0;--fontSize:38;line-height:1.26;\">Exportation Internationale<\/h1><\/div><div class=\"fusion-sep-clear\"><\/div><div class=\"fusion-separator fusion-clearfix\" style=\"float:left;margin-top:10px;margin-bottom:-10px;width:100%;max-width:10%;\"><div class=\"fusion-separator-border sep-single sep-solid\" style=\"--awb-height:20px;--awb-amount:20px;border-color:#54b948;border-top-width:8px;\"><\/div><\/div><div class=\"fusion-sep-clear\"><\/div><div class=\"fusion-clearfix\"><\/div><\/div><\/div><div class=\"fusion-layout-column fusion_builder_column fusion-builder-column-1 fusion_builder_column_1_2 1_2 fusion-one-half fusion-column-first\" style=\"--awb-bg-size:cover;width:50%;width:calc(50% - ( ( 4% ) * 0.5 ) );margin-right: 4%;\"><div class=\"fusion-column-wrapper fusion-column-has-shadow fusion-flex-column-wrapper-legacy\"><div class=\"fusion-text fusion-text-1\"><p>Chez <span style=\"color: #178e2e;\"><strong>Bajamar<\/strong><\/span>, nous exportons nos produits depuis le lancement de notre activit\u00e9 de fabrication. Le caract\u00e8re naturel et la qualit\u00e9 de nos conserves, associ\u00e9s \u00e0 la tradition m\u00e9diterran\u00e9enne et espagnole dont s\u2019inspirent nos plats, nous ont ouvert les portes des consommateurs du monde entier<\/p>\n<p>Nous disposons de certifications et de Labels de Qualit\u00e9 qui nous permettent de vendre nos produits sur les march\u00e9s \u00e9trangers.<\/p>\n<\/div><div class=\"fusion-button-wrapper\"><a class=\"fusion-button button-flat fusion-button-default-size button-default fusion-button-default button-1 fusion-button-default-span fusion-button-default-type\" target=\"_self\" href=\"https:\/\/bajamar-mamia.com\/fr\/qualite-recherche-developpement-innovation\/\"><span class=\"fusion-button-text\">VOIR LES CERTIFICATS DE QUALIT\u00c9<\/span><\/a><\/div><div class=\"fusion-sep-clear\"><\/div><div class=\"fusion-separator fusion-clearfix\" style=\"float:left;margin-top:10px;margin-bottom:10px;width:100%;max-width:10%;\"><\/div><div class=\"fusion-sep-clear\"><\/div><div class=\"fusion-text fusion-text-2\"><p>Si vous souhaitez en savoir plus sur nos produits dans votre zone, les importez ou encore les distribuer, n`h\u00e9sitez pas \u00e0 nous contacter.<\/p>\n<\/div><div class=\"fusion-button-wrapper\"><a class=\"fusion-button button-flat fusion-button-default-size button-default fusion-button-default button-2 fusion-button-default-span fusion-button-default-type\" target=\"_self\" href=\"https:\/\/bajamar-mamia.com\/fr\/contact\/\"><span class=\"fusion-button-text\">ACC\u00c9DER AU FORMULAIRE DE CONTACT<\/span><\/a><\/div><div class=\"fusion-clearfix\"><\/div><\/div><\/div><div class=\"fusion-layout-column fusion_builder_column fusion-builder-column-2 fusion_builder_column_1_2 1_2 fusion-one-half fusion-column-last\" style=\"--awb-bg-size:cover;width:50%;width:calc(50% - ( ( 4% ) * 0.5 ) );\"><div class=\"fusion-column-wrapper fusion-column-has-shadow fusion-flex-column-wrapper-legacy\">\n<div class=\"fusion-slider-revolution rev_slider_wrapper\">\t\t\t<!-- START MapaMundi REVOLUTION SLIDER 6.6.13 --><p class=\"rs-p-wp-fix\"><\/p>\n\t\t\t<rs-module-wrap id=\"rev_slider_4_1_wrapper\" data-source=\"gallery\" style=\"visibility:hidden;background:#ffffff;padding:0;margin:0px auto;margin-top:0;margin-bottom:0;\">\n\t\t\t\t<rs-module id=\"rev_slider_4_1\" style=\"\" data-version=\"6.6.13\">\n\t\t\t\t\t<rs-slides style=\"overflow: hidden; position: absolute;\">\n\t\t\t\t\t\t<rs-slide style=\"position: absolute;\" data-key=\"rs-24\" data-title=\"MapaMundi\" data-duration=\"520\" data-anim=\"adpr:false;\">\n\t\t\t\t\t\t\t<img src=\"\/\/bajamar-mamia.com\/wp-content\/plugins\/revslider\/public\/assets\/assets\/dummy.png\" alt=\"MapaMundi\" title=\"EXPORTATION INTERNATIONALE\" class=\"rev-slidebg tp-rs-img rs-lazyload\" data-lazyload=\"\/\/bajamar-mamia.com\/wp-content\/plugins\/revslider\/public\/assets\/assets\/transparent.png\" data-bg=\"p:center top;f:100% 100%;\" data-parallax=\"6\" data-no-retina>\n<!--\n\t\t\t\t\t\t\t--><rs-layer\n\t\t\t\t\t\t\t\tid=\"slider-4-slide-24-layer-15\" \n\t\t\t\t\t\t\t\tclass=\"rs-pxl-1\"\n\t\t\t\t\t\t\t\tdata-type=\"image\"\n\t\t\t\t\t\t\t\tdata-rsp_ch=\"on\"\n\t\t\t\t\t\t\t\tdata-xy=\"x:c;y:c;\"\n\t\t\t\t\t\t\t\tdata-text=\"l:22;\"\n\t\t\t\t\t\t\t\tdata-dim=\"w:560px;h:369px;\"\n\t\t\t\t\t\t\t\tdata-frame_0=\"sX:200;sY:200;o:30;tp:600;\"\n\t\t\t\t\t\t\t\tdata-frame_0_reverse=\"rZ:true;\"\n\t\t\t\t\t\t\t\tdata-frame_1=\"tp:600;e:power4.inOut;st:0;sp:3000;\"\n\t\t\t\t\t\t\t\tdata-frame_999=\"o:0;tp:600;e:nothing;st:w;sR:-2480;\"\n\t\t\t\t\t\t\t\tdata-loop_999=\"sp:4000;yym:t;yys:t;yyf:t;\"\n\t\t\t\t\t\t\t\tstyle=\"z-index:5;\"\n\t\t\t\t\t\t\t><img src=\"\/\/bajamar-mamia.com\/wp-content\/plugins\/revslider\/public\/assets\/assets\/dummy.png\" alt=\"Mapamundi Exportaci\u00f3n Bajamar Mam\u00eda\" class=\"tp-rs-img rs-lazyload\" width=\"560\" height=\"369\" data-lazyload=\"\/\/bajamar-mamia.com\/wp-content\/uploads\/mapamundi-exportacion.png\" data-no-retina> \n\t\t\t\t\t\t\t<\/rs-layer><!--\n-->\t\t\t\t\t\t<\/rs-slide>\n\t\t\t\t\t<\/rs-slides>\n\t\t\t\t<\/rs-module>\n\t\t\t\t<script>\n\t\t\t\t\tsetREVStartSize({c: 'rev_slider_4_1',rl:[1240,1024,778,480],el:[],gw:[560],gh:[369],type:'standard',justify:'',layout:'fullwidth',mh:\"0\"});if (window.RS_MODULES!==undefined && window.RS_MODULES.modules!==undefined && window.RS_MODULES.modules[\"revslider41\"]!==undefined) {window.RS_MODULES.modules[\"revslider41\"].once = false;window.revapi4 = undefined;if (window.RS_MODULES.checkMinimal!==undefined) window.RS_MODULES.checkMinimal()}\n\t\t\t\t<\/script>\n\t\t\t<\/rs-module-wrap>\n\t\t\t<!-- END REVOLUTION SLIDER -->\n<\/div><div class=\"fusion-clearfix\"><\/div><\/div><\/div><\/div><\/div>\n","protected":false},"excerpt":{"rendered":"","protected":false},"author":1,"featured_media":0,"parent":0,"menu_order":4,"comment_status":"closed","ping_status":"closed","template":"","meta":[],"yoast_head":"<!-- This site is optimized with the Yoast SEO Premium plugin v20.6 (Yoast SEO v20.8) - https:\/\/yoast.com\/wordpress\/plugins\/seo\/ -->\n<title>Exportons nos produits depuis le lancement de notre activit\u00e9 de fabrication.<\/title>\n<meta name=\"description\" content=\"Exportation Internationale, Chez Bajamar, nous exportons nos produits depuis le lancement de notre activit\u00e9 de fabrication.\" \/>\n<meta name=\"robots\" content=\"index, follow, max-snippet:-1, max-image-preview:large, max-video-preview:-1\" \/>\n<link rel=\"canonical\" href=\"https:\/\/bajamar-mamia.com\/fr\/exportation-internationale\/\" \/>\n<meta property=\"og:locale\" content=\"fr_FR\" \/>\n<meta property=\"og:type\" content=\"article\" \/>\n<meta property=\"og:title\" content=\"EXPORTATION INTERNATIONALE\" \/>\n<meta property=\"og:description\" content=\"Exportation Internationale, Chez Bajamar, nous exportons nos produits depuis le lancement de notre activit\u00e9 de fabrication.\" \/>\n<meta property=\"og:url\" content=\"https:\/\/bajamar-mamia.com\/fr\/exportation-internationale\/\" \/>\n<meta property=\"og:site_name\" content=\"Bajamar. Mam\u00eda\" \/>\n<meta property=\"article:publisher\" content=\"https:\/\/www.facebook.com\/bajamar.mamia\/\" \/>\n<meta property=\"article:modified_time\" content=\"2024-05-08T10:52:12+00:00\" \/>\n<meta name=\"twitter:card\" content=\"summary_large_image\" \/>\n<meta name=\"twitter:label1\" content=\"Dur\u00e9e de lecture estim\u00e9e\" \/>\n\t<meta name=\"twitter:data1\" content=\"2 minutes\" \/>\n<script type=\"application\/ld+json\" class=\"yoast-schema-graph\">{\"@context\":\"https:\/\/schema.org\",\"@graph\":[{\"@type\":\"WebPage\",\"@id\":\"https:\/\/bajamar-mamia.com\/fr\/exportation-internationale\/\",\"url\":\"https:\/\/bajamar-mamia.com\/fr\/exportation-internationale\/\",\"name\":\"Exportons nos produits depuis le lancement de notre activit\u00e9 de fabrication.\",\"isPartOf\":{\"@id\":\"https:\/\/bajamar-mamia.com\/fr\/#website\"},\"datePublished\":\"2019-05-27T16:30:41+00:00\",\"dateModified\":\"2024-05-08T10:52:12+00:00\",\"description\":\"Exportation Internationale, Chez Bajamar, nous exportons nos produits depuis le lancement de notre activit\u00e9 de fabrication.\",\"breadcrumb\":{\"@id\":\"https:\/\/bajamar-mamia.com\/fr\/exportation-internationale\/#breadcrumb\"},\"inLanguage\":\"fr-FR\",\"potentialAction\":[{\"@type\":\"ReadAction\",\"target\":[\"https:\/\/bajamar-mamia.com\/fr\/exportation-internationale\/\"]}]},{\"@type\":\"BreadcrumbList\",\"@id\":\"https:\/\/bajamar-mamia.com\/fr\/exportation-internationale\/#breadcrumb\",\"itemListElement\":[{\"@type\":\"ListItem\",\"position\":1,\"name\":\"Portada\",\"item\":\"https:\/\/bajamar-mamia.com\/fr\/\"},{\"@type\":\"ListItem\",\"position\":2,\"name\":\"EXPORTATION INTERNATIONALE\"}]},{\"@type\":\"WebSite\",\"@id\":\"https:\/\/bajamar-mamia.com\/fr\/#website\",\"url\":\"https:\/\/bajamar-mamia.com\/fr\/\",\"name\":\"Bajamar. Mam\u00eda\",\"description\":\"Conservas Bajamar\",\"publisher\":{\"@id\":\"https:\/\/bajamar-mamia.com\/fr\/#organization\"},\"potentialAction\":[{\"@type\":\"SearchAction\",\"target\":{\"@type\":\"EntryPoint\",\"urlTemplate\":\"https:\/\/bajamar-mamia.com\/fr\/?s={search_term_string}\"},\"query-input\":\"required name=search_term_string\"}],\"inLanguage\":\"fr-FR\"},{\"@type\":\"Organization\",\"@id\":\"https:\/\/bajamar-mamia.com\/fr\/#organization\",\"name\":\"Bajamar SA\",\"url\":\"https:\/\/bajamar-mamia.com\/fr\/\",\"logo\":{\"@type\":\"ImageObject\",\"inLanguage\":\"fr-FR\",\"@id\":\"https:\/\/bajamar-mamia.com\/fr\/#\/schema\/logo\/image\/\",\"url\":\"https:\/\/bajamar-mamia.com\/wp-content\/uploads\/logo-bajamar-mamia.png\",\"contentUrl\":\"https:\/\/bajamar-mamia.com\/wp-content\/uploads\/logo-bajamar-mamia.png\",\"width\":300,\"height\":54,\"caption\":\"Bajamar SA\"},\"image\":{\"@id\":\"https:\/\/bajamar-mamia.com\/fr\/#\/schema\/logo\/image\/\"},\"sameAs\":[\"https:\/\/www.facebook.com\/bajamar.mamia\/\"]}]}<\/script>\n<!-- \/ Yoast SEO Premium plugin. -->","yoast_head_json":{"title":"Exportons nos produits depuis le lancement de notre activit\u00e9 de fabrication.","description":"Exportation Internationale, Chez Bajamar, nous exportons nos produits depuis le lancement de notre activit\u00e9 de fabrication.","robots":{"index":"index","follow":"follow","max-snippet":"max-snippet:-1","max-image-preview":"max-image-preview:large","max-video-preview":"max-video-preview:-1"},"canonical":"https:\/\/bajamar-mamia.com\/fr\/exportation-internationale\/","og_locale":"fr_FR","og_type":"article","og_title":"EXPORTATION INTERNATIONALE","og_description":"Exportation Internationale, Chez Bajamar, nous exportons nos produits depuis le lancement de notre activit\u00e9 de fabrication.","og_url":"https:\/\/bajamar-mamia.com\/fr\/exportation-internationale\/","og_site_name":"Bajamar. Mam\u00eda","article_publisher":"https:\/\/www.facebook.com\/bajamar.mamia\/","article_modified_time":"2024-05-08T10:52:12+00:00","twitter_card":"summary_large_image","twitter_misc":{"Dur\u00e9e de lecture estim\u00e9e":"2 minutes"},"schema":{"@context":"https:\/\/schema.org","@graph":[{"@type":"WebPage","@id":"https:\/\/bajamar-mamia.com\/fr\/exportation-internationale\/","url":"https:\/\/bajamar-mamia.com\/fr\/exportation-internationale\/","name":"Exportons nos produits depuis le lancement de notre activit\u00e9 de fabrication.","isPartOf":{"@id":"https:\/\/bajamar-mamia.com\/fr\/#website"},"datePublished":"2019-05-27T16:30:41+00:00","dateModified":"2024-05-08T10:52:12+00:00","description":"Exportation Internationale, Chez Bajamar, nous exportons nos produits depuis le lancement de notre activit\u00e9 de fabrication.","breadcrumb":{"@id":"https:\/\/bajamar-mamia.com\/fr\/exportation-internationale\/#breadcrumb"},"inLanguage":"fr-FR","potentialAction":[{"@type":"ReadAction","target":["https:\/\/bajamar-mamia.com\/fr\/exportation-internationale\/"]}]},{"@type":"BreadcrumbList","@id":"https:\/\/bajamar-mamia.com\/fr\/exportation-internationale\/#breadcrumb","itemListElement":[{"@type":"ListItem","position":1,"name":"Portada","item":"https:\/\/bajamar-mamia.com\/fr\/"},{"@type":"ListItem","position":2,"name":"EXPORTATION INTERNATIONALE"}]},{"@type":"WebSite","@id":"https:\/\/bajamar-mamia.com\/fr\/#website","url":"https:\/\/bajamar-mamia.com\/fr\/","name":"Bajamar. Mam\u00eda","description":"Conservas Bajamar","publisher":{"@id":"https:\/\/bajamar-mamia.com\/fr\/#organization"},"potentialAction":[{"@type":"SearchAction","target":{"@type":"EntryPoint","urlTemplate":"https:\/\/bajamar-mamia.com\/fr\/?s={search_term_string}"},"query-input":"required name=search_term_string"}],"inLanguage":"fr-FR"},{"@type":"Organization","@id":"https:\/\/bajamar-mamia.com\/fr\/#organization","name":"Bajamar SA","url":"https:\/\/bajamar-mamia.com\/fr\/","logo":{"@type":"ImageObject","inLanguage":"fr-FR","@id":"https:\/\/bajamar-mamia.com\/fr\/#\/schema\/logo\/image\/","url":"https:\/\/bajamar-mamia.com\/wp-content\/uploads\/logo-bajamar-mamia.png","contentUrl":"https:\/\/bajamar-mamia.com\/wp-content\/uploads\/logo-bajamar-mamia.png","width":300,"height":54,"caption":"Bajamar SA"},"image":{"@id":"https:\/\/bajamar-mamia.com\/fr\/#\/schema\/logo\/image\/"},"sameAs":["https:\/\/www.facebook.com\/bajamar.mamia\/"]}]}},"_links":{"self":[{"href":"https:\/\/bajamar-mamia.com\/fr\/wp-json\/wp\/v2\/pages\/22231"}],"collection":[{"href":"https:\/\/bajamar-mamia.com\/fr\/wp-json\/wp\/v2\/pages"}],"about":[{"href":"https:\/\/bajamar-mamia.com\/fr\/wp-json\/wp\/v2\/types\/page"}],"author":[{"embeddable":true,"href":"https:\/\/bajamar-mamia.com\/fr\/wp-json\/wp\/v2\/users\/1"}],"replies":[{"embeddable":true,"href":"https:\/\/bajamar-mamia.com\/fr\/wp-json\/wp\/v2\/comments?post=22231"}],"version-history":[{"count":7,"href":"https:\/\/bajamar-mamia.com\/fr\/wp-json\/wp\/v2\/pages\/22231\/revisions"}],"predecessor-version":[{"id":25627,"href":"https:\/\/bajamar-mamia.com\/fr\/wp-json\/wp\/v2\/pages\/22231\/revisions\/25627"}],"wp:attachment":[{"href":"https:\/\/bajamar-mamia.com\/fr\/wp-json\/wp\/v2\/media?parent=22231"}],"curies":[{"name":"wp","href":"https:\/\/api.w.org\/{rel}","templated":true}]}}