{"id":22185,"date":"2019-04-15T09:05:36","date_gmt":"2019-04-15T09:05:36","guid":{"rendered":"https:\/\/bajamar-mamia.com\/nuestra-historia\/"},"modified":"2019-07-26T12:04:50","modified_gmt":"2019-07-26T12:04:50","slug":"notre-histoire","status":"publish","type":"page","link":"https:\/\/bajamar-mamia.com\/fr\/notre-histoire\/","title":{"rendered":"NOTRE HISTOIRE"},"content":{"rendered":"<div class=\"fusion-fullwidth fullwidth-box fusion-builder-row-1 nonhundred-percent-fullwidth non-hundred-percent-height-scrolling\" style=\"--awb-border-radius-top-left:0px;--awb-border-radius-top-right:0px;--awb-border-radius-bottom-right:0px;--awb-border-radius-bottom-left:0px;\" ><div class=\"fusion-builder-row fusion-row\"><div class=\"fusion-layout-column fusion_builder_column fusion-builder-column-0 fusion_builder_column_1_1 1_1 fusion-one-full fusion-column-first fusion-column-last\" style=\"--awb-bg-size:cover;\"><div class=\"fusion-column-wrapper fusion-column-has-shadow fusion-flex-column-wrapper-legacy\"><div class=\"fusion-title title fusion-title-1 fusion-sep-none fusion-title-text fusion-title-size-one\"><h1 class=\"title-heading-left fusion-responsive-typography-calculated\" style=\"margin:0;--fontSize:38;line-height:1.26;\">Notre Histoire<\/h1><\/div><div class=\"fusion-sep-clear\"><\/div><div class=\"fusion-separator fusion-clearfix\" style=\"float:left;margin-top:10px;margin-bottom:-10px;width:100%;max-width:10%;\"><div class=\"fusion-separator-border sep-single sep-solid\" style=\"--awb-height:20px;--awb-amount:20px;border-color:#54b948;border-top-width:8px;\"><\/div><\/div><div class=\"fusion-sep-clear\"><\/div><div class=\"fusion-clearfix\"><\/div><\/div><\/div><div class=\"fusion-layout-column fusion_builder_column fusion-builder-column-1 fusion_builder_column_1_2 1_2 fusion-one-half fusion-column-first\" style=\"--awb-bg-size:cover;width:50%;width:calc(50% - ( ( 4% ) * 0.5 ) );margin-right: 4%;\"><div class=\"fusion-column-wrapper fusion-column-has-shadow fusion-flex-column-wrapper-legacy\"><div class=\"fusion-text fusion-text-1\"><p><strong><span style=\"color: #178e2e;\">Bajamar<\/span> <\/strong>est fond\u00e9e en d\u00e9cembre 1966 et commence, d\u00e8s 1967, son activit\u00e9 productive en Navarre. Elle doit son nom au fait que, durant de nombreuses ann\u00e9es, celle-ci a exerc\u00e9 une importante activit\u00e9 de s\u00e9chage de la morue, produit tr\u00e8s populaire \u00e0 l\u2019\u00e9poque.<\/p>\n<p>Nous \u00e9laborons des conserves de haute qualit\u00e9. Des <strong>asperges de Navarre<\/strong> et des <strong>poivrons<\/strong> du Piquillo et \u00ab\u00a0morrones\u00a0\u00bb de la Vall\u00e9e de l\u2019\u00c8bre.<\/p>\n<\/div><div class=\"fusion-sep-clear\"><\/div><div class=\"fusion-separator fusion-clearfix\" style=\"float:left;margin-bottom:30px;width:100%;max-width:10%;\"><\/div><div class=\"fusion-sep-clear\"><\/div><div class=\"fusion-image-element in-legacy-container\" style=\"--awb-caption-title-font-family:var(--h2_typography-font-family);--awb-caption-title-font-weight:var(--h2_typography-font-weight);--awb-caption-title-font-style:var(--h2_typography-font-style);--awb-caption-title-size:var(--h2_typography-font-size);--awb-caption-title-transform:var(--h2_typography-text-transform);--awb-caption-title-line-height:var(--h2_typography-line-height);--awb-caption-title-letter-spacing:var(--h2_typography-letter-spacing);\"><span class=\" fusion-imageframe imageframe-none imageframe-1 hover-type-none\" class=\"image-magnify\" class=\"image-scroll\"><img decoding=\"async\" width=\"560\" height=\"369\" alt=\"Don Rafael Arnal Montes e hijo, Don Rafael Arnal Castillo\" title=\"bajamar-mamia-historia-04\" src=\"http:\/\/bajamar-mamia.com\/wp-content\/uploads\/bajamar-mamia-historia-04.jpg\" class=\"img-responsive wp-image-22940\" srcset=\"https:\/\/bajamar-mamia.com\/wp-content\/uploads\/bajamar-mamia-historia-04-200x132.jpg 200w, https:\/\/bajamar-mamia.com\/wp-content\/uploads\/bajamar-mamia-historia-04-400x264.jpg 400w, https:\/\/bajamar-mamia.com\/wp-content\/uploads\/bajamar-mamia-historia-04.jpg 560w\" sizes=\"(max-width: 800px) 100vw, 560px\" \/><\/span><\/div><div class=\"fusion-sep-clear\"><\/div><div class=\"fusion-separator fusion-clearfix\" style=\"float:left;margin-bottom:30px;width:100%;max-width:10%;\"><\/div><div class=\"fusion-sep-clear\"><\/div><div class=\"fusion-text fusion-text-2\"><h6><strong><em>Don Rafael Arnal Montes et son fils, Don Rafael Arnal Castillo, en 1967, prenant les mesures du terrain pour la construction de la premi\u00e8re usine.<\/em><\/strong><\/h6>\n<\/div><div class=\"fusion-clearfix\"><\/div><\/div><\/div><div class=\"fusion-layout-column fusion_builder_column fusion-builder-column-2 fusion_builder_column_1_2 1_2 fusion-one-half fusion-column-last\" style=\"--awb-bg-size:cover;width:50%;width:calc(50% - ( ( 4% ) * 0.5 ) );\"><div class=\"fusion-column-wrapper fusion-column-has-shadow fusion-flex-column-wrapper-legacy\"><div class=\"fusion-text fusion-text-3\"><p>La plus grande partie de notre production d\u2019Asperge de Navarre provient de domaines propres qui, gr\u00e2ce \u00e0 des dispositifs de plantation sp\u00e9cialement con\u00e7us et un contr\u00f4le de terrain rigoureux, nous donnent une <strong>asperge IGP Navarre<\/strong> de la meilleure qualit\u00e9.<\/p>\n<p>Les <strong>poivrons<\/strong> proviennent de cultures sp\u00e9cialement r\u00e9alis\u00e9es pour <span style=\"color: #178e2e;\"><strong>Bajamar<\/strong><\/span>, dans la zone de la Vall\u00e9e de l\u2019\u00c8bre, et sont transform\u00e9s selon des techniques traditionnelles, grill\u00e9s au feu de bois et mis en conserves manuellement.<\/p>\n<p>Les grandes propri\u00e9t\u00e9s organoleptiques des <strong>poivrons<\/strong> sont, de cette mani\u00e8re, rehauss\u00e9es. Le poivron morr\u00f3n\u00a0 de la vari\u00e9t\u00e9 \u00ab\u00a0Luesia\u00a0\u00bb est l\u2019une de nos sp\u00e9cialit\u00e9s. Il s\u2019agit d\u2019un poivron \u00e0 la chair ferme, de couleur rouge vif, au go\u00fbt doux et intense et au grand ar\u00f4me. Sa vari\u00e9t\u00e9, sa culture effectu\u00e9e sur des terres riches en pleine campagne, durant la saison du poivron, ainsi que sa cuisson sur le feu, lui conf\u00e8rent un caract\u00e8re unique.<\/p>\n<p>En 1992, nous avons lanc\u00e9 la marque <span style=\"font-family: 'Arial','sans-serif'; color: #313131;\"><span style=\"color: #178e2e;\"><strong>Mam\u00eda<\/strong><\/span><\/span>, dans le but de proposer de nouvelles solutions \u00e0 un march\u00e9 en pleine transformation, comme cons\u00e9quence des nouvelles habitudes de vie et des tendances d\u00e9mographiques.<\/p>\n<\/div><div class=\"fusion-sep-clear\"><\/div><div class=\"fusion-separator fusion-full-width-sep\" style=\"margin-left: auto;margin-right: auto;margin-bottom:10px;width:100%;\"><\/div><div class=\"fusion-sep-clear\"><\/div><div class=\"fusion-image-carousel fusion-image-carousel-auto fusion-image-carousel-1\"><div class=\"awb-carousel awb-swiper awb-swiper-carousel\" data-autoplay=\"yes\" data-columns=\"1\" data-itemmargin=\"0\" data-itemwidth=\"180\" data-touchscroll=\"no\" data-imagesize=\"auto\" style=\"--awb-columns:1;--awb-column-spacing:0px;\"><div class=\"swiper-wrapper awb-image-carousel-wrapper fusion-flex-align-items-center\"><div class=\"swiper-slide\"><div class=\"fusion-carousel-item-wrapper\"><div class=\"fusion-image-wrapper hover-type-zoomin\"><img width=\"640\" height=\"292\" src=\"https:\/\/bajamar-mamia.com\/wp-content\/uploads\/bajamar-mamia-historia-01.jpg\" class=\"attachment-full size-full\" alt=\"Bajamar Mam\u00eda Historia 01\" decoding=\"async\" srcset=\"https:\/\/bajamar-mamia.com\/wp-content\/uploads\/bajamar-mamia-historia-01-200x91.jpg 200w, https:\/\/bajamar-mamia.com\/wp-content\/uploads\/bajamar-mamia-historia-01-300x137.jpg 300w, https:\/\/bajamar-mamia.com\/wp-content\/uploads\/bajamar-mamia-historia-01-400x183.jpg 400w, https:\/\/bajamar-mamia.com\/wp-content\/uploads\/bajamar-mamia-historia-01-500x228.jpg 500w, https:\/\/bajamar-mamia.com\/wp-content\/uploads\/bajamar-mamia-historia-01-600x274.jpg 600w, https:\/\/bajamar-mamia.com\/wp-content\/uploads\/bajamar-mamia-historia-01.jpg 640w\" sizes=\"(max-width: 640px) 100vw, 640px\" \/><\/div><\/div><\/div><div class=\"swiper-slide\"><div class=\"fusion-carousel-item-wrapper\"><div class=\"fusion-image-wrapper hover-type-zoomin\"><img width=\"640\" height=\"292\" src=\"https:\/\/bajamar-mamia.com\/wp-content\/uploads\/bajamar-mamia-historia-02.jpg\" class=\"attachment-full size-full\" alt=\"Bajamar Mam\u00eda Historia 02\" decoding=\"async\" srcset=\"https:\/\/bajamar-mamia.com\/wp-content\/uploads\/bajamar-mamia-historia-02-200x91.jpg 200w, https:\/\/bajamar-mamia.com\/wp-content\/uploads\/bajamar-mamia-historia-02-300x137.jpg 300w, https:\/\/bajamar-mamia.com\/wp-content\/uploads\/bajamar-mamia-historia-02-400x183.jpg 400w, https:\/\/bajamar-mamia.com\/wp-content\/uploads\/bajamar-mamia-historia-02-500x228.jpg 500w, https:\/\/bajamar-mamia.com\/wp-content\/uploads\/bajamar-mamia-historia-02-600x274.jpg 600w, https:\/\/bajamar-mamia.com\/wp-content\/uploads\/bajamar-mamia-historia-02.jpg 640w\" sizes=\"(max-width: 640px) 100vw, 640px\" \/><\/div><\/div><\/div><div class=\"swiper-slide\"><div class=\"fusion-carousel-item-wrapper\"><div class=\"fusion-image-wrapper hover-type-zoomin\"><img width=\"640\" height=\"292\" src=\"https:\/\/bajamar-mamia.com\/wp-content\/uploads\/bajamar-mamia-historia-03.jpg\" class=\"attachment-full size-full\" alt=\"Bajamar Mam\u00eda Historia 03\" decoding=\"async\" srcset=\"https:\/\/bajamar-mamia.com\/wp-content\/uploads\/bajamar-mamia-historia-03-200x91.jpg 200w, https:\/\/bajamar-mamia.com\/wp-content\/uploads\/bajamar-mamia-historia-03-300x137.jpg 300w, https:\/\/bajamar-mamia.com\/wp-content\/uploads\/bajamar-mamia-historia-03-400x183.jpg 400w, https:\/\/bajamar-mamia.com\/wp-content\/uploads\/bajamar-mamia-historia-03-500x228.jpg 500w, https:\/\/bajamar-mamia.com\/wp-content\/uploads\/bajamar-mamia-historia-03-600x274.jpg 600w, https:\/\/bajamar-mamia.com\/wp-content\/uploads\/bajamar-mamia-historia-03.jpg 640w\" sizes=\"(max-width: 640px) 100vw, 640px\" \/><\/div><\/div><\/div><\/div><div class=\"awb-swiper-button awb-swiper-button-prev\"><i class=\"awb-icon-angle-left\" aria-hidden=\"true\"><\/i><\/div><div class=\"awb-swiper-button awb-swiper-button-next\"><i class=\"awb-icon-angle-right\" aria-hidden=\"true\"><\/i><\/div><\/div><\/div><div class=\"fusion-clearfix\"><\/div><\/div><\/div><div class=\"fusion-layout-column fusion_builder_column fusion-builder-column-3 fusion_builder_column_1_4 1_4 fusion-one-fourth fusion-column-first\" style=\"--awb-padding-top:10%;--awb-padding-right:5%;--awb-padding-bottom:5%;--awb-padding-left:5%;--awb-overflow:hidden;--awb-bg-color:#eaeaea;--awb-bg-size:cover;--awb-border-radius:20px 20px 20px 20px;--awb-margin-top:0px;width:25%;width:calc(25% - ( ( 1% ) * 0.25 ) );margin-right: 1%;\"><div class=\"fusion-column-wrapper fusion-column-has-shadow fusion-flex-column-wrapper-legacy\"><div class=\"fusion-column-content-centered\"><div class=\"fusion-column-content\"><div class=\"fusion-text fusion-text-4\"><p style=\"text-align: center;\">Aussi bien nos conserves que nos plats sont fid\u00e8les \u00e0 notre mission comme entreprise:<\/p>\n<\/div><\/div><\/div><div class=\"fusion-clearfix\"><\/div><\/div><\/div><div class=\"fusion-layout-column fusion_builder_column fusion-builder-column-4 fusion_builder_column_3_4 3_4 fusion-three-fourth fusion-column-last\" style=\"--awb-padding-top:10px;--awb-bg-size:cover;--awb-margin-top:0px;width:75%;width:calc(75% - ( ( 1% ) * 0.75 ) );\"><div class=\"fusion-column-wrapper fusion-column-has-shadow fusion-flex-column-wrapper-legacy\"><div class=\"fusion-title title fusion-title-2 fusion-sep-none fusion-title-center fusion-title-text fusion-title-size-one\"><h1 class=\"title-heading-center fusion-responsive-typography-calculated\" style=\"margin:0;--fontSize:38;line-height:1.26;\"><h2 style=\"text-align: center;\"><span style=\"color: #54b948;\"><em>\u00ab Notre objectif est de faciliter l\u2019alimentation \u00e9quilibr\u00e9e de la population, en nous basant sur la cuisine traditionnelle navarraise et espagnole, comme partie int\u00e9grante de la di\u00e8te m\u00e9diterran\u00e9enne. \u00bb<\/em><\/span><\/h2><\/h1><\/div><div class=\"fusion-clearfix\"><\/div><\/div><\/div><div class=\"fusion-layout-column fusion_builder_column fusion-builder-column-5 fusion_builder_column_1_1 1_1 fusion-one-full fusion-column-first fusion-column-last\" style=\"--awb-bg-size:cover;--awb-margin-top:0px;\"><div class=\"fusion-column-wrapper fusion-column-has-shadow fusion-flex-column-wrapper-legacy\"><div class=\"fusion-sep-clear\"><\/div><div class=\"fusion-separator fusion-full-width-sep\" style=\"margin-left: auto;margin-right: auto;margin-bottom:20px;width:100%;\"><\/div><div class=\"fusion-sep-clear\"><\/div><div class=\"fusion-clearfix\"><\/div><\/div><\/div><div class=\"fusion-layout-column fusion_builder_column fusion-builder-column-6 fusion_builder_column_1_2 1_2 fusion-one-half fusion-column-first\" style=\"--awb-bg-size:cover;width:50%;width:calc(50% - ( ( 4% ) * 0.5 ) );margin-right: 4%;\"><div class=\"fusion-column-wrapper fusion-column-has-shadow fusion-flex-column-wrapper-legacy\"><div class=\"fusion-text fusion-text-5\"><p>Ingr\u00e9dients s\u00e9lectionn\u00e9s avec soin, \u00e9labor\u00e9s de fa\u00e7on traditionnelle, une technologie garantissant une conservation et une s\u00e9curit\u00e9 alimentaire optimales, et facilitant une alimentation \u00e9quilibr\u00e9e qui pr\u00e9serve toutes les saveurs de la cuisine m\u00e9diterran\u00e9enne.<\/p>\n<p>C\u2019est avec cette philosophie que nous avons lanc\u00e9, en 2018, la ligne <span style=\"color: #178e2e;\"><strong>Bajamar Bio<\/strong><\/span>, conserves et plats pr\u00e9par\u00e9s bio, une tendance en plein essor.<\/p>\n<\/div><div class=\"fusion-image-element in-legacy-container\" style=\"--awb-caption-title-font-family:var(--h2_typography-font-family);--awb-caption-title-font-weight:var(--h2_typography-font-weight);--awb-caption-title-font-style:var(--h2_typography-font-style);--awb-caption-title-size:var(--h2_typography-font-size);--awb-caption-title-transform:var(--h2_typography-text-transform);--awb-caption-title-line-height:var(--h2_typography-line-height);--awb-caption-title-letter-spacing:var(--h2_typography-letter-spacing);\"><span class=\" fusion-imageframe imageframe-none imageframe-2 hover-type-none\" class=\"image-magnify\" class=\"image-scroll\"><img decoding=\"async\" width=\"560\" height=\"369\" alt=\"Bajamar Mam\u00eda Campo Verde\" src=\"http:\/\/bajamar-mamia.com\/wp-content\/uploads\/bajamar-mamia-historia-finca-verde.jpg\" class=\"img-responsive wp-image-22944\" srcset=\"https:\/\/bajamar-mamia.com\/wp-content\/uploads\/bajamar-mamia-historia-finca-verde-200x132.jpg 200w, https:\/\/bajamar-mamia.com\/wp-content\/uploads\/bajamar-mamia-historia-finca-verde-400x264.jpg 400w, https:\/\/bajamar-mamia.com\/wp-content\/uploads\/bajamar-mamia-historia-finca-verde.jpg 560w\" sizes=\"(max-width: 800px) 100vw, 560px\" \/><\/span><\/div><div class=\"fusion-clearfix\"><\/div><\/div><\/div><div class=\"fusion-layout-column fusion_builder_column fusion-builder-column-7 fusion_builder_column_1_2 1_2 fusion-one-half fusion-column-last\" style=\"--awb-bg-size:cover;width:50%;width:calc(50% - ( ( 4% ) * 0.5 ) );\"><div class=\"fusion-column-wrapper fusion-column-has-shadow fusion-flex-column-wrapper-legacy\"><div class=\"fusion-text fusion-text-6\"><p>Gr\u00e2ce \u00e0 la tradition de notre histoire, \u00e0 la riche plaine mara\u00eech\u00e8re de notre terre mais aussi gr\u00e2ce \u00e0 une recherche constante, chez <span style=\"color: #178e2e;\"><strong>Bajamar<\/strong><\/span> nous continuerons de d\u00e9velopper des produits \u00e9quilibr\u00e9s, savoureux et naturels.<\/p>\n<p>Une nouvelle Di\u00e8te <strong>M\u00e9dit\u00e9rran\u00e9enne<\/strong> pour un nouveau consommateur, de plus en plus conscient de l\u2019importance d\u2019une <strong>alimentation \u00e9quilibr\u00e9e<\/strong>.<\/p>\n<\/div><div class=\"fusion-sep-clear\"><\/div><div class=\"fusion-separator fusion-full-width-sep\" style=\"margin-left: auto;margin-right: auto;margin-bottom:17px;width:100%;\"><\/div><div class=\"fusion-sep-clear\"><\/div><div class=\"fusion-image-element in-legacy-container\" style=\"--awb-caption-title-font-family:var(--h2_typography-font-family);--awb-caption-title-font-weight:var(--h2_typography-font-weight);--awb-caption-title-font-style:var(--h2_typography-font-style);--awb-caption-title-size:var(--h2_typography-font-size);--awb-caption-title-transform:var(--h2_typography-text-transform);--awb-caption-title-line-height:var(--h2_typography-line-height);--awb-caption-title-letter-spacing:var(--h2_typography-letter-spacing);\"><span class=\" fusion-imageframe imageframe-none imageframe-3 hover-type-none\" class=\"image-magnify\" class=\"image-scroll\"><img decoding=\"async\" width=\"560\" height=\"369\" alt=\"Bajamar Mam\u00eda Vista aerea\" src=\"http:\/\/bajamar-mamia.com\/wp-content\/uploads\/bajamar-mamia-historia-05.jpg\" class=\"img-responsive wp-image-22942\" srcset=\"https:\/\/bajamar-mamia.com\/wp-content\/uploads\/bajamar-mamia-historia-05-200x132.jpg 200w, https:\/\/bajamar-mamia.com\/wp-content\/uploads\/bajamar-mamia-historia-05-400x264.jpg 400w, https:\/\/bajamar-mamia.com\/wp-content\/uploads\/bajamar-mamia-historia-05.jpg 560w\" sizes=\"(max-width: 800px) 100vw, 560px\" \/><\/span><\/div><div class=\"fusion-clearfix\"><\/div><\/div><\/div><\/div><\/div>\n","protected":false},"excerpt":{"rendered":"","protected":false},"author":1,"featured_media":0,"parent":0,"menu_order":1,"comment_status":"closed","ping_status":"closed","template":"","meta":[],"yoast_head":"<!-- This site is optimized with the Yoast SEO Premium plugin v20.6 (Yoast SEO v20.8) - https:\/\/yoast.com\/wordpress\/plugins\/seo\/ -->\n<title>Notre Histoire. Bajamar est fond\u00e9e en d\u00e9cembre 1966.<\/title>\n<meta name=\"description\" content=\"Bajamar est fond\u00e9e en d\u00e9cembre 1966 et commence, d\u00e8s 1967, son activit\u00e9 productive en Navarre. Elle doit son nom au fait que, durant de nombreuses ann\u00e9es,\" \/>\n<meta name=\"robots\" content=\"index, follow, max-snippet:-1, max-image-preview:large, max-video-preview:-1\" \/>\n<link rel=\"canonical\" href=\"https:\/\/bajamar-mamia.com\/fr\/notre-histoire\/\" \/>\n<meta property=\"og:locale\" content=\"fr_FR\" \/>\n<meta property=\"og:type\" content=\"article\" \/>\n<meta property=\"og:title\" content=\"NOTRE HISTOIRE\" \/>\n<meta property=\"og:description\" content=\"Bajamar est fond\u00e9e en d\u00e9cembre 1966 et commence, d\u00e8s 1967, son activit\u00e9 productive en Navarre. Elle doit son nom au fait que, durant de nombreuses ann\u00e9es,\" \/>\n<meta property=\"og:url\" content=\"https:\/\/bajamar-mamia.com\/fr\/notre-histoire\/\" \/>\n<meta property=\"og:site_name\" content=\"Bajamar. Mam\u00eda\" \/>\n<meta property=\"article:publisher\" content=\"https:\/\/www.facebook.com\/bajamar.mamia\/\" \/>\n<meta property=\"article:modified_time\" content=\"2019-07-26T12:04:50+00:00\" \/>\n<meta name=\"twitter:card\" content=\"summary_large_image\" \/>\n<meta name=\"twitter:label1\" content=\"Dur\u00e9e de lecture estim\u00e9e\" \/>\n\t<meta name=\"twitter:data1\" content=\"10 minutes\" \/>\n<script type=\"application\/ld+json\" class=\"yoast-schema-graph\">{\"@context\":\"https:\/\/schema.org\",\"@graph\":[{\"@type\":\"WebPage\",\"@id\":\"https:\/\/bajamar-mamia.com\/fr\/notre-histoire\/\",\"url\":\"https:\/\/bajamar-mamia.com\/fr\/notre-histoire\/\",\"name\":\"Notre Histoire. Bajamar est fond\u00e9e en d\u00e9cembre 1966.\",\"isPartOf\":{\"@id\":\"https:\/\/bajamar-mamia.com\/fr\/#website\"},\"datePublished\":\"2019-04-15T09:05:36+00:00\",\"dateModified\":\"2019-07-26T12:04:50+00:00\",\"description\":\"Bajamar est fond\u00e9e en d\u00e9cembre 1966 et commence, d\u00e8s 1967, son activit\u00e9 productive en Navarre. Elle doit son nom au fait que, durant de nombreuses ann\u00e9es,\",\"breadcrumb\":{\"@id\":\"https:\/\/bajamar-mamia.com\/fr\/notre-histoire\/#breadcrumb\"},\"inLanguage\":\"fr-FR\",\"potentialAction\":[{\"@type\":\"ReadAction\",\"target\":[\"https:\/\/bajamar-mamia.com\/fr\/notre-histoire\/\"]}]},{\"@type\":\"BreadcrumbList\",\"@id\":\"https:\/\/bajamar-mamia.com\/fr\/notre-histoire\/#breadcrumb\",\"itemListElement\":[{\"@type\":\"ListItem\",\"position\":1,\"name\":\"Portada\",\"item\":\"https:\/\/bajamar-mamia.com\/fr\/\"},{\"@type\":\"ListItem\",\"position\":2,\"name\":\"NOTRE HISTOIRE\"}]},{\"@type\":\"WebSite\",\"@id\":\"https:\/\/bajamar-mamia.com\/fr\/#website\",\"url\":\"https:\/\/bajamar-mamia.com\/fr\/\",\"name\":\"Bajamar. Mam\u00eda\",\"description\":\"Conservas Bajamar\",\"publisher\":{\"@id\":\"https:\/\/bajamar-mamia.com\/fr\/#organization\"},\"potentialAction\":[{\"@type\":\"SearchAction\",\"target\":{\"@type\":\"EntryPoint\",\"urlTemplate\":\"https:\/\/bajamar-mamia.com\/fr\/?s={search_term_string}\"},\"query-input\":\"required name=search_term_string\"}],\"inLanguage\":\"fr-FR\"},{\"@type\":\"Organization\",\"@id\":\"https:\/\/bajamar-mamia.com\/fr\/#organization\",\"name\":\"Bajamar SA\",\"url\":\"https:\/\/bajamar-mamia.com\/fr\/\",\"logo\":{\"@type\":\"ImageObject\",\"inLanguage\":\"fr-FR\",\"@id\":\"https:\/\/bajamar-mamia.com\/fr\/#\/schema\/logo\/image\/\",\"url\":\"https:\/\/bajamar-mamia.com\/wp-content\/uploads\/logo-bajamar-mamia.png\",\"contentUrl\":\"https:\/\/bajamar-mamia.com\/wp-content\/uploads\/logo-bajamar-mamia.png\",\"width\":300,\"height\":54,\"caption\":\"Bajamar SA\"},\"image\":{\"@id\":\"https:\/\/bajamar-mamia.com\/fr\/#\/schema\/logo\/image\/\"},\"sameAs\":[\"https:\/\/www.facebook.com\/bajamar.mamia\/\"]}]}<\/script>\n<!-- \/ Yoast SEO Premium plugin. -->","yoast_head_json":{"title":"Notre Histoire. Bajamar est fond\u00e9e en d\u00e9cembre 1966.","description":"Bajamar est fond\u00e9e en d\u00e9cembre 1966 et commence, d\u00e8s 1967, son activit\u00e9 productive en Navarre. Elle doit son nom au fait que, durant de nombreuses ann\u00e9es,","robots":{"index":"index","follow":"follow","max-snippet":"max-snippet:-1","max-image-preview":"max-image-preview:large","max-video-preview":"max-video-preview:-1"},"canonical":"https:\/\/bajamar-mamia.com\/fr\/notre-histoire\/","og_locale":"fr_FR","og_type":"article","og_title":"NOTRE HISTOIRE","og_description":"Bajamar est fond\u00e9e en d\u00e9cembre 1966 et commence, d\u00e8s 1967, son activit\u00e9 productive en Navarre. Elle doit son nom au fait que, durant de nombreuses ann\u00e9es,","og_url":"https:\/\/bajamar-mamia.com\/fr\/notre-histoire\/","og_site_name":"Bajamar. Mam\u00eda","article_publisher":"https:\/\/www.facebook.com\/bajamar.mamia\/","article_modified_time":"2019-07-26T12:04:50+00:00","twitter_card":"summary_large_image","twitter_misc":{"Dur\u00e9e de lecture estim\u00e9e":"10 minutes"},"schema":{"@context":"https:\/\/schema.org","@graph":[{"@type":"WebPage","@id":"https:\/\/bajamar-mamia.com\/fr\/notre-histoire\/","url":"https:\/\/bajamar-mamia.com\/fr\/notre-histoire\/","name":"Notre Histoire. Bajamar est fond\u00e9e en d\u00e9cembre 1966.","isPartOf":{"@id":"https:\/\/bajamar-mamia.com\/fr\/#website"},"datePublished":"2019-04-15T09:05:36+00:00","dateModified":"2019-07-26T12:04:50+00:00","description":"Bajamar est fond\u00e9e en d\u00e9cembre 1966 et commence, d\u00e8s 1967, son activit\u00e9 productive en Navarre. Elle doit son nom au fait que, durant de nombreuses ann\u00e9es,","breadcrumb":{"@id":"https:\/\/bajamar-mamia.com\/fr\/notre-histoire\/#breadcrumb"},"inLanguage":"fr-FR","potentialAction":[{"@type":"ReadAction","target":["https:\/\/bajamar-mamia.com\/fr\/notre-histoire\/"]}]},{"@type":"BreadcrumbList","@id":"https:\/\/bajamar-mamia.com\/fr\/notre-histoire\/#breadcrumb","itemListElement":[{"@type":"ListItem","position":1,"name":"Portada","item":"https:\/\/bajamar-mamia.com\/fr\/"},{"@type":"ListItem","position":2,"name":"NOTRE HISTOIRE"}]},{"@type":"WebSite","@id":"https:\/\/bajamar-mamia.com\/fr\/#website","url":"https:\/\/bajamar-mamia.com\/fr\/","name":"Bajamar. Mam\u00eda","description":"Conservas Bajamar","publisher":{"@id":"https:\/\/bajamar-mamia.com\/fr\/#organization"},"potentialAction":[{"@type":"SearchAction","target":{"@type":"EntryPoint","urlTemplate":"https:\/\/bajamar-mamia.com\/fr\/?s={search_term_string}"},"query-input":"required name=search_term_string"}],"inLanguage":"fr-FR"},{"@type":"Organization","@id":"https:\/\/bajamar-mamia.com\/fr\/#organization","name":"Bajamar SA","url":"https:\/\/bajamar-mamia.com\/fr\/","logo":{"@type":"ImageObject","inLanguage":"fr-FR","@id":"https:\/\/bajamar-mamia.com\/fr\/#\/schema\/logo\/image\/","url":"https:\/\/bajamar-mamia.com\/wp-content\/uploads\/logo-bajamar-mamia.png","contentUrl":"https:\/\/bajamar-mamia.com\/wp-content\/uploads\/logo-bajamar-mamia.png","width":300,"height":54,"caption":"Bajamar SA"},"image":{"@id":"https:\/\/bajamar-mamia.com\/fr\/#\/schema\/logo\/image\/"},"sameAs":["https:\/\/www.facebook.com\/bajamar.mamia\/"]}]}},"_links":{"self":[{"href":"https:\/\/bajamar-mamia.com\/fr\/wp-json\/wp\/v2\/pages\/22185"}],"collection":[{"href":"https:\/\/bajamar-mamia.com\/fr\/wp-json\/wp\/v2\/pages"}],"about":[{"href":"https:\/\/bajamar-mamia.com\/fr\/wp-json\/wp\/v2\/types\/page"}],"author":[{"embeddable":true,"href":"https:\/\/bajamar-mamia.com\/fr\/wp-json\/wp\/v2\/users\/1"}],"replies":[{"embeddable":true,"href":"https:\/\/bajamar-mamia.com\/fr\/wp-json\/wp\/v2\/comments?post=22185"}],"version-history":[{"count":14,"href":"https:\/\/bajamar-mamia.com\/fr\/wp-json\/wp\/v2\/pages\/22185\/revisions"}],"predecessor-version":[{"id":22887,"href":"https:\/\/bajamar-mamia.com\/fr\/wp-json\/wp\/v2\/pages\/22185\/revisions\/22887"}],"wp:attachment":[{"href":"https:\/\/bajamar-mamia.com\/fr\/wp-json\/wp\/v2\/media?parent=22185"}],"curies":[{"name":"wp","href":"https:\/\/api.w.org\/{rel}","templated":true}]}}